{"id":6475,"date":"2025-06-28T17:54:05","date_gmt":"2025-06-28T15:54:05","guid":{"rendered":"https:\/\/uj.adatbank.ro\/lexikon\/termek\/damo-laszlo-lisznyai-es-feldobolyi\/"},"modified":"2025-06-28T17:54:05","modified_gmt":"2025-06-28T15:54:05","slug":"damo-laszlo-lisznyai-es-feldobolyi","status":"publish","type":"product","link":"https:\/\/uj.adatbank.ro\/lexikon\/termek\/damo-laszlo-lisznyai-es-feldobolyi\/","title":{"rendered":"DAM\u00d3 L\u00e1szl\u00f3, lisznyai \u00e9s feldobolyi"},"content":{"rendered":"<p>Balav\u00e1s\u00e1r, 1926. okt. 23., \u2020 Bp., 1995. szept. 18., honv\u00e9dt\u00e1bornok, hadtud\u00f3s, \u00fajs\u00e1g\u00edr\u00f3. \u2013 A soproni hadapr\u00f3diskol\u00e1ban tanult (1943\u201345), amerikai fogs\u00e1gba esett (1945), a Tartal\u00e9kos Tiszti Iskola. hadt\u00e1p szak\u00e1n v\u00e9gzett (1950), a bp.-i Ped. F\u0151isk. -\u00e1n matematika szakos \u00e1lt. isk.-i tan\u00e1ri okl. -t szerzett (1956), a Zr\u00ednyi Mikl\u00f3s Katonai Akad. -\u00e1n (1959), a moszkvai Vez\u00e9rkari Akad. -\u00e1n v\u00e9gzett \u00e9s doktor\u00e1lt (1964), a hadtudom\u00e1nyok kandid\u00e1tusa (1972), doktora (1983). Bp.-en textilsz\u00f6v\u0151 munk\u00e1s (1945\u201349), a Sz\u00f6vetkezetek Orsz. Sz\u00f6vets\u00e9ge sajt\u00f3oszt. -nak f\u0151munkat\u00e1rsa (1949\u201351), a M. N\u00e9phadsereg (MN) hivat\u00e1sos tisztjek\u00e9nt k\u00fcl\u00f6nb\u00f6z\u0151 beoszt\u00e1sokban szolg\u00e1lt (1951\u201357), a Zr\u00ednyi Mikl\u00f3s Katonai Akad. Hadt\u00e1ptansz\u00e9k el\u0151ad\u00f3ja, tansz\u00e9kvezet\u0151je (1957\u201362), az \u00f6t\u00f6dik hadsereg parancsnoka (1962\u201367); alezredesi (1962\u201366), ezredesi rendfokozatban (1966\u201367) az MN hadt\u00e1pf\u0151n\u00f6k\u00e9nek els\u0151 helyettese (1967\u201375); vez\u00e9r\u0151rnagyi rendfokozatban (1974. \u00e1pr. 4\u2013) vez\u00e9rkari f\u0151n\u00f6khelyettese (1975\u201385), nyugd\u00edjazt\u00e1k (1985). A MTA Tudom\u00e1nypolitikai Bizotts\u00e1g\u00e1nak tagja (1975\u201385), az Interdiszciplin\u00e1lis Biz. Tagja (1978\u201383). A Hadt\u00e1pbiztos\u00edt\u00e1s (1968\u20131975), a Honv\u00e9delem c. foly\u00f3iratok szerkeszt\u0151biz. -nak eln\u00f6ke (1975\u201385). \u2013 <strong>F. m.:<\/strong> <strong>szerk.:<\/strong> Katonai Lexikon (Bp., 1980). <br \/><strong>Irod.:<\/strong> R\u00daL<\/br><\/p>\n","protected":false},"excerpt":{"rendered":"<p>Balav\u00e1s\u00e1r, 1926. okt. 23., \u2020 Bp., 1995. szept. 18., honv\u00e9dt\u00e1bornok, hadtud\u00f3s, \u00fajs\u00e1g\u00edr\u00f3. \u2013 A soproni hadapr\u00f3diskol\u00e1ban tanult (1943\u201345), amerikai fogs\u00e1gba esett (1945), a Tartal\u00e9kos Tiszti Iskola. hadt\u00e1p szak\u00e1n v\u00e9gzett (1950), a bp.-i Ped. F\u0151isk. -\u00e1n matematika szakos \u00e1lt. isk.-i tan\u00e1ri okl. -t szerzett (1956), a Zr\u00ednyi Mikl\u00f3s Katonai Akad. -\u00e1n (1959), a moszkvai Vez\u00e9rkari Akad. [&hellip;]<\/p>\n","protected":false},"featured_media":0,"comment_status":"open","ping_status":"closed","template":"","meta":[],"product_brand":[],"product_cat":[137],"product_tag":[],"class_list":{"0":"post-6475","1":"product","2":"type-product","3":"status-publish","5":"product_cat-maros-megyei-eletrajzi-lexikon","7":"first","8":"instock","9":"shipping-taxable","10":"product-type-simple"},"_links":{"self":[{"href":"https:\/\/uj.adatbank.ro\/lexikon\/wp-json\/wp\/v2\/product\/6475","targetHints":{"allow":["GET"]}}],"collection":[{"href":"https:\/\/uj.adatbank.ro\/lexikon\/wp-json\/wp\/v2\/product"}],"about":[{"href":"https:\/\/uj.adatbank.ro\/lexikon\/wp-json\/wp\/v2\/types\/product"}],"replies":[{"embeddable":true,"href":"https:\/\/uj.adatbank.ro\/lexikon\/wp-json\/wp\/v2\/comments?post=6475"}],"wp:attachment":[{"href":"https:\/\/uj.adatbank.ro\/lexikon\/wp-json\/wp\/v2\/media?parent=6475"}],"wp:term":[{"taxonomy":"product_brand","embeddable":true,"href":"https:\/\/uj.adatbank.ro\/lexikon\/wp-json\/wp\/v2\/product_brand?post=6475"},{"taxonomy":"product_cat","embeddable":true,"href":"https:\/\/uj.adatbank.ro\/lexikon\/wp-json\/wp\/v2\/product_cat?post=6475"},{"taxonomy":"product_tag","embeddable":true,"href":"https:\/\/uj.adatbank.ro\/lexikon\/wp-json\/wp\/v2\/product_tag?post=6475"}],"curies":[{"name":"wp","href":"https:\/\/api.w.org\/{rel}","templated":true}]}}