{"id":6476,"date":"2025-06-28T17:54:06","date_gmt":"2025-06-28T15:54:06","guid":{"rendered":"https:\/\/uj.adatbank.ro\/lexikon\/termek\/damo-mihaly\/"},"modified":"2025-06-28T17:54:06","modified_gmt":"2025-06-28T15:54:06","slug":"damo-mihaly","status":"publish","type":"product","link":"https:\/\/uj.adatbank.ro\/lexikon\/termek\/damo-mihaly\/","title":{"rendered":"DAM\u00d3 Mih\u00e1ly"},"content":{"rendered":"<p>Ny\u00e1r\u00e1dg\u00e1lfalva, 1915., \u2020 Kos\u00f3w, 1944. j\u00fan. 27.: honv\u00e9d. \u2013 Anyja Faluv\u00e9gi R\u00f3za. \u2013 A 27\/III. z\u00e1szl\u00f3alj neh\u00e9zfegyversz\u00e1zadban tartal\u00e9kos honv\u00e9d. sz\u00e9kely hadoszt\u00e1ly honv\u00e9dje. Akna telital\u00e1lat \u00e9rte Kos\u00f3wban. Horod templom melletti temet\u0151ben nyugszik. <br \/><strong>Irod.:<\/strong> Berekm\u00e9ri 2015<\/br><\/p>\n","protected":false},"excerpt":{"rendered":"<p>Ny\u00e1r\u00e1dg\u00e1lfalva, 1915., \u2020 Kos\u00f3w, 1944. j\u00fan. 27.: honv\u00e9d. \u2013 Anyja Faluv\u00e9gi R\u00f3za. \u2013 A 27\/III. z\u00e1szl\u00f3alj neh\u00e9zfegyversz\u00e1zadban tartal\u00e9kos honv\u00e9d. sz\u00e9kely hadoszt\u00e1ly honv\u00e9dje. Akna telital\u00e1lat \u00e9rte Kos\u00f3wban. Horod templom melletti temet\u0151ben nyugszik. Irod.: Berekm\u00e9ri 2015<\/p>\n","protected":false},"featured_media":0,"comment_status":"open","ping_status":"closed","template":"","meta":[],"product_brand":[],"product_cat":[137],"product_tag":[],"class_list":{"0":"post-6476","1":"product","2":"type-product","3":"status-publish","5":"product_cat-maros-megyei-eletrajzi-lexikon","7":"first","8":"instock","9":"shipping-taxable","10":"product-type-simple"},"_links":{"self":[{"href":"https:\/\/uj.adatbank.ro\/lexikon\/wp-json\/wp\/v2\/product\/6476","targetHints":{"allow":["GET"]}}],"collection":[{"href":"https:\/\/uj.adatbank.ro\/lexikon\/wp-json\/wp\/v2\/product"}],"about":[{"href":"https:\/\/uj.adatbank.ro\/lexikon\/wp-json\/wp\/v2\/types\/product"}],"replies":[{"embeddable":true,"href":"https:\/\/uj.adatbank.ro\/lexikon\/wp-json\/wp\/v2\/comments?post=6476"}],"wp:attachment":[{"href":"https:\/\/uj.adatbank.ro\/lexikon\/wp-json\/wp\/v2\/media?parent=6476"}],"wp:term":[{"taxonomy":"product_brand","embeddable":true,"href":"https:\/\/uj.adatbank.ro\/lexikon\/wp-json\/wp\/v2\/product_brand?post=6476"},{"taxonomy":"product_cat","embeddable":true,"href":"https:\/\/uj.adatbank.ro\/lexikon\/wp-json\/wp\/v2\/product_cat?post=6476"},{"taxonomy":"product_tag","embeddable":true,"href":"https:\/\/uj.adatbank.ro\/lexikon\/wp-json\/wp\/v2\/product_tag?post=6476"}],"curies":[{"name":"wp","href":"https:\/\/api.w.org\/{rel}","templated":true}]}}