{"id":6477,"date":"2025-06-28T17:54:08","date_gmt":"2025-06-28T15:54:08","guid":{"rendered":"https:\/\/uj.adatbank.ro\/lexikon\/termek\/damo-miklos\/"},"modified":"2025-06-28T17:54:08","modified_gmt":"2025-06-28T15:54:08","slug":"damo-miklos","status":"publish","type":"product","link":"https:\/\/uj.adatbank.ro\/lexikon\/termek\/damo-miklos\/","title":{"rendered":"DAM\u00d3 Mikl\u00f3s"},"content":{"rendered":"<p>? \u2020\u00a0? : ref. lelk\u00e9sz. \u2013 Feles\u00e9ge Egyed Zsuzs\u00e1nna (\u20201806\u201340 \u00e9vesen). \u2013 Kv.-on subscrib\u00e1lt (1755. k.). A g\u00f6rg\u00e9nyi egyh\u00e1zmegy\u00e9hez ker\u00fclt (1759. m\u00e1j. 17). Lelk\u00e9sz volt Kolozsnagyid\u00e1n (1760\u201362), P\u00f3k\u00e1ban szolg\u00e1lt (1763\u201372)), Als\u00f3b\u00f6lk\u00e9nyben (1773\u201383), Oroszf\u00e1j\u00e1n (1785\u201397). <br \/><strong>Irod.:<\/strong> \u0150sz; P\u00f3ka<\/br><\/p>\n","protected":false},"excerpt":{"rendered":"<p>? \u2020\u00a0? : ref. lelk\u00e9sz. \u2013 Feles\u00e9ge Egyed Zsuzs\u00e1nna (\u20201806\u201340 \u00e9vesen). \u2013 Kv.-on subscrib\u00e1lt (1755. k.). A g\u00f6rg\u00e9nyi egyh\u00e1zmegy\u00e9hez ker\u00fclt (1759. m\u00e1j. 17). Lelk\u00e9sz volt Kolozsnagyid\u00e1n (1760\u201362), P\u00f3k\u00e1ban szolg\u00e1lt (1763\u201372)), Als\u00f3b\u00f6lk\u00e9nyben (1773\u201383), Oroszf\u00e1j\u00e1n (1785\u201397). Irod.: \u0150sz; P\u00f3ka<\/p>\n","protected":false},"featured_media":0,"comment_status":"open","ping_status":"closed","template":"","meta":[],"product_brand":[],"product_cat":[137],"product_tag":[],"class_list":{"0":"post-6477","1":"product","2":"type-product","3":"status-publish","5":"product_cat-maros-megyei-eletrajzi-lexikon","7":"first","8":"instock","9":"shipping-taxable","10":"product-type-simple"},"_links":{"self":[{"href":"https:\/\/uj.adatbank.ro\/lexikon\/wp-json\/wp\/v2\/product\/6477","targetHints":{"allow":["GET"]}}],"collection":[{"href":"https:\/\/uj.adatbank.ro\/lexikon\/wp-json\/wp\/v2\/product"}],"about":[{"href":"https:\/\/uj.adatbank.ro\/lexikon\/wp-json\/wp\/v2\/types\/product"}],"replies":[{"embeddable":true,"href":"https:\/\/uj.adatbank.ro\/lexikon\/wp-json\/wp\/v2\/comments?post=6477"}],"wp:attachment":[{"href":"https:\/\/uj.adatbank.ro\/lexikon\/wp-json\/wp\/v2\/media?parent=6477"}],"wp:term":[{"taxonomy":"product_brand","embeddable":true,"href":"https:\/\/uj.adatbank.ro\/lexikon\/wp-json\/wp\/v2\/product_brand?post=6477"},{"taxonomy":"product_cat","embeddable":true,"href":"https:\/\/uj.adatbank.ro\/lexikon\/wp-json\/wp\/v2\/product_cat?post=6477"},{"taxonomy":"product_tag","embeddable":true,"href":"https:\/\/uj.adatbank.ro\/lexikon\/wp-json\/wp\/v2\/product_tag?post=6477"}],"curies":[{"name":"wp","href":"https:\/\/api.w.org\/{rel}","templated":true}]}}