{"id":6479,"date":"2025-06-28T17:54:13","date_gmt":"2025-06-28T15:54:13","guid":{"rendered":"https:\/\/uj.adatbank.ro\/lexikon\/termek\/damokos-antal-alsocsernatoni-br-domokos-antal-domokos-anton\/"},"modified":"2025-06-28T17:54:13","modified_gmt":"2025-06-28T15:54:13","slug":"damokos-antal-alsocsernatoni-br-domokos-antal-domokos-anton","status":"publish","type":"product","link":"https:\/\/uj.adatbank.ro\/lexikon\/termek\/damokos-antal-alsocsernatoni-br-domokos-antal-domokos-anton\/","title":{"rendered":"DAMOKOS Antal, als\u00f3csern\u00e1toni br., Domokos Antal, Domoko\u015f Anton"},"content":{"rendered":"<p>1698, \u2020 1773. j\u00fan. 6., temetve a mv.-i Ferences templom kript\u00e1j\u00e1ba: f\u0151kir\u00e1lyb\u00edr\u00f3, t\u00f6rv\u00e9nysz\u00e9ki eln\u00f6k. \u2013 D. J\u00e1nos \u00e9s Vit\u00e9z Borb\u00e1la fia Feles\u00e9ge: 1. Nal\u00e1czy Borb\u00e1la, 2. J\u00f3sika Zsuzs\u00e1nna (. \u2020 1799) Gyermekei: Antal, J\u00f3zsef, Krisztina Haller Zsigmondn\u00e9 majd bethleni gr. Bethlen L\u00e1szl\u00f3n\u00e9; Ter\u00e9z br. Miske Istv\u00e1nn\u00e9. A Kir T\u00e1bla \u00edt\u00e9l\u0151mestere (1750 k.). Marossz\u00e9k f\u0151kir\u00e1lyb\u00edr\u00f3ja (1771\u201373). B\u00e1r\u00f3i rangot kapott k\u00f6z\u00e9leti \u00e9rdemei\u00e9rt (1764. m\u00e1j. 12). Telket v\u00e1s\u00e1rolt a f\u0151t\u00e9ren (1770 es \u00e9vekben.) \u00e9s h\u00e1zat \u00e9p\u00edtett (R\u00f3zs\u00e1k tere 54, Dudutz h\u00e1z n\u00e9ven v\u00e1lt k\u00e9s\u0151bb ismertt\u00e9) \u00e9s a Poklos utc\u00e1ban. Hal\u00e1la ut\u00e1n a h\u00e1zat \u00f6r\u00f6k\u00f6lte le\u00e1nya Krisztina Bethlen L\u00e1szl\u00f3 f\u0151kincst\u00e1rnok feles\u00e9ge. Ut\u00f3dai eladt\u00e1k, a Kir. It\u00e9l\u0151t\u00e1bla sz\u00e9kh\u00e1za volt (1815\u201327). A poklos utc\u00e1ban v\u00e1s\u00e1rolt h\u00e1zra a civilis esk\u00fct feles\u00e9ge, J\u00f3sika Zsuzsanna tette le m\u00e1r mint \u00f6zvegy (1773. dec. 20). <br \/><strong>Irod.:<\/strong> Bozac-Pavel; Kov\u00e1sznai; Kr\u00f3n. F\u00fcz. (1939. 4\/9); Lukinich; Orb\u00e1n J\u00e1nos: A Kir\u00e1lyi T\u00e1bla els\u0151 k\u00e9t mv.-i sz\u00e9kh\u00e1za = St\u00edlusok, m\u0171vek, mesterek; Orb\u00e1n J\u00e1nos: T\u00e1blab\u00edr\u00e1k, f\u0151nemesek, pall\u00e9rok \u00e9s h\u00e1zak: V\u00e1rosk\u00e9p \u00e9s t\u00e1rsadalom v\u00e1ltoz\u00e1sai Mv.-en a Kir\u00e1lyi T\u00e1bla bek\u00f6lt\u00f6z\u00e9se ut\u00e1n [1754] = K\u00f6nyvek \u00e1ltal \u2026; P\u00e1l-Antal 2006, P\u00e1l-Antal 2009; P\u00e1lmay<\/br><\/p>\n","protected":false},"excerpt":{"rendered":"<p>1698, \u2020 1773. j\u00fan. 6., temetve a mv.-i Ferences templom kript\u00e1j\u00e1ba: f\u0151kir\u00e1lyb\u00edr\u00f3, t\u00f6rv\u00e9nysz\u00e9ki eln\u00f6k. \u2013 D. J\u00e1nos \u00e9s Vit\u00e9z Borb\u00e1la fia Feles\u00e9ge: 1. Nal\u00e1czy Borb\u00e1la, 2. J\u00f3sika Zsuzs\u00e1nna (. \u2020 1799) Gyermekei: Antal, J\u00f3zsef, Krisztina Haller Zsigmondn\u00e9 majd bethleni gr. Bethlen L\u00e1szl\u00f3n\u00e9; Ter\u00e9z br. Miske Istv\u00e1nn\u00e9. A Kir T\u00e1bla \u00edt\u00e9l\u0151mestere (1750 k.). Marossz\u00e9k f\u0151kir\u00e1lyb\u00edr\u00f3ja (1771\u201373). [&hellip;]<\/p>\n","protected":false},"featured_media":0,"comment_status":"open","ping_status":"closed","template":"","meta":[],"product_brand":[],"product_cat":[137],"product_tag":[],"class_list":{"0":"post-6479","1":"product","2":"type-product","3":"status-publish","5":"product_cat-maros-megyei-eletrajzi-lexikon","7":"first","8":"instock","9":"shipping-taxable","10":"product-type-simple"},"_links":{"self":[{"href":"https:\/\/uj.adatbank.ro\/lexikon\/wp-json\/wp\/v2\/product\/6479","targetHints":{"allow":["GET"]}}],"collection":[{"href":"https:\/\/uj.adatbank.ro\/lexikon\/wp-json\/wp\/v2\/product"}],"about":[{"href":"https:\/\/uj.adatbank.ro\/lexikon\/wp-json\/wp\/v2\/types\/product"}],"replies":[{"embeddable":true,"href":"https:\/\/uj.adatbank.ro\/lexikon\/wp-json\/wp\/v2\/comments?post=6479"}],"wp:attachment":[{"href":"https:\/\/uj.adatbank.ro\/lexikon\/wp-json\/wp\/v2\/media?parent=6479"}],"wp:term":[{"taxonomy":"product_brand","embeddable":true,"href":"https:\/\/uj.adatbank.ro\/lexikon\/wp-json\/wp\/v2\/product_brand?post=6479"},{"taxonomy":"product_cat","embeddable":true,"href":"https:\/\/uj.adatbank.ro\/lexikon\/wp-json\/wp\/v2\/product_cat?post=6479"},{"taxonomy":"product_tag","embeddable":true,"href":"https:\/\/uj.adatbank.ro\/lexikon\/wp-json\/wp\/v2\/product_tag?post=6479"}],"curies":[{"name":"wp","href":"https:\/\/api.w.org\/{rel}","templated":true}]}}