{"id":6481,"date":"2025-06-28T17:54:16","date_gmt":"2025-06-28T15:54:16","guid":{"rendered":"https:\/\/uj.adatbank.ro\/lexikon\/termek\/damokos-krisztina-alsocsernatoni-br-haller-zsigmondne-bethlen-laszlone\/"},"modified":"2025-06-28T17:54:16","modified_gmt":"2025-06-28T15:54:16","slug":"damokos-krisztina-alsocsernatoni-br-haller-zsigmondne-bethlen-laszlone","status":"publish","type":"product","link":"https:\/\/uj.adatbank.ro\/lexikon\/termek\/damokos-krisztina-alsocsernatoni-br-haller-zsigmondne-bethlen-laszlone\/","title":{"rendered":"DAMOKOS Krisztina, als\u00f3csern\u00e1toni br.; Haller Zsigmondn\u00e9; Bethlen L\u00e1szl\u00f3n\u00e9"},"content":{"rendered":"<p>? \u2020\u00a0? : birtokos. \u2013 Antal (\u2020 Mv., 1774) \u00e9s branyicskai J\u00f3sika Zsuzs\u00e1nna le\u00e1nya. 1. f\u00e9rje Haller Zsigmond (\u2020 1803), feh\u00e9regyh\u00e1zi \u00e1g, akit\u0151l elv\u00e1lt, fia Haller J\u00e1nos (1774\u20131843) 2. f\u00e9rje Bethlen L\u00e1szl\u00f3 (1751\u20131814) f\u0151kincst\u00e1rnok. Gyermekei: P\u00e1l (1783\u20131866); M\u00e1ria L\u00e1z\u00e1r Benedekn\u00e9 (1789- ? ); J\u00f3zsef (1790\u20131868); Ferenc (1793\u20131825). M\u00e1sodik f\u00e9rj\u00e9vel a mv.-i h\u00e1zban laktak (R\u00f3zs\u00e1k tere 54) \u00e9s amelyet tov\u00e1bb \u00e9p\u00edtettek, gyermekei adt\u00e1k el (1815). <br \/><strong>Irod.:<\/strong> Gudenus; Lukinich; Nagy Iv\u00e1n; Orb\u00e1n J\u00e1nos; P\u00e1lmay<\/br><\/p>\n","protected":false},"excerpt":{"rendered":"<p>? \u2020\u00a0? : birtokos. \u2013 Antal (\u2020 Mv., 1774) \u00e9s branyicskai J\u00f3sika Zsuzs\u00e1nna le\u00e1nya. 1. f\u00e9rje Haller Zsigmond (\u2020 1803), feh\u00e9regyh\u00e1zi \u00e1g, akit\u0151l elv\u00e1lt, fia Haller J\u00e1nos (1774\u20131843) 2. f\u00e9rje Bethlen L\u00e1szl\u00f3 (1751\u20131814) f\u0151kincst\u00e1rnok. Gyermekei: P\u00e1l (1783\u20131866); M\u00e1ria L\u00e1z\u00e1r Benedekn\u00e9 (1789- ? ); J\u00f3zsef (1790\u20131868); Ferenc (1793\u20131825). M\u00e1sodik f\u00e9rj\u00e9vel a mv.-i h\u00e1zban laktak (R\u00f3zs\u00e1k tere [&hellip;]<\/p>\n","protected":false},"featured_media":0,"comment_status":"open","ping_status":"closed","template":"","meta":[],"product_brand":[],"product_cat":[137],"product_tag":[],"class_list":{"0":"post-6481","1":"product","2":"type-product","3":"status-publish","5":"product_cat-maros-megyei-eletrajzi-lexikon","7":"first","8":"instock","9":"shipping-taxable","10":"product-type-simple"},"_links":{"self":[{"href":"https:\/\/uj.adatbank.ro\/lexikon\/wp-json\/wp\/v2\/product\/6481","targetHints":{"allow":["GET"]}}],"collection":[{"href":"https:\/\/uj.adatbank.ro\/lexikon\/wp-json\/wp\/v2\/product"}],"about":[{"href":"https:\/\/uj.adatbank.ro\/lexikon\/wp-json\/wp\/v2\/types\/product"}],"replies":[{"embeddable":true,"href":"https:\/\/uj.adatbank.ro\/lexikon\/wp-json\/wp\/v2\/comments?post=6481"}],"wp:attachment":[{"href":"https:\/\/uj.adatbank.ro\/lexikon\/wp-json\/wp\/v2\/media?parent=6481"}],"wp:term":[{"taxonomy":"product_brand","embeddable":true,"href":"https:\/\/uj.adatbank.ro\/lexikon\/wp-json\/wp\/v2\/product_brand?post=6481"},{"taxonomy":"product_cat","embeddable":true,"href":"https:\/\/uj.adatbank.ro\/lexikon\/wp-json\/wp\/v2\/product_cat?post=6481"},{"taxonomy":"product_tag","embeddable":true,"href":"https:\/\/uj.adatbank.ro\/lexikon\/wp-json\/wp\/v2\/product_tag?post=6481"}],"curies":[{"name":"wp","href":"https:\/\/api.w.org\/{rel}","templated":true}]}}