{"id":6485,"date":"2025-06-28T17:54:23","date_gmt":"2025-06-28T15:54:23","guid":{"rendered":"https:\/\/uj.adatbank.ro\/lexikon\/termek\/dan-maria\/"},"modified":"2025-06-28T17:54:23","modified_gmt":"2025-06-28T15:54:23","slug":"dan-maria","status":"publish","type":"product","link":"https:\/\/uj.adatbank.ro\/lexikon\/termek\/dan-maria\/","title":{"rendered":"DAN Maria"},"content":{"rendered":"<p>Segesv\u00e1r, 1902. j\u00fal. 15., \u2020\u00a0?: Buk.-ben lakott, ott tart\u00f3ztatt\u00e1k le (1958. okt. 1.), azzal a v\u00e1ddal, hogy t\u00e1mogatta a letart\u00f3ztat\u00e1s el\u0151l rejt\u0151zk\u00f6d\u0151 Mikulich Tibort, \u00e9s k\u00f6zrem\u0171k\u00f6d\u00f6tt hamis szem\u00e9lyi igazolv\u00e1ny szerz\u00e9s\u00e9ben. <br \/><strong>Irod.:<\/strong> 1956 Erd\u00e9lyben<\/br><\/p>\n","protected":false},"excerpt":{"rendered":"<p>Segesv\u00e1r, 1902. j\u00fal. 15., \u2020\u00a0?: Buk.-ben lakott, ott tart\u00f3ztatt\u00e1k le (1958. okt. 1.), azzal a v\u00e1ddal, hogy t\u00e1mogatta a letart\u00f3ztat\u00e1s el\u0151l rejt\u0151zk\u00f6d\u0151 Mikulich Tibort, \u00e9s k\u00f6zrem\u0171k\u00f6d\u00f6tt hamis szem\u00e9lyi igazolv\u00e1ny szerz\u00e9s\u00e9ben. Irod.: 1956 Erd\u00e9lyben<\/p>\n","protected":false},"featured_media":0,"comment_status":"open","ping_status":"closed","template":"","meta":[],"product_brand":[],"product_cat":[137],"product_tag":[],"class_list":{"0":"post-6485","1":"product","2":"type-product","3":"status-publish","5":"product_cat-maros-megyei-eletrajzi-lexikon","7":"first","8":"instock","9":"shipping-taxable","10":"product-type-simple"},"_links":{"self":[{"href":"https:\/\/uj.adatbank.ro\/lexikon\/wp-json\/wp\/v2\/product\/6485","targetHints":{"allow":["GET"]}}],"collection":[{"href":"https:\/\/uj.adatbank.ro\/lexikon\/wp-json\/wp\/v2\/product"}],"about":[{"href":"https:\/\/uj.adatbank.ro\/lexikon\/wp-json\/wp\/v2\/types\/product"}],"replies":[{"embeddable":true,"href":"https:\/\/uj.adatbank.ro\/lexikon\/wp-json\/wp\/v2\/comments?post=6485"}],"wp:attachment":[{"href":"https:\/\/uj.adatbank.ro\/lexikon\/wp-json\/wp\/v2\/media?parent=6485"}],"wp:term":[{"taxonomy":"product_brand","embeddable":true,"href":"https:\/\/uj.adatbank.ro\/lexikon\/wp-json\/wp\/v2\/product_brand?post=6485"},{"taxonomy":"product_cat","embeddable":true,"href":"https:\/\/uj.adatbank.ro\/lexikon\/wp-json\/wp\/v2\/product_cat?post=6485"},{"taxonomy":"product_tag","embeddable":true,"href":"https:\/\/uj.adatbank.ro\/lexikon\/wp-json\/wp\/v2\/product_tag?post=6485"}],"curies":[{"name":"wp","href":"https:\/\/api.w.org\/{rel}","templated":true}]}}