{"id":6486,"date":"2025-06-28T17:54:24","date_gmt":"2025-06-28T15:54:24","guid":{"rendered":"https:\/\/uj.adatbank.ro\/lexikon\/termek\/dancs-bertalan-hetei-es-kovecsesei\/"},"modified":"2025-06-28T17:54:24","modified_gmt":"2025-06-28T15:54:24","slug":"dancs-bertalan-hetei-es-kovecsesei","status":"publish","type":"product","link":"https:\/\/uj.adatbank.ro\/lexikon\/termek\/dancs-bertalan-hetei-es-kovecsesei\/","title":{"rendered":"DANCS Bertalan, hetei \u00e9s k\u00f6vecsesei"},"content":{"rendered":"<p>? \u2020\u00a0? : tanfel\u00fcgyel\u0151. \u2013 Aranyosmar\u00f3ton, Sepsiszentgy\u00f6rgy\u00f6n, Ungv\u00e1rt (1890\u2013), majd Segesv\u00e1rt (1898\u20131902) volt tanfel\u00fcgyel\u0151. Szerkesztette a Nagyk\u00fck\u00fcll\u0151 c. lapot (1899\u20131900). <br \/><strong>Irod.:<\/strong> Guly\u00e1s<\/br><\/p>\n","protected":false},"excerpt":{"rendered":"<p>? \u2020\u00a0? : tanfel\u00fcgyel\u0151. \u2013 Aranyosmar\u00f3ton, Sepsiszentgy\u00f6rgy\u00f6n, Ungv\u00e1rt (1890\u2013), majd Segesv\u00e1rt (1898\u20131902) volt tanfel\u00fcgyel\u0151. Szerkesztette a Nagyk\u00fck\u00fcll\u0151 c. lapot (1899\u20131900). Irod.: Guly\u00e1s<\/p>\n","protected":false},"featured_media":0,"comment_status":"open","ping_status":"closed","template":"","meta":[],"product_brand":[],"product_cat":[137],"product_tag":[],"class_list":{"0":"post-6486","1":"product","2":"type-product","3":"status-publish","5":"product_cat-maros-megyei-eletrajzi-lexikon","7":"first","8":"instock","9":"shipping-taxable","10":"product-type-simple"},"_links":{"self":[{"href":"https:\/\/uj.adatbank.ro\/lexikon\/wp-json\/wp\/v2\/product\/6486","targetHints":{"allow":["GET"]}}],"collection":[{"href":"https:\/\/uj.adatbank.ro\/lexikon\/wp-json\/wp\/v2\/product"}],"about":[{"href":"https:\/\/uj.adatbank.ro\/lexikon\/wp-json\/wp\/v2\/types\/product"}],"replies":[{"embeddable":true,"href":"https:\/\/uj.adatbank.ro\/lexikon\/wp-json\/wp\/v2\/comments?post=6486"}],"wp:attachment":[{"href":"https:\/\/uj.adatbank.ro\/lexikon\/wp-json\/wp\/v2\/media?parent=6486"}],"wp:term":[{"taxonomy":"product_brand","embeddable":true,"href":"https:\/\/uj.adatbank.ro\/lexikon\/wp-json\/wp\/v2\/product_brand?post=6486"},{"taxonomy":"product_cat","embeddable":true,"href":"https:\/\/uj.adatbank.ro\/lexikon\/wp-json\/wp\/v2\/product_cat?post=6486"},{"taxonomy":"product_tag","embeddable":true,"href":"https:\/\/uj.adatbank.ro\/lexikon\/wp-json\/wp\/v2\/product_tag?post=6486"}],"curies":[{"name":"wp","href":"https:\/\/api.w.org\/{rel}","templated":true}]}}