{"id":6490,"date":"2025-06-28T17:54:34","date_gmt":"2025-06-28T15:54:34","guid":{"rendered":"https:\/\/uj.adatbank.ro\/lexikon\/termek\/dandre-karoly-janos-krizosztom\/"},"modified":"2025-06-28T17:54:34","modified_gmt":"2025-06-28T15:54:34","slug":"dandre-karoly-janos-krizosztom","status":"publish","type":"product","link":"https:\/\/uj.adatbank.ro\/lexikon\/termek\/dandre-karoly-janos-krizosztom\/","title":{"rendered":"DANDR\u00c9 K\u00e1roly J\u00e1nos Krizosztom"},"content":{"rendered":"<p>Marosillye, 1878., \u2020\u00a0? : szerzetes. \u2013 Megb\u00edzott rendf\u0151n\u00f6k (1925\u201427). <br \/><strong>Irod.:<\/strong> Maros megyei t\u00f6rt.<\/br><\/p>\n","protected":false},"excerpt":{"rendered":"<p>Marosillye, 1878., \u2020\u00a0? : szerzetes. \u2013 Megb\u00edzott rendf\u0151n\u00f6k (1925\u201427). Irod.: Maros megyei t\u00f6rt.<\/p>\n","protected":false},"featured_media":0,"comment_status":"open","ping_status":"closed","template":"","meta":[],"product_brand":[],"product_cat":[137],"product_tag":[],"class_list":{"0":"post-6490","1":"product","2":"type-product","3":"status-publish","5":"product_cat-maros-megyei-eletrajzi-lexikon","7":"first","8":"instock","9":"shipping-taxable","10":"product-type-simple"},"_links":{"self":[{"href":"https:\/\/uj.adatbank.ro\/lexikon\/wp-json\/wp\/v2\/product\/6490","targetHints":{"allow":["GET"]}}],"collection":[{"href":"https:\/\/uj.adatbank.ro\/lexikon\/wp-json\/wp\/v2\/product"}],"about":[{"href":"https:\/\/uj.adatbank.ro\/lexikon\/wp-json\/wp\/v2\/types\/product"}],"replies":[{"embeddable":true,"href":"https:\/\/uj.adatbank.ro\/lexikon\/wp-json\/wp\/v2\/comments?post=6490"}],"wp:attachment":[{"href":"https:\/\/uj.adatbank.ro\/lexikon\/wp-json\/wp\/v2\/media?parent=6490"}],"wp:term":[{"taxonomy":"product_brand","embeddable":true,"href":"https:\/\/uj.adatbank.ro\/lexikon\/wp-json\/wp\/v2\/product_brand?post=6490"},{"taxonomy":"product_cat","embeddable":true,"href":"https:\/\/uj.adatbank.ro\/lexikon\/wp-json\/wp\/v2\/product_cat?post=6490"},{"taxonomy":"product_tag","embeddable":true,"href":"https:\/\/uj.adatbank.ro\/lexikon\/wp-json\/wp\/v2\/product_tag?post=6490"}],"curies":[{"name":"wp","href":"https:\/\/api.w.org\/{rel}","templated":true}]}}