{"id":6493,"date":"2025-06-28T17:54:40","date_gmt":"2025-06-28T15:54:40","guid":{"rendered":"https:\/\/uj.adatbank.ro\/lexikon\/termek\/dane-karoly-2\/"},"modified":"2025-06-28T17:54:40","modified_gmt":"2025-06-28T15:54:40","slug":"dane-karoly-2","status":"publish","type":"product","link":"https:\/\/uj.adatbank.ro\/lexikon\/termek\/dane-karoly-2\/","title":{"rendered":"D\u00c1N\u00c9 K\u00e1roly"},"content":{"rendered":"<p>Nagybajom, 1925., \u2020 Mv., 1998. szept. 30.: jog\u00e1sz. \u2013 Feles\u00e9ge: S\u00e1ndor Margit. Fi\u00fak: K\u00e1roly. \u2013 A Kv.-i Ref. Koll.-ban \u00e9retts\u00e9gizett (1944), a BTE Jogi Kar\u00e1n szerzett diplom\u00e1t. Jogtan\u00e1csosk\u00e9nt dolgozott a mv.-i Centrofarmban (1950\u201360), a D\u00f6nt\u0151b\u00edr\u00f3s\u00e1gon (1960\u201370) \u00e9s a mez\u0151gazdas\u00e1gi beszerz\u0151 k\u00f6zpontban nyugd\u00edjaz\u00e1s\u00e1ig (BATMA, k\u00e9s\u0151bb BJATMA). <br \/><strong>Irod.:<\/strong> csal\u00e1di inf.; [Nekrol\u00f3g] (N\u00fa., 1998. okt. 2.)<\/br><\/p>\n","protected":false},"excerpt":{"rendered":"<p>Nagybajom, 1925., \u2020 Mv., 1998. szept. 30.: jog\u00e1sz. \u2013 Feles\u00e9ge: S\u00e1ndor Margit. Fi\u00fak: K\u00e1roly. \u2013 A Kv.-i Ref. Koll.-ban \u00e9retts\u00e9gizett (1944), a BTE Jogi Kar\u00e1n szerzett diplom\u00e1t. Jogtan\u00e1csosk\u00e9nt dolgozott a mv.-i Centrofarmban (1950\u201360), a D\u00f6nt\u0151b\u00edr\u00f3s\u00e1gon (1960\u201370) \u00e9s a mez\u0151gazdas\u00e1gi beszerz\u0151 k\u00f6zpontban nyugd\u00edjaz\u00e1s\u00e1ig (BATMA, k\u00e9s\u0151bb BJATMA). Irod.: csal\u00e1di inf.; [Nekrol\u00f3g] (N\u00fa., 1998. okt. 2.)<\/p>\n","protected":false},"featured_media":0,"comment_status":"open","ping_status":"closed","template":"","meta":[],"product_brand":[],"product_cat":[137],"product_tag":[],"class_list":{"0":"post-6493","1":"product","2":"type-product","3":"status-publish","5":"product_cat-maros-megyei-eletrajzi-lexikon","7":"first","8":"instock","9":"shipping-taxable","10":"product-type-simple"},"_links":{"self":[{"href":"https:\/\/uj.adatbank.ro\/lexikon\/wp-json\/wp\/v2\/product\/6493","targetHints":{"allow":["GET"]}}],"collection":[{"href":"https:\/\/uj.adatbank.ro\/lexikon\/wp-json\/wp\/v2\/product"}],"about":[{"href":"https:\/\/uj.adatbank.ro\/lexikon\/wp-json\/wp\/v2\/types\/product"}],"replies":[{"embeddable":true,"href":"https:\/\/uj.adatbank.ro\/lexikon\/wp-json\/wp\/v2\/comments?post=6493"}],"wp:attachment":[{"href":"https:\/\/uj.adatbank.ro\/lexikon\/wp-json\/wp\/v2\/media?parent=6493"}],"wp:term":[{"taxonomy":"product_brand","embeddable":true,"href":"https:\/\/uj.adatbank.ro\/lexikon\/wp-json\/wp\/v2\/product_brand?post=6493"},{"taxonomy":"product_cat","embeddable":true,"href":"https:\/\/uj.adatbank.ro\/lexikon\/wp-json\/wp\/v2\/product_cat?post=6493"},{"taxonomy":"product_tag","embeddable":true,"href":"https:\/\/uj.adatbank.ro\/lexikon\/wp-json\/wp\/v2\/product_tag?post=6493"}],"curies":[{"name":"wp","href":"https:\/\/api.w.org\/{rel}","templated":true}]}}