{"id":6494,"date":"2025-06-28T17:54:42","date_gmt":"2025-06-28T15:54:42","guid":{"rendered":"https:\/\/uj.adatbank.ro\/lexikon\/termek\/dane-margit-sandor-margit\/"},"modified":"2025-06-28T17:54:42","modified_gmt":"2025-06-28T15:54:42","slug":"dane-margit-sandor-margit","status":"publish","type":"product","link":"https:\/\/uj.adatbank.ro\/lexikon\/termek\/dane-margit-sandor-margit\/","title":{"rendered":"D\u00c1N\u00c9 Margit, S\u00e1ndor Margit"},"content":{"rendered":"<p>Zetelaka, 1927., \u2020 Mv., 1983. dec. 22.: k\u00f6zgazd\u00e1sz, egyetemi adjunktus, lektor. \u2013 F\u00e9rje: D\u00e1n\u00e9 K\u00e1roly jog\u00e1sz. A sz\u00e9kelyudvarhelyi Tan\u00edt\u00f3k\u00e9pz\u0151ben \u00e9retts\u00e9gizett. Kv.-on a BTE K\u00f6zgazdas\u00e1gi Kar\u00e1n szerzett diplom\u00e1t. A MOGYI T\u00e1rsadalomtudom\u00e1nyi katedr\u00e1j\u00e1n volt lektor hal\u00e1l\u00e1ig (1953. szept. 15. \u2013 1983). Megh\u00edvottk\u00e9nt gyakran szerepelt a Mv.-i R\u00e1di\u00f3ban. <br \/><strong>Irod.:<\/strong> csal\u00e1di inf.; Facultatea de Farmacie; [Nekrol\u00f3g] (V. Z., 1983. dec. 23.)<\/br><\/p>\n","protected":false},"excerpt":{"rendered":"<p>Zetelaka, 1927., \u2020 Mv., 1983. dec. 22.: k\u00f6zgazd\u00e1sz, egyetemi adjunktus, lektor. \u2013 F\u00e9rje: D\u00e1n\u00e9 K\u00e1roly jog\u00e1sz. A sz\u00e9kelyudvarhelyi Tan\u00edt\u00f3k\u00e9pz\u0151ben \u00e9retts\u00e9gizett. Kv.-on a BTE K\u00f6zgazdas\u00e1gi Kar\u00e1n szerzett diplom\u00e1t. A MOGYI T\u00e1rsadalomtudom\u00e1nyi katedr\u00e1j\u00e1n volt lektor hal\u00e1l\u00e1ig (1953. szept. 15. \u2013 1983). Megh\u00edvottk\u00e9nt gyakran szerepelt a Mv.-i R\u00e1di\u00f3ban. Irod.: csal\u00e1di inf.; Facultatea de Farmacie; [Nekrol\u00f3g] (V. Z., 1983. [&hellip;]<\/p>\n","protected":false},"featured_media":0,"comment_status":"open","ping_status":"closed","template":"","meta":[],"product_brand":[],"product_cat":[137],"product_tag":[],"class_list":{"0":"post-6494","1":"product","2":"type-product","3":"status-publish","5":"product_cat-maros-megyei-eletrajzi-lexikon","7":"first","8":"instock","9":"shipping-taxable","10":"product-type-simple"},"_links":{"self":[{"href":"https:\/\/uj.adatbank.ro\/lexikon\/wp-json\/wp\/v2\/product\/6494","targetHints":{"allow":["GET"]}}],"collection":[{"href":"https:\/\/uj.adatbank.ro\/lexikon\/wp-json\/wp\/v2\/product"}],"about":[{"href":"https:\/\/uj.adatbank.ro\/lexikon\/wp-json\/wp\/v2\/types\/product"}],"replies":[{"embeddable":true,"href":"https:\/\/uj.adatbank.ro\/lexikon\/wp-json\/wp\/v2\/comments?post=6494"}],"wp:attachment":[{"href":"https:\/\/uj.adatbank.ro\/lexikon\/wp-json\/wp\/v2\/media?parent=6494"}],"wp:term":[{"taxonomy":"product_brand","embeddable":true,"href":"https:\/\/uj.adatbank.ro\/lexikon\/wp-json\/wp\/v2\/product_brand?post=6494"},{"taxonomy":"product_cat","embeddable":true,"href":"https:\/\/uj.adatbank.ro\/lexikon\/wp-json\/wp\/v2\/product_cat?post=6494"},{"taxonomy":"product_tag","embeddable":true,"href":"https:\/\/uj.adatbank.ro\/lexikon\/wp-json\/wp\/v2\/product_tag?post=6494"}],"curies":[{"name":"wp","href":"https:\/\/api.w.org\/{rel}","templated":true}]}}