{"id":6497,"date":"2025-06-28T17:54:46","date_gmt":"2025-06-28T15:54:46","guid":{"rendered":"https:\/\/uj.adatbank.ro\/lexikon\/termek\/daniel-anaklet-p\/"},"modified":"2025-06-28T17:54:46","modified_gmt":"2025-06-28T15:54:46","slug":"daniel-anaklet-p","status":"publish","type":"product","link":"https:\/\/uj.adatbank.ro\/lexikon\/termek\/daniel-anaklet-p\/","title":{"rendered":"D\u00c1NIEL Anakl\u00e9t, P."},"content":{"rendered":"<p>? \u2020 Abaf\u00e1ja, 1848. nov. 16.: ferences szerzetes. \u2013 A Mv.-hez tart\u00f3z\u00f3 Meggyesfalvi gr. L\u00e1z\u00e1r csal\u00e1d k\u00e1poln\u00e1j\u00e1ban szolg\u00e1lt, majd Abaf\u00e1j\u00e1n a br. Bornemissza csal\u00e1dn\u00e1l h\u00e1zik\u00e1pl\u00e1n. A rom\u00e1n n\u00e9pfelkel\u0151k \u00f6lt\u00e9k meg. <br \/><strong>Irod.:<\/strong> P\u00e1l-Antal \u2013 Szab\u00f3 2.<\/br><\/p>\n","protected":false},"excerpt":{"rendered":"<p>? \u2020 Abaf\u00e1ja, 1848. nov. 16.: ferences szerzetes. \u2013 A Mv.-hez tart\u00f3z\u00f3 Meggyesfalvi gr. L\u00e1z\u00e1r csal\u00e1d k\u00e1poln\u00e1j\u00e1ban szolg\u00e1lt, majd Abaf\u00e1j\u00e1n a br. Bornemissza csal\u00e1dn\u00e1l h\u00e1zik\u00e1pl\u00e1n. A rom\u00e1n n\u00e9pfelkel\u0151k \u00f6lt\u00e9k meg. Irod.: P\u00e1l-Antal \u2013 Szab\u00f3 2.<\/p>\n","protected":false},"featured_media":0,"comment_status":"open","ping_status":"closed","template":"","meta":[],"product_brand":[],"product_cat":[137],"product_tag":[],"class_list":{"0":"post-6497","1":"product","2":"type-product","3":"status-publish","5":"product_cat-maros-megyei-eletrajzi-lexikon","7":"first","8":"instock","9":"shipping-taxable","10":"product-type-simple"},"_links":{"self":[{"href":"https:\/\/uj.adatbank.ro\/lexikon\/wp-json\/wp\/v2\/product\/6497","targetHints":{"allow":["GET"]}}],"collection":[{"href":"https:\/\/uj.adatbank.ro\/lexikon\/wp-json\/wp\/v2\/product"}],"about":[{"href":"https:\/\/uj.adatbank.ro\/lexikon\/wp-json\/wp\/v2\/types\/product"}],"replies":[{"embeddable":true,"href":"https:\/\/uj.adatbank.ro\/lexikon\/wp-json\/wp\/v2\/comments?post=6497"}],"wp:attachment":[{"href":"https:\/\/uj.adatbank.ro\/lexikon\/wp-json\/wp\/v2\/media?parent=6497"}],"wp:term":[{"taxonomy":"product_brand","embeddable":true,"href":"https:\/\/uj.adatbank.ro\/lexikon\/wp-json\/wp\/v2\/product_brand?post=6497"},{"taxonomy":"product_cat","embeddable":true,"href":"https:\/\/uj.adatbank.ro\/lexikon\/wp-json\/wp\/v2\/product_cat?post=6497"},{"taxonomy":"product_tag","embeddable":true,"href":"https:\/\/uj.adatbank.ro\/lexikon\/wp-json\/wp\/v2\/product_tag?post=6497"}],"curies":[{"name":"wp","href":"https:\/\/api.w.org\/{rel}","templated":true}]}}