{"id":6498,"date":"2025-06-28T17:54:48","date_gmt":"2025-06-28T15:54:48","guid":{"rendered":"https:\/\/uj.adatbank.ro\/lexikon\/termek\/daniel-anna-vargyasi-lazar-adamne-gr\/"},"modified":"2025-06-28T17:54:48","modified_gmt":"2025-06-28T15:54:48","slug":"daniel-anna-vargyasi-lazar-adamne-gr","status":"publish","type":"product","link":"https:\/\/uj.adatbank.ro\/lexikon\/termek\/daniel-anna-vargyasi-lazar-adamne-gr\/","title":{"rendered":"DANIEL Anna, vargyasi; L\u00e1z\u00e1r \u00c1d\u00e1mn\u00e9, gr."},"content":{"rendered":"<p>? \u2020\u00a0?\u00a0: f\u00f6ldbirtokos. \u2013 P\u00e9ter (\u2020 1741) \u00e9s kiss\u00e1rosi S\u00e1rossy Ilona (\u2020 1743) le\u00e1nya. F\u00e9rje: sz\u00e1rhegyi gr. L\u00e1z\u00e1r \u00c1d\u00e1m (1712\u201379). -V\u00e9grendelet\u00e9ben a mv.-i ferences rendre hagyta hat eladand\u00f3 \u00f6kre \u00e1r\u00e1t \u00e9s 50 v\u00e9ka b\u00faz\u00e1t ill. 50 v\u00e9ka t\u00f6r\u00f6kb\u00faz\u00e1t mis\u00e9kre (1757). <br \/><strong>Irod.:<\/strong> Id\u0151t\u00e1r 1; P\u00e1lmay<\/br><\/p>\n","protected":false},"excerpt":{"rendered":"<p>? \u2020\u00a0?\u00a0: f\u00f6ldbirtokos. \u2013 P\u00e9ter (\u2020 1741) \u00e9s kiss\u00e1rosi S\u00e1rossy Ilona (\u2020 1743) le\u00e1nya. F\u00e9rje: sz\u00e1rhegyi gr. L\u00e1z\u00e1r \u00c1d\u00e1m (1712\u201379). -V\u00e9grendelet\u00e9ben a mv.-i ferences rendre hagyta hat eladand\u00f3 \u00f6kre \u00e1r\u00e1t \u00e9s 50 v\u00e9ka b\u00faz\u00e1t ill. 50 v\u00e9ka t\u00f6r\u00f6kb\u00faz\u00e1t mis\u00e9kre (1757). Irod.: Id\u0151t\u00e1r 1; P\u00e1lmay<\/p>\n","protected":false},"featured_media":0,"comment_status":"open","ping_status":"closed","template":"","meta":[],"product_brand":[],"product_cat":[137],"product_tag":[],"class_list":{"0":"post-6498","1":"product","2":"type-product","3":"status-publish","5":"product_cat-maros-megyei-eletrajzi-lexikon","7":"first","8":"instock","9":"shipping-taxable","10":"product-type-simple"},"_links":{"self":[{"href":"https:\/\/uj.adatbank.ro\/lexikon\/wp-json\/wp\/v2\/product\/6498","targetHints":{"allow":["GET"]}}],"collection":[{"href":"https:\/\/uj.adatbank.ro\/lexikon\/wp-json\/wp\/v2\/product"}],"about":[{"href":"https:\/\/uj.adatbank.ro\/lexikon\/wp-json\/wp\/v2\/types\/product"}],"replies":[{"embeddable":true,"href":"https:\/\/uj.adatbank.ro\/lexikon\/wp-json\/wp\/v2\/comments?post=6498"}],"wp:attachment":[{"href":"https:\/\/uj.adatbank.ro\/lexikon\/wp-json\/wp\/v2\/media?parent=6498"}],"wp:term":[{"taxonomy":"product_brand","embeddable":true,"href":"https:\/\/uj.adatbank.ro\/lexikon\/wp-json\/wp\/v2\/product_brand?post=6498"},{"taxonomy":"product_cat","embeddable":true,"href":"https:\/\/uj.adatbank.ro\/lexikon\/wp-json\/wp\/v2\/product_cat?post=6498"},{"taxonomy":"product_tag","embeddable":true,"href":"https:\/\/uj.adatbank.ro\/lexikon\/wp-json\/wp\/v2\/product_tag?post=6498"}],"curies":[{"name":"wp","href":"https:\/\/api.w.org\/{rel}","templated":true}]}}