{"id":6499,"date":"2025-06-28T17:54:50","date_gmt":"2025-06-28T15:54:50","guid":{"rendered":"https:\/\/uj.adatbank.ro\/lexikon\/termek\/daniel-domokos-janos-p\/"},"modified":"2025-06-28T17:54:50","modified_gmt":"2025-06-28T15:54:50","slug":"daniel-domokos-janos-p","status":"publish","type":"product","link":"https:\/\/uj.adatbank.ro\/lexikon\/termek\/daniel-domokos-janos-p\/","title":{"rendered":"D\u00c1NIEL Domokos J\u00e1nos, P."},"content":{"rendered":"<p>1661., \u2020 Mikh\u00e1za, 1712. dec. 6.: r. k. szerzetes. \u2013 Be\u00f6lt\u00f6z\u00f6tt (1685. aug. 10.), felszentelt\u00e9k (1691). <br \/><strong>Irod.:<\/strong> Gy\u00f6rgy: A ferencrendiek<\/br><\/p>\n","protected":false},"excerpt":{"rendered":"<p>1661., \u2020 Mikh\u00e1za, 1712. dec. 6.: r. k. szerzetes. \u2013 Be\u00f6lt\u00f6z\u00f6tt (1685. aug. 10.), felszentelt\u00e9k (1691). Irod.: Gy\u00f6rgy: A ferencrendiek<\/p>\n","protected":false},"featured_media":0,"comment_status":"open","ping_status":"closed","template":"","meta":[],"product_brand":[],"product_cat":[137],"product_tag":[],"class_list":{"0":"post-6499","1":"product","2":"type-product","3":"status-publish","5":"product_cat-maros-megyei-eletrajzi-lexikon","7":"first","8":"instock","9":"shipping-taxable","10":"product-type-simple"},"_links":{"self":[{"href":"https:\/\/uj.adatbank.ro\/lexikon\/wp-json\/wp\/v2\/product\/6499","targetHints":{"allow":["GET"]}}],"collection":[{"href":"https:\/\/uj.adatbank.ro\/lexikon\/wp-json\/wp\/v2\/product"}],"about":[{"href":"https:\/\/uj.adatbank.ro\/lexikon\/wp-json\/wp\/v2\/types\/product"}],"replies":[{"embeddable":true,"href":"https:\/\/uj.adatbank.ro\/lexikon\/wp-json\/wp\/v2\/comments?post=6499"}],"wp:attachment":[{"href":"https:\/\/uj.adatbank.ro\/lexikon\/wp-json\/wp\/v2\/media?parent=6499"}],"wp:term":[{"taxonomy":"product_brand","embeddable":true,"href":"https:\/\/uj.adatbank.ro\/lexikon\/wp-json\/wp\/v2\/product_brand?post=6499"},{"taxonomy":"product_cat","embeddable":true,"href":"https:\/\/uj.adatbank.ro\/lexikon\/wp-json\/wp\/v2\/product_cat?post=6499"},{"taxonomy":"product_tag","embeddable":true,"href":"https:\/\/uj.adatbank.ro\/lexikon\/wp-json\/wp\/v2\/product_tag?post=6499"}],"curies":[{"name":"wp","href":"https:\/\/api.w.org\/{rel}","templated":true}]}}