{"id":6501,"date":"2025-06-28T17:54:57","date_gmt":"2025-06-28T15:54:57","guid":{"rendered":"https:\/\/uj.adatbank.ro\/lexikon\/termek\/daniel-elek-vargyasi\/"},"modified":"2025-06-28T17:54:57","modified_gmt":"2025-06-28T15:54:57","slug":"daniel-elek-vargyasi","status":"publish","type":"product","link":"https:\/\/uj.adatbank.ro\/lexikon\/termek\/daniel-elek-vargyasi\/","title":{"rendered":"DANIEL Elek, vargyasi"},"content":{"rendered":"<p>1783. j\u00fal. 13., \u2020\u00a0Mv., 1848. m\u00e1rc. 13. Dics\u0151szentm\u00e1rton, csal\u00e1di s\u00edrboltban nyugszik: f\u0151isp\u00e1n, kir. t\u00e1blaib\u00edr\u00f3, a kir. t\u00e1bla-eln\u00f6ke. \u2013 D. Elek (1759 \u2013 Mv., 1812. jan. 23.) \u00e9s Horv\u00e1th Ter\u00e9z (1760\u20131794) fia. Feles\u00e9ge: 1. br. Henter Kl\u00e1ra (1792.? \u2013 Mv., 1819. \u00e1pr. 26), esk\u00fcv\u0151 1819; l\u00e1nya Anna (1815\u20131862); 2\u00a0. nagyajtai Cserei Krisztina (1794 \u2013 Dics\u0151szentm\u00e1rton, 1858. m\u00e1j. 22.),. Gyermekeik: Zs\u00f3fia B\u00e9ldi Ferencn\u00e9 (1820\u20131897); Emilia (1821\u20131865) Spl\u00e9nyi Antaln\u00e9; G\u00e1bor (1824\u20131915) Udvarhelysz\u00e9k f\u0151kir\u00e1lyb\u00edr\u00f3ja majd f\u0151isp\u00e1nja, feles\u00e9ge: plankensteini br. Rauber M\u00e1ria; Zsofia, gr. B\u00e9ldi Ferencn\u00e9. \u2013 Mikl\u00f3sv\u00e1rsz\u00e9k alkir\u00e1lyb\u00edr\u00e1ja; Fels\u0151feh\u00e9r vm. f\u0151isp\u00e1nja (1832\u201338), az erd\u00e9lyi Kir\u00e1lyi T\u00e1bla eln\u00f6ke (1838\u201348); Kv.-on unit. f\u0151gondnok (1843 k.). B\u00e9rbe vette 7 \u00e9vre a Maros egyik sziget\u00e9t, (Csegely k\u00e9s\u0151bb Elba), Houchard J\u00f3zsef szerz\u0151d\u00e9se lej\u00e1rta ut\u00e1n (1830), ott h\u00e1rom \u00e9p\u00fclet kivitelez\u00e9s\u00e9be fogott: f\u00fcrd\u0151, fedett kugli csarnok, egy gloirett. A mv.-i Kaszin\u00f3 m\u00e1sodik f\u0151igazgat\u00f3ja (1843\u201348). Sz\u00ednm\u0171\u00edr\u00f3, a Bud\u00e1n kiadott darabja maradt fenn. \u2013 <strong>F. m.:<\/strong> A k\u00e9t f\u00e9rj feles\u00e9ge: Sz\u00ednj\u00e1t\u00e9k 3 felvon\u00e1sban. (El\u0151adt\u00e1k Bud\u00e1n 1837 jan. 10 \u00e9s 17). A csal\u00e1d dics\u0151szentm\u00e1rtoni kriptak\u00e1poln\u00e1ja a katolikus istentiszteletek helye (18. sz.). <br \/><strong>Irod.:<\/strong> Bi\u00e1s; Bi\u00e1s Istv\u00e1n; Bicsok-Orb\u00e1n; Ga\u00e1l 2001; Gy\u00e1szjelent; Id\u0151t\u00e1r 1.; K\u0151v\u00e1ry L\u00e1szl\u00f3 1899; Kr\u00f3n. f\u00fcz. (1939. 4\/6); L\u00e9sty\u00e1n \u2013 templomok; MNZS; P\u00e1l-Antal 2009; P\u00e1l-Antal 2013; P\u00e1lffy; Szinnyei; Teleki S\u00e1ndor: Eml\u00e9kezz\u00fcnk r\u00e9giekr\u0151l (Buk., 1973); \u00daIL<\/br><\/p>\n","protected":false},"excerpt":{"rendered":"<p>1783. j\u00fal. 13., \u2020\u00a0Mv., 1848. m\u00e1rc. 13. Dics\u0151szentm\u00e1rton, csal\u00e1di s\u00edrboltban nyugszik: f\u0151isp\u00e1n, kir. t\u00e1blaib\u00edr\u00f3, a kir. t\u00e1bla-eln\u00f6ke. \u2013 D. Elek (1759 \u2013 Mv., 1812. jan. 23.) \u00e9s Horv\u00e1th Ter\u00e9z (1760\u20131794) fia. Feles\u00e9ge: 1. br. Henter Kl\u00e1ra (1792.? \u2013 Mv., 1819. \u00e1pr. 26), esk\u00fcv\u0151 1819; l\u00e1nya Anna (1815\u20131862); 2\u00a0. nagyajtai Cserei Krisztina (1794 \u2013 Dics\u0151szentm\u00e1rton, 1858. [&hellip;]<\/p>\n","protected":false},"featured_media":0,"comment_status":"open","ping_status":"closed","template":"","meta":[],"product_brand":[],"product_cat":[137],"product_tag":[],"class_list":{"0":"post-6501","1":"product","2":"type-product","3":"status-publish","5":"product_cat-maros-megyei-eletrajzi-lexikon","7":"first","8":"instock","9":"shipping-taxable","10":"product-type-simple"},"_links":{"self":[{"href":"https:\/\/uj.adatbank.ro\/lexikon\/wp-json\/wp\/v2\/product\/6501","targetHints":{"allow":["GET"]}}],"collection":[{"href":"https:\/\/uj.adatbank.ro\/lexikon\/wp-json\/wp\/v2\/product"}],"about":[{"href":"https:\/\/uj.adatbank.ro\/lexikon\/wp-json\/wp\/v2\/types\/product"}],"replies":[{"embeddable":true,"href":"https:\/\/uj.adatbank.ro\/lexikon\/wp-json\/wp\/v2\/comments?post=6501"}],"wp:attachment":[{"href":"https:\/\/uj.adatbank.ro\/lexikon\/wp-json\/wp\/v2\/media?parent=6501"}],"wp:term":[{"taxonomy":"product_brand","embeddable":true,"href":"https:\/\/uj.adatbank.ro\/lexikon\/wp-json\/wp\/v2\/product_brand?post=6501"},{"taxonomy":"product_cat","embeddable":true,"href":"https:\/\/uj.adatbank.ro\/lexikon\/wp-json\/wp\/v2\/product_cat?post=6501"},{"taxonomy":"product_tag","embeddable":true,"href":"https:\/\/uj.adatbank.ro\/lexikon\/wp-json\/wp\/v2\/product_tag?post=6501"}],"curies":[{"name":"wp","href":"https:\/\/api.w.org\/{rel}","templated":true}]}}