{"id":6502,"date":"2025-06-28T17:54:59","date_gmt":"2025-06-28T15:54:59","guid":{"rendered":"https:\/\/uj.adatbank.ro\/lexikon\/termek\/daniel-elemer-szamosujvarnemeti-br\/"},"modified":"2025-06-28T17:54:59","modified_gmt":"2025-06-28T15:54:59","slug":"daniel-elemer-szamosujvarnemeti-br","status":"publish","type":"product","link":"https:\/\/uj.adatbank.ro\/lexikon\/termek\/daniel-elemer-szamosujvarnemeti-br\/","title":{"rendered":"D\u00c1NIEL Elem\u00e9r, szamos\u00fajv\u00e1rn\u00e9meti br."},"content":{"rendered":"<p>V\u00e1mosg\u00e1lfalva, 1898. febr. 28., \u2020\u00a0? : f\u00f6ldbirtokos, jog\u00e1sz. \u2013 Mih\u00e1ly fia. \u2013 A v\u00e1mosg\u00e1lfalvi kast\u00e9ly tulajdonosa, t\u0151le \u00e1llamos\u00edtott\u00e1k (1949). Az EMKE \u00fcgy\u00e9sze volt (1924). <br \/><strong>Irod.:<\/strong> Bicsok-Orb\u00e1n; EM; Ga\u00e1l: Kv. Vonz\u00e1s\u00e1ban<\/br><\/p>\n","protected":false},"excerpt":{"rendered":"<p>V\u00e1mosg\u00e1lfalva, 1898. febr. 28., \u2020\u00a0? : f\u00f6ldbirtokos, jog\u00e1sz. \u2013 Mih\u00e1ly fia. \u2013 A v\u00e1mosg\u00e1lfalvi kast\u00e9ly tulajdonosa, t\u0151le \u00e1llamos\u00edtott\u00e1k (1949). Az EMKE \u00fcgy\u00e9sze volt (1924). Irod.: Bicsok-Orb\u00e1n; EM; Ga\u00e1l: Kv. Vonz\u00e1s\u00e1ban<\/p>\n","protected":false},"featured_media":0,"comment_status":"open","ping_status":"closed","template":"","meta":[],"product_brand":[],"product_cat":[137],"product_tag":[],"class_list":{"0":"post-6502","1":"product","2":"type-product","3":"status-publish","5":"product_cat-maros-megyei-eletrajzi-lexikon","7":"first","8":"instock","9":"shipping-taxable","10":"product-type-simple"},"_links":{"self":[{"href":"https:\/\/uj.adatbank.ro\/lexikon\/wp-json\/wp\/v2\/product\/6502","targetHints":{"allow":["GET"]}}],"collection":[{"href":"https:\/\/uj.adatbank.ro\/lexikon\/wp-json\/wp\/v2\/product"}],"about":[{"href":"https:\/\/uj.adatbank.ro\/lexikon\/wp-json\/wp\/v2\/types\/product"}],"replies":[{"embeddable":true,"href":"https:\/\/uj.adatbank.ro\/lexikon\/wp-json\/wp\/v2\/comments?post=6502"}],"wp:attachment":[{"href":"https:\/\/uj.adatbank.ro\/lexikon\/wp-json\/wp\/v2\/media?parent=6502"}],"wp:term":[{"taxonomy":"product_brand","embeddable":true,"href":"https:\/\/uj.adatbank.ro\/lexikon\/wp-json\/wp\/v2\/product_brand?post=6502"},{"taxonomy":"product_cat","embeddable":true,"href":"https:\/\/uj.adatbank.ro\/lexikon\/wp-json\/wp\/v2\/product_cat?post=6502"},{"taxonomy":"product_tag","embeddable":true,"href":"https:\/\/uj.adatbank.ro\/lexikon\/wp-json\/wp\/v2\/product_tag?post=6502"}],"curies":[{"name":"wp","href":"https:\/\/api.w.org\/{rel}","templated":true}]}}