{"id":6505,"date":"2025-06-28T17:55:04","date_gmt":"2025-06-28T15:55:04","guid":{"rendered":"https:\/\/uj.adatbank.ro\/lexikon\/termek\/daniel-ferenc-szamosujvarnemeti\/"},"modified":"2025-06-28T17:55:04","modified_gmt":"2025-06-28T15:55:04","slug":"daniel-ferenc-szamosujvarnemeti","status":"publish","type":"product","link":"https:\/\/uj.adatbank.ro\/lexikon\/termek\/daniel-ferenc-szamosujvarnemeti\/","title":{"rendered":"D\u00c1NIEL Ferenc, szamos\u00fajv\u00e1rn\u00e9meti"},"content":{"rendered":"<p>1839., \u2020\u00a0? : f\u0151ldbirtokos. \u2013Krist\u00f3f \u00e9s Szentp\u00e9teri Anna fia. Feles\u00e9ge Keszi Harmat Eleon\u00f3ra. \u2013 Mosonban volt birtoka, megv\u00e1s\u00e1rolta a gr. L\u00e1z\u00e1r volt Haller birtokot \u00e9s kast\u00e9lyt. Mintagazdas\u00e1got folytatott. <br \/><strong>Irod.:<\/strong> Bics\u00f3k-Orb\u00e1n; Keresztes 1995; P\u00e1lmay<\/br><\/p>\n","protected":false},"excerpt":{"rendered":"<p>1839., \u2020\u00a0? : f\u0151ldbirtokos. \u2013Krist\u00f3f \u00e9s Szentp\u00e9teri Anna fia. Feles\u00e9ge Keszi Harmat Eleon\u00f3ra. \u2013 Mosonban volt birtoka, megv\u00e1s\u00e1rolta a gr. L\u00e1z\u00e1r volt Haller birtokot \u00e9s kast\u00e9lyt. Mintagazdas\u00e1got folytatott. Irod.: Bics\u00f3k-Orb\u00e1n; Keresztes 1995; P\u00e1lmay<\/p>\n","protected":false},"featured_media":0,"comment_status":"open","ping_status":"closed","template":"","meta":[],"product_brand":[],"product_cat":[137],"product_tag":[],"class_list":{"0":"post-6505","1":"product","2":"type-product","3":"status-publish","5":"product_cat-maros-megyei-eletrajzi-lexikon","7":"first","8":"instock","9":"shipping-taxable","10":"product-type-simple"},"_links":{"self":[{"href":"https:\/\/uj.adatbank.ro\/lexikon\/wp-json\/wp\/v2\/product\/6505","targetHints":{"allow":["GET"]}}],"collection":[{"href":"https:\/\/uj.adatbank.ro\/lexikon\/wp-json\/wp\/v2\/product"}],"about":[{"href":"https:\/\/uj.adatbank.ro\/lexikon\/wp-json\/wp\/v2\/types\/product"}],"replies":[{"embeddable":true,"href":"https:\/\/uj.adatbank.ro\/lexikon\/wp-json\/wp\/v2\/comments?post=6505"}],"wp:attachment":[{"href":"https:\/\/uj.adatbank.ro\/lexikon\/wp-json\/wp\/v2\/media?parent=6505"}],"wp:term":[{"taxonomy":"product_brand","embeddable":true,"href":"https:\/\/uj.adatbank.ro\/lexikon\/wp-json\/wp\/v2\/product_brand?post=6505"},{"taxonomy":"product_cat","embeddable":true,"href":"https:\/\/uj.adatbank.ro\/lexikon\/wp-json\/wp\/v2\/product_cat?post=6505"},{"taxonomy":"product_tag","embeddable":true,"href":"https:\/\/uj.adatbank.ro\/lexikon\/wp-json\/wp\/v2\/product_tag?post=6505"}],"curies":[{"name":"wp","href":"https:\/\/api.w.org\/{rel}","templated":true}]}}