{"id":6506,"date":"2025-06-28T17:55:06","date_gmt":"2025-06-28T15:55:06","guid":{"rendered":"https:\/\/uj.adatbank.ro\/lexikon\/termek\/daniel-gabor\/"},"modified":"2025-06-28T17:55:06","modified_gmt":"2025-06-28T15:55:06","slug":"daniel-gabor","status":"publish","type":"product","link":"https:\/\/uj.adatbank.ro\/lexikon\/termek\/daniel-gabor\/","title":{"rendered":"D\u00c1NIEL G\u00e1bor"},"content":{"rendered":"<p>? \u2020 ? : jog\u00e1sz, \u00edt\u00e9l\u0151t\u00e1bla eln\u00f6ke. \u2013 A Kir. It\u00e9l\u0151 T\u00e1bla Medgyesr\u0151l Mv.-re k\u00f6lt\u00f6z\u00f6tt (1754), ennek az utols\u00f3 v\u00e1lasztott eln\u00f6ke volt (1848-ig). <br \/><strong>Irod.:<\/strong> Szentgy\u00f6rgyi<\/br><\/p>\n","protected":false},"excerpt":{"rendered":"<p>? \u2020 ? : jog\u00e1sz, \u00edt\u00e9l\u0151t\u00e1bla eln\u00f6ke. \u2013 A Kir. It\u00e9l\u0151 T\u00e1bla Medgyesr\u0151l Mv.-re k\u00f6lt\u00f6z\u00f6tt (1754), ennek az utols\u00f3 v\u00e1lasztott eln\u00f6ke volt (1848-ig). Irod.: Szentgy\u00f6rgyi<\/p>\n","protected":false},"featured_media":0,"comment_status":"open","ping_status":"closed","template":"","meta":[],"product_brand":[],"product_cat":[137],"product_tag":[],"class_list":{"0":"post-6506","1":"product","2":"type-product","3":"status-publish","5":"product_cat-maros-megyei-eletrajzi-lexikon","7":"first","8":"instock","9":"shipping-taxable","10":"product-type-simple"},"_links":{"self":[{"href":"https:\/\/uj.adatbank.ro\/lexikon\/wp-json\/wp\/v2\/product\/6506","targetHints":{"allow":["GET"]}}],"collection":[{"href":"https:\/\/uj.adatbank.ro\/lexikon\/wp-json\/wp\/v2\/product"}],"about":[{"href":"https:\/\/uj.adatbank.ro\/lexikon\/wp-json\/wp\/v2\/types\/product"}],"replies":[{"embeddable":true,"href":"https:\/\/uj.adatbank.ro\/lexikon\/wp-json\/wp\/v2\/comments?post=6506"}],"wp:attachment":[{"href":"https:\/\/uj.adatbank.ro\/lexikon\/wp-json\/wp\/v2\/media?parent=6506"}],"wp:term":[{"taxonomy":"product_brand","embeddable":true,"href":"https:\/\/uj.adatbank.ro\/lexikon\/wp-json\/wp\/v2\/product_brand?post=6506"},{"taxonomy":"product_cat","embeddable":true,"href":"https:\/\/uj.adatbank.ro\/lexikon\/wp-json\/wp\/v2\/product_cat?post=6506"},{"taxonomy":"product_tag","embeddable":true,"href":"https:\/\/uj.adatbank.ro\/lexikon\/wp-json\/wp\/v2\/product_tag?post=6506"}],"curies":[{"name":"wp","href":"https:\/\/api.w.org\/{rel}","templated":true}]}}