{"id":6507,"date":"2025-06-28T17:55:08","date_gmt":"2025-06-28T15:55:08","guid":{"rendered":"https:\/\/uj.adatbank.ro\/lexikon\/termek\/daniel-gabor-2\/"},"modified":"2025-06-28T17:55:08","modified_gmt":"2025-06-28T15:55:08","slug":"daniel-gabor-2","status":"publish","type":"product","link":"https:\/\/uj.adatbank.ro\/lexikon\/termek\/daniel-gabor-2\/","title":{"rendered":"D\u00c1NIEL G\u00e1bor"},"content":{"rendered":"<p>Mv., ? \u2020 Sz\u0151d, 1918. j\u00fan. 4: \u00fcgyv\u00e9d, politikus. \u2013 Az okl\u00e1ndi ker\u00fcletben (1892\u2013) \u00fcgyv\u00e9d. Ol\u00e1hfalu orsz\u00e1ggy\u00fcl\u00e9si k\u00e9pvisel\u0151je, szabadelv\u0171 programmal (1896, 1905 \u00e9s 1910), a Nemzeti Munkap\u00e1rt aleln\u00f6ke (1910), k\u00e9t ciklusban a H\u00e1z aleln\u00f6ke. Egyh\u00e1zk\u00f6ri fel\u00fcgyel\u0151 gondnok (1902\u2013). <br \/><strong>Irod.:<\/strong> Kelemen<\/br><\/p>\n","protected":false},"excerpt":{"rendered":"<p>Mv., ? \u2020 Sz\u0151d, 1918. j\u00fan. 4: \u00fcgyv\u00e9d, politikus. \u2013 Az okl\u00e1ndi ker\u00fcletben (1892\u2013) \u00fcgyv\u00e9d. Ol\u00e1hfalu orsz\u00e1ggy\u00fcl\u00e9si k\u00e9pvisel\u0151je, szabadelv\u0171 programmal (1896, 1905 \u00e9s 1910), a Nemzeti Munkap\u00e1rt aleln\u00f6ke (1910), k\u00e9t ciklusban a H\u00e1z aleln\u00f6ke. Egyh\u00e1zk\u00f6ri fel\u00fcgyel\u0151 gondnok (1902\u2013). Irod.: Kelemen<\/p>\n","protected":false},"featured_media":0,"comment_status":"open","ping_status":"closed","template":"","meta":[],"product_brand":[],"product_cat":[137],"product_tag":[],"class_list":{"0":"post-6507","1":"product","2":"type-product","3":"status-publish","5":"product_cat-maros-megyei-eletrajzi-lexikon","7":"first","8":"instock","9":"shipping-taxable","10":"product-type-simple"},"_links":{"self":[{"href":"https:\/\/uj.adatbank.ro\/lexikon\/wp-json\/wp\/v2\/product\/6507","targetHints":{"allow":["GET"]}}],"collection":[{"href":"https:\/\/uj.adatbank.ro\/lexikon\/wp-json\/wp\/v2\/product"}],"about":[{"href":"https:\/\/uj.adatbank.ro\/lexikon\/wp-json\/wp\/v2\/types\/product"}],"replies":[{"embeddable":true,"href":"https:\/\/uj.adatbank.ro\/lexikon\/wp-json\/wp\/v2\/comments?post=6507"}],"wp:attachment":[{"href":"https:\/\/uj.adatbank.ro\/lexikon\/wp-json\/wp\/v2\/media?parent=6507"}],"wp:term":[{"taxonomy":"product_brand","embeddable":true,"href":"https:\/\/uj.adatbank.ro\/lexikon\/wp-json\/wp\/v2\/product_brand?post=6507"},{"taxonomy":"product_cat","embeddable":true,"href":"https:\/\/uj.adatbank.ro\/lexikon\/wp-json\/wp\/v2\/product_cat?post=6507"},{"taxonomy":"product_tag","embeddable":true,"href":"https:\/\/uj.adatbank.ro\/lexikon\/wp-json\/wp\/v2\/product_tag?post=6507"}],"curies":[{"name":"wp","href":"https:\/\/api.w.org\/{rel}","templated":true}]}}