{"id":6510,"date":"2025-06-28T17:55:12","date_gmt":"2025-06-28T15:55:12","guid":{"rendered":"https:\/\/uj.adatbank.ro\/lexikon\/termek\/daniel-istvan-vargyasi-br-2\/"},"modified":"2025-06-28T17:55:12","modified_gmt":"2025-06-28T15:55:12","slug":"daniel-istvan-vargyasi-br-2","status":"publish","type":"product","link":"https:\/\/uj.adatbank.ro\/lexikon\/termek\/daniel-istvan-vargyasi-br-2\/","title":{"rendered":"DANIEL Istv\u00e1n, vargyasi br."},"content":{"rendered":"<p>1724., \u2020\u00a01788.: f\u0151\u00far, f\u0151kir\u00e1lyb\u00edr\u00f3, f\u0151korm\u00e1nysz\u00e9ki tan\u00e1csos, aranykulcsos b. t. t. \u2013 Istv\u00e1n (1684- 1774) \u00e9s petrovinai Pekry Polix\u00e9nia fia. Feles\u00e9ge: 1. losonczi B\u00e1nffy \u00c1gnes (1731-Sz\u00e1szvessz\u0151s, 1754. aug.), B\u00e1nffy Gy\u00f6rgy (1689\u20131735) \u00e9s Thoroczkay \u00c1gnes le\u00e1nya. Gyermekeik: Istv\u00e1n, cs. kir. hadnagy; Zsuzsanna Barcsay L\u00e1szl\u00f3n\u00e9; Polixenia (1720\u20131775), a \u00ab Magyar Minerva\u00a0\u00bb, hadadi br. Wessel\u00e9nyi Istv\u00e1nn\u00e9 (1708\u20131757). 2. zabolai Mikes Anna (\u20201817). \u2013 Udvarhelysz\u00e9ki f\u0151kir\u00e1lyb\u00edr\u00f3, f\u0151korm\u00e1nysz\u00e1ki tan\u00e1csos, aranykulcsos b. t. t. Mv.-en kelt k\u00f6lcs\u00f6n\u00f6s v\u00e9grendelet\u00e9ben feles\u00e9g\u00e9vel Mikes Ann\u00e1val meger\u0151s\u00edtette azt a b\u00faza \u00e9s bord\u00e9zsm\u00e1t, amit m\u00e9g sz\u00fclei hagytak a mv.-i Ref. Koll.-ra (1783). Ezenk\u00edv\u00fcl \u00e9letfogytiglen ell\u00e1tj\u00e1k Borosnyai Luk\u00e1cs Simeon v\u00e1rtemplomi lelk\u00e9szt a birtokukr\u00f3l behozott d\u00e9zsma j\u00f6vedelm\u00e9nek egy r\u00e9sz\u00e9vel (1783). <br \/><strong>Irod.:<\/strong> Bicsok-Orb\u00e1n; Bozac-Pavel; Gudenus; Halotti besz\u00e9dek; Id\u0151t\u00e1r 1; P\u00e1lmay<\/br><\/p>\n","protected":false},"excerpt":{"rendered":"<p>1724., \u2020\u00a01788.: f\u0151\u00far, f\u0151kir\u00e1lyb\u00edr\u00f3, f\u0151korm\u00e1nysz\u00e9ki tan\u00e1csos, aranykulcsos b. t. t. \u2013 Istv\u00e1n (1684- 1774) \u00e9s petrovinai Pekry Polix\u00e9nia fia. Feles\u00e9ge: 1. losonczi B\u00e1nffy \u00c1gnes (1731-Sz\u00e1szvessz\u0151s, 1754. aug.), B\u00e1nffy Gy\u00f6rgy (1689\u20131735) \u00e9s Thoroczkay \u00c1gnes le\u00e1nya. Gyermekeik: Istv\u00e1n, cs. kir. hadnagy; Zsuzsanna Barcsay L\u00e1szl\u00f3n\u00e9; Polixenia (1720\u20131775), a \u00ab Magyar Minerva\u00a0\u00bb, hadadi br. Wessel\u00e9nyi Istv\u00e1nn\u00e9 (1708\u20131757). 2. zabolai [&hellip;]<\/p>\n","protected":false},"featured_media":0,"comment_status":"open","ping_status":"closed","template":"","meta":[],"product_brand":[],"product_cat":[137],"product_tag":[],"class_list":{"0":"post-6510","1":"product","2":"type-product","3":"status-publish","5":"product_cat-maros-megyei-eletrajzi-lexikon","7":"first","8":"instock","9":"shipping-taxable","10":"product-type-simple"},"_links":{"self":[{"href":"https:\/\/uj.adatbank.ro\/lexikon\/wp-json\/wp\/v2\/product\/6510","targetHints":{"allow":["GET"]}}],"collection":[{"href":"https:\/\/uj.adatbank.ro\/lexikon\/wp-json\/wp\/v2\/product"}],"about":[{"href":"https:\/\/uj.adatbank.ro\/lexikon\/wp-json\/wp\/v2\/types\/product"}],"replies":[{"embeddable":true,"href":"https:\/\/uj.adatbank.ro\/lexikon\/wp-json\/wp\/v2\/comments?post=6510"}],"wp:attachment":[{"href":"https:\/\/uj.adatbank.ro\/lexikon\/wp-json\/wp\/v2\/media?parent=6510"}],"wp:term":[{"taxonomy":"product_brand","embeddable":true,"href":"https:\/\/uj.adatbank.ro\/lexikon\/wp-json\/wp\/v2\/product_brand?post=6510"},{"taxonomy":"product_cat","embeddable":true,"href":"https:\/\/uj.adatbank.ro\/lexikon\/wp-json\/wp\/v2\/product_cat?post=6510"},{"taxonomy":"product_tag","embeddable":true,"href":"https:\/\/uj.adatbank.ro\/lexikon\/wp-json\/wp\/v2\/product_tag?post=6510"}],"curies":[{"name":"wp","href":"https:\/\/api.w.org\/{rel}","templated":true}]}}