{"id":6514,"date":"2025-06-28T17:55:20","date_gmt":"2025-06-28T15:55:20","guid":{"rendered":"https:\/\/uj.adatbank.ro\/lexikon\/termek\/daniel-lorinc-pasztohi\/"},"modified":"2025-06-28T17:55:20","modified_gmt":"2025-06-28T15:55:20","slug":"daniel-lorinc-pasztohi","status":"publish","type":"product","link":"https:\/\/uj.adatbank.ro\/lexikon\/termek\/daniel-lorinc-pasztohi\/","title":{"rendered":"DANIEL L\u0151rinc, p\u00e1sztohi"},"content":{"rendered":"<p>1840.? \u2020\u00a0Gog\u00e1nv\u00e1ralya, 1883. nov. 19. csal\u00e1di s\u00edrboltban: birtokos. \u2013 Feles\u00e9ge: Koncz K\u00e1rolina. L\u00e1nyaik\u00a0: Josetin, Kata \u00e9s Mari. <br \/><strong>Irod.:<\/strong> Gy\u00e1szjelent.<\/br><\/p>\n","protected":false},"excerpt":{"rendered":"<p>1840.? \u2020\u00a0Gog\u00e1nv\u00e1ralya, 1883. nov. 19. csal\u00e1di s\u00edrboltban: birtokos. \u2013 Feles\u00e9ge: Koncz K\u00e1rolina. L\u00e1nyaik\u00a0: Josetin, Kata \u00e9s Mari. Irod.: Gy\u00e1szjelent.<\/p>\n","protected":false},"featured_media":0,"comment_status":"open","ping_status":"closed","template":"","meta":[],"product_brand":[],"product_cat":[137],"product_tag":[],"class_list":{"0":"post-6514","1":"product","2":"type-product","3":"status-publish","5":"product_cat-maros-megyei-eletrajzi-lexikon","7":"first","8":"instock","9":"shipping-taxable","10":"product-type-simple"},"_links":{"self":[{"href":"https:\/\/uj.adatbank.ro\/lexikon\/wp-json\/wp\/v2\/product\/6514","targetHints":{"allow":["GET"]}}],"collection":[{"href":"https:\/\/uj.adatbank.ro\/lexikon\/wp-json\/wp\/v2\/product"}],"about":[{"href":"https:\/\/uj.adatbank.ro\/lexikon\/wp-json\/wp\/v2\/types\/product"}],"replies":[{"embeddable":true,"href":"https:\/\/uj.adatbank.ro\/lexikon\/wp-json\/wp\/v2\/comments?post=6514"}],"wp:attachment":[{"href":"https:\/\/uj.adatbank.ro\/lexikon\/wp-json\/wp\/v2\/media?parent=6514"}],"wp:term":[{"taxonomy":"product_brand","embeddable":true,"href":"https:\/\/uj.adatbank.ro\/lexikon\/wp-json\/wp\/v2\/product_brand?post=6514"},{"taxonomy":"product_cat","embeddable":true,"href":"https:\/\/uj.adatbank.ro\/lexikon\/wp-json\/wp\/v2\/product_cat?post=6514"},{"taxonomy":"product_tag","embeddable":true,"href":"https:\/\/uj.adatbank.ro\/lexikon\/wp-json\/wp\/v2\/product_tag?post=6514"}],"curies":[{"name":"wp","href":"https:\/\/api.w.org\/{rel}","templated":true}]}}