{"id":6515,"date":"2025-06-28T17:55:22","date_gmt":"2025-06-28T15:55:22","guid":{"rendered":"https:\/\/uj.adatbank.ro\/lexikon\/termek\/daniel-lorinc-vargyasi-olasztelki\/"},"modified":"2025-06-28T17:55:22","modified_gmt":"2025-06-28T15:55:22","slug":"daniel-lorinc-vargyasi-olasztelki","status":"publish","type":"product","link":"https:\/\/uj.adatbank.ro\/lexikon\/termek\/daniel-lorinc-vargyasi-olasztelki\/","title":{"rendered":"DANIEL L\u0151rinc, vargyasi, olasztelki"},"content":{"rendered":"<p>? \u2020\u00a0? : birtokos, kir. t\u00e1blai \u00fcln\u00f6k, ezredes. \u2013 L\u0151rinc (\u2020 1780 ) \u00e9s Teleki Borb\u00e1la fia. Feles\u00e9ge: Gudenus Eleonora. Gyermekeik: Jozefa (1757\u20131822) Rauber Mikl\u00f3sn\u00e9; S\u00e1muel (\u2020 1801). \u2013 B\u00e1r\u00f3i rangot kapott M\u00e1ria Ter\u00e9zi\u00e1t\u00f3l (1751). Kir\u00e1lyi T\u00e1blai \u00fcln\u00f6k. Felmentett\u00e9k tiszts\u00e9g\u00e9b\u0151l (1771). Az olaszteleki \u00e1g gyermekeiben kihalt. <br \/><strong>Irod.:<\/strong> Bics\u00f3k-Orb\u00e1n; Id\u0151t\u00e1r 1; P\u00e1lmay; Sas P\u00e9ter<\/br><\/p>\n","protected":false},"excerpt":{"rendered":"<p>? \u2020\u00a0? : birtokos, kir. t\u00e1blai \u00fcln\u00f6k, ezredes. \u2013 L\u0151rinc (\u2020 1780 ) \u00e9s Teleki Borb\u00e1la fia. Feles\u00e9ge: Gudenus Eleonora. Gyermekeik: Jozefa (1757\u20131822) Rauber Mikl\u00f3sn\u00e9; S\u00e1muel (\u2020 1801). \u2013 B\u00e1r\u00f3i rangot kapott M\u00e1ria Ter\u00e9zi\u00e1t\u00f3l (1751). Kir\u00e1lyi T\u00e1blai \u00fcln\u00f6k. Felmentett\u00e9k tiszts\u00e9g\u00e9b\u0151l (1771). Az olaszteleki \u00e1g gyermekeiben kihalt. Irod.: Bics\u00f3k-Orb\u00e1n; Id\u0151t\u00e1r 1; P\u00e1lmay; Sas P\u00e9ter<\/p>\n","protected":false},"featured_media":0,"comment_status":"open","ping_status":"closed","template":"","meta":[],"product_brand":[],"product_cat":[137],"product_tag":[],"class_list":{"0":"post-6515","1":"product","2":"type-product","3":"status-publish","5":"product_cat-maros-megyei-eletrajzi-lexikon","7":"first","8":"instock","9":"shipping-taxable","10":"product-type-simple"},"_links":{"self":[{"href":"https:\/\/uj.adatbank.ro\/lexikon\/wp-json\/wp\/v2\/product\/6515","targetHints":{"allow":["GET"]}}],"collection":[{"href":"https:\/\/uj.adatbank.ro\/lexikon\/wp-json\/wp\/v2\/product"}],"about":[{"href":"https:\/\/uj.adatbank.ro\/lexikon\/wp-json\/wp\/v2\/types\/product"}],"replies":[{"embeddable":true,"href":"https:\/\/uj.adatbank.ro\/lexikon\/wp-json\/wp\/v2\/comments?post=6515"}],"wp:attachment":[{"href":"https:\/\/uj.adatbank.ro\/lexikon\/wp-json\/wp\/v2\/media?parent=6515"}],"wp:term":[{"taxonomy":"product_brand","embeddable":true,"href":"https:\/\/uj.adatbank.ro\/lexikon\/wp-json\/wp\/v2\/product_brand?post=6515"},{"taxonomy":"product_cat","embeddable":true,"href":"https:\/\/uj.adatbank.ro\/lexikon\/wp-json\/wp\/v2\/product_cat?post=6515"},{"taxonomy":"product_tag","embeddable":true,"href":"https:\/\/uj.adatbank.ro\/lexikon\/wp-json\/wp\/v2\/product_tag?post=6515"}],"curies":[{"name":"wp","href":"https:\/\/api.w.org\/{rel}","templated":true}]}}