{"id":6516,"date":"2025-06-28T17:55:23","date_gmt":"2025-06-28T15:55:23","guid":{"rendered":"https:\/\/uj.adatbank.ro\/lexikon\/termek\/daniel-mihaly-szamosujvari\/"},"modified":"2025-06-28T17:55:23","modified_gmt":"2025-06-28T15:55:23","slug":"daniel-mihaly-szamosujvari","status":"publish","type":"product","link":"https:\/\/uj.adatbank.ro\/lexikon\/termek\/daniel-mihaly-szamosujvari\/","title":{"rendered":"DANIEL Mih\u00e1ly, szamos\u00fajv\u00e1ri"},"content":{"rendered":"<p>? \u2020\u00a0? : f\u00f6ldbirtokos. \u2013 Az erzs\u00e9betv\u00e1rosi \u00e1gb\u00f3l sz\u00e1rmazott. Fia: Elem\u00e9r. \u2013 Val\u00f3sz\u00edn\u0171leg hogy a v\u00e1mosg\u00e1lfalvi uradalom v\u00e1s\u00e1rl\u00e1s utj\u00e1n ker\u00fclt a birtok\u00e1ba. V\u00e1mosg\u00e1lfalv\u00e1n \u00e9lt \u00e9s gazd\u00e1lkodott. Vagyon\u00e1t fia \u00f6r\u00f6k\u00f6lte. <br \/><strong>Irod.:<\/strong> Bicsok-Orb\u00e1n; Bor\u00e1szati t\u00f6rzsk\u00f6nyv (Bp., 1883); Daniel G\u00e1bor: A vargyasi Daniel csal\u00e1d k\u00f6zp\u00e1ly\u00e1n \u00e9s a mag\u00e1n\u00e9letben (Bp., 1894); P\u00e1lmay<\/br><\/p>\n","protected":false},"excerpt":{"rendered":"<p>? \u2020\u00a0? : f\u00f6ldbirtokos. \u2013 Az erzs\u00e9betv\u00e1rosi \u00e1gb\u00f3l sz\u00e1rmazott. Fia: Elem\u00e9r. \u2013 Val\u00f3sz\u00edn\u0171leg hogy a v\u00e1mosg\u00e1lfalvi uradalom v\u00e1s\u00e1rl\u00e1s utj\u00e1n ker\u00fclt a birtok\u00e1ba. V\u00e1mosg\u00e1lfalv\u00e1n \u00e9lt \u00e9s gazd\u00e1lkodott. Vagyon\u00e1t fia \u00f6r\u00f6k\u00f6lte. Irod.: Bicsok-Orb\u00e1n; Bor\u00e1szati t\u00f6rzsk\u00f6nyv (Bp., 1883); Daniel G\u00e1bor: A vargyasi Daniel csal\u00e1d k\u00f6zp\u00e1ly\u00e1n \u00e9s a mag\u00e1n\u00e9letben (Bp., 1894); P\u00e1lmay<\/p>\n","protected":false},"featured_media":0,"comment_status":"open","ping_status":"closed","template":"","meta":[],"product_brand":[],"product_cat":[137],"product_tag":[],"class_list":{"0":"post-6516","1":"product","2":"type-product","3":"status-publish","5":"product_cat-maros-megyei-eletrajzi-lexikon","7":"first","8":"instock","9":"shipping-taxable","10":"product-type-simple"},"_links":{"self":[{"href":"https:\/\/uj.adatbank.ro\/lexikon\/wp-json\/wp\/v2\/product\/6516","targetHints":{"allow":["GET"]}}],"collection":[{"href":"https:\/\/uj.adatbank.ro\/lexikon\/wp-json\/wp\/v2\/product"}],"about":[{"href":"https:\/\/uj.adatbank.ro\/lexikon\/wp-json\/wp\/v2\/types\/product"}],"replies":[{"embeddable":true,"href":"https:\/\/uj.adatbank.ro\/lexikon\/wp-json\/wp\/v2\/comments?post=6516"}],"wp:attachment":[{"href":"https:\/\/uj.adatbank.ro\/lexikon\/wp-json\/wp\/v2\/media?parent=6516"}],"wp:term":[{"taxonomy":"product_brand","embeddable":true,"href":"https:\/\/uj.adatbank.ro\/lexikon\/wp-json\/wp\/v2\/product_brand?post=6516"},{"taxonomy":"product_cat","embeddable":true,"href":"https:\/\/uj.adatbank.ro\/lexikon\/wp-json\/wp\/v2\/product_cat?post=6516"},{"taxonomy":"product_tag","embeddable":true,"href":"https:\/\/uj.adatbank.ro\/lexikon\/wp-json\/wp\/v2\/product_tag?post=6516"}],"curies":[{"name":"wp","href":"https:\/\/api.w.org\/{rel}","templated":true}]}}