{"id":6518,"date":"2025-06-28T17:55:27","date_gmt":"2025-06-28T15:55:27","guid":{"rendered":"https:\/\/uj.adatbank.ro\/lexikon\/termek\/daniel-tibor\/"},"modified":"2025-06-28T17:55:27","modified_gmt":"2025-06-28T15:55:27","slug":"daniel-tibor","status":"publish","type":"product","link":"https:\/\/uj.adatbank.ro\/lexikon\/termek\/daniel-tibor\/","title":{"rendered":"D\u00c1NIEL Tibor"},"content":{"rendered":"<p>Vadad, 1936. dec. 6., \u2020\u00a02010. nov., : orvos. \u2013 Feles\u00e9ge: Elekes Margit. Gyermekeik: Imola (1963), Andrea (1966), orvosok. &#8211; K\u00f6z\u00e9piskolai \u00e9s orvosegyetemi tanulm\u00e1nyait Mv.-en v\u00e9gezte (1961). -K\u00f6rorvos Csikkarcfalv\u00e1n (1961\u20131969), seb\u00e9sz secundar a Mv.-i Seb\u00e9szeti Klinik\u00e1n (1969\u20131973), seb\u00e9sz szakorvos Sz\u00e9kelykereszt\u00faron (1973\u20131974), Gyergy\u00f3szentmikl\u00f3son (1974\u20131989), Mo.-ra telep\u00fclt (1989\u201391) <br \/><strong>Irod.:<\/strong> B\u00e9rczes Judit<\/br><\/p>\n","protected":false},"excerpt":{"rendered":"<p>Vadad, 1936. dec. 6., \u2020\u00a02010. nov., : orvos. \u2013 Feles\u00e9ge: Elekes Margit. Gyermekeik: Imola (1963), Andrea (1966), orvosok. &#8211; K\u00f6z\u00e9piskolai \u00e9s orvosegyetemi tanulm\u00e1nyait Mv.-en v\u00e9gezte (1961). -K\u00f6rorvos Csikkarcfalv\u00e1n (1961\u20131969), seb\u00e9sz secundar a Mv.-i Seb\u00e9szeti Klinik\u00e1n (1969\u20131973), seb\u00e9sz szakorvos Sz\u00e9kelykereszt\u00faron (1973\u20131974), Gyergy\u00f3szentmikl\u00f3son (1974\u20131989), Mo.-ra telep\u00fclt (1989\u201391) Irod.: B\u00e9rczes Judit<\/p>\n","protected":false},"featured_media":0,"comment_status":"open","ping_status":"closed","template":"","meta":[],"product_brand":[],"product_cat":[137],"product_tag":[],"class_list":{"0":"post-6518","1":"product","2":"type-product","3":"status-publish","5":"product_cat-maros-megyei-eletrajzi-lexikon","7":"first","8":"instock","9":"shipping-taxable","10":"product-type-simple"},"_links":{"self":[{"href":"https:\/\/uj.adatbank.ro\/lexikon\/wp-json\/wp\/v2\/product\/6518","targetHints":{"allow":["GET"]}}],"collection":[{"href":"https:\/\/uj.adatbank.ro\/lexikon\/wp-json\/wp\/v2\/product"}],"about":[{"href":"https:\/\/uj.adatbank.ro\/lexikon\/wp-json\/wp\/v2\/types\/product"}],"replies":[{"embeddable":true,"href":"https:\/\/uj.adatbank.ro\/lexikon\/wp-json\/wp\/v2\/comments?post=6518"}],"wp:attachment":[{"href":"https:\/\/uj.adatbank.ro\/lexikon\/wp-json\/wp\/v2\/media?parent=6518"}],"wp:term":[{"taxonomy":"product_brand","embeddable":true,"href":"https:\/\/uj.adatbank.ro\/lexikon\/wp-json\/wp\/v2\/product_brand?post=6518"},{"taxonomy":"product_cat","embeddable":true,"href":"https:\/\/uj.adatbank.ro\/lexikon\/wp-json\/wp\/v2\/product_cat?post=6518"},{"taxonomy":"product_tag","embeddable":true,"href":"https:\/\/uj.adatbank.ro\/lexikon\/wp-json\/wp\/v2\/product_tag?post=6518"}],"curies":[{"name":"wp","href":"https:\/\/api.w.org\/{rel}","templated":true}]}}