{"id":6520,"date":"2025-06-28T17:55:31","date_gmt":"2025-06-28T15:55:31","guid":{"rendered":"https:\/\/uj.adatbank.ro\/lexikon\/termek\/daniel-zsofia-vargyasi\/"},"modified":"2025-06-28T17:55:31","modified_gmt":"2025-06-28T15:55:31","slug":"daniel-zsofia-vargyasi","status":"publish","type":"product","link":"https:\/\/uj.adatbank.ro\/lexikon\/termek\/daniel-zsofia-vargyasi\/","title":{"rendered":"DANIEL Zs\u00f3fia, vargyasi"},"content":{"rendered":"<p>1666 \u2020\u00a01682: birtokos nemes. \u2013 Mih\u00e1ly \u00e9s Haller Judit l\u00e1nya. F\u00e9rje losonczi B\u00e1nffy Gy\u00f6rgy (1660\u20131708) Erd\u00e9ly els\u0151 gubern\u00e1tora. <br \/><strong>Irod.:<\/strong> Cs. D\u00e1vid Gyula; Kempelen; P\u00e1lmay<\/br><\/p>\n","protected":false},"excerpt":{"rendered":"<p>1666 \u2020\u00a01682: birtokos nemes. \u2013 Mih\u00e1ly \u00e9s Haller Judit l\u00e1nya. F\u00e9rje losonczi B\u00e1nffy Gy\u00f6rgy (1660\u20131708) Erd\u00e9ly els\u0151 gubern\u00e1tora. Irod.: Cs. D\u00e1vid Gyula; Kempelen; P\u00e1lmay<\/p>\n","protected":false},"featured_media":0,"comment_status":"open","ping_status":"closed","template":"","meta":[],"product_brand":[],"product_cat":[137],"product_tag":[],"class_list":{"0":"post-6520","1":"product","2":"type-product","3":"status-publish","5":"product_cat-maros-megyei-eletrajzi-lexikon","7":"first","8":"instock","9":"shipping-taxable","10":"product-type-simple"},"_links":{"self":[{"href":"https:\/\/uj.adatbank.ro\/lexikon\/wp-json\/wp\/v2\/product\/6520","targetHints":{"allow":["GET"]}}],"collection":[{"href":"https:\/\/uj.adatbank.ro\/lexikon\/wp-json\/wp\/v2\/product"}],"about":[{"href":"https:\/\/uj.adatbank.ro\/lexikon\/wp-json\/wp\/v2\/types\/product"}],"replies":[{"embeddable":true,"href":"https:\/\/uj.adatbank.ro\/lexikon\/wp-json\/wp\/v2\/comments?post=6520"}],"wp:attachment":[{"href":"https:\/\/uj.adatbank.ro\/lexikon\/wp-json\/wp\/v2\/media?parent=6520"}],"wp:term":[{"taxonomy":"product_brand","embeddable":true,"href":"https:\/\/uj.adatbank.ro\/lexikon\/wp-json\/wp\/v2\/product_brand?post=6520"},{"taxonomy":"product_cat","embeddable":true,"href":"https:\/\/uj.adatbank.ro\/lexikon\/wp-json\/wp\/v2\/product_cat?post=6520"},{"taxonomy":"product_tag","embeddable":true,"href":"https:\/\/uj.adatbank.ro\/lexikon\/wp-json\/wp\/v2\/product_tag?post=6520"}],"curies":[{"name":"wp","href":"https:\/\/api.w.org\/{rel}","templated":true}]}}