{"id":6522,"date":"2025-06-28T17:55:34","date_gmt":"2025-06-28T15:55:34","guid":{"rendered":"https:\/\/uj.adatbank.ro\/lexikon\/termek\/danila-gabi\/"},"modified":"2025-06-28T17:55:34","modified_gmt":"2025-06-28T15:55:34","slug":"danila-gabi","status":"publish","type":"product","link":"https:\/\/uj.adatbank.ro\/lexikon\/termek\/danila-gabi\/","title":{"rendered":"D\u0102NIL\u0102 Gabi"},"content":{"rendered":"<p>1963. aug. 13., \u2020 Mv., 1989. dec.: alhadnagy. &#8211; A Bel\u00fcgy Miniszt\u00e9riumn\u00e1l dolgozott, Mv.- en \u00f6lt\u00e9k meg. <br \/><strong>Irod.:<\/strong> Ioni\u0163oiu, Cicerone<\/br><\/p>\n","protected":false},"excerpt":{"rendered":"<p>1963. aug. 13., \u2020 Mv., 1989. dec.: alhadnagy. &#8211; A Bel\u00fcgy Miniszt\u00e9riumn\u00e1l dolgozott, Mv.- en \u00f6lt\u00e9k meg. Irod.: Ioni\u0163oiu, Cicerone<\/p>\n","protected":false},"featured_media":0,"comment_status":"open","ping_status":"closed","template":"","meta":[],"product_brand":[],"product_cat":[137],"product_tag":[],"class_list":{"0":"post-6522","1":"product","2":"type-product","3":"status-publish","5":"product_cat-maros-megyei-eletrajzi-lexikon","7":"first","8":"instock","9":"shipping-taxable","10":"product-type-simple"},"_links":{"self":[{"href":"https:\/\/uj.adatbank.ro\/lexikon\/wp-json\/wp\/v2\/product\/6522","targetHints":{"allow":["GET"]}}],"collection":[{"href":"https:\/\/uj.adatbank.ro\/lexikon\/wp-json\/wp\/v2\/product"}],"about":[{"href":"https:\/\/uj.adatbank.ro\/lexikon\/wp-json\/wp\/v2\/types\/product"}],"replies":[{"embeddable":true,"href":"https:\/\/uj.adatbank.ro\/lexikon\/wp-json\/wp\/v2\/comments?post=6522"}],"wp:attachment":[{"href":"https:\/\/uj.adatbank.ro\/lexikon\/wp-json\/wp\/v2\/media?parent=6522"}],"wp:term":[{"taxonomy":"product_brand","embeddable":true,"href":"https:\/\/uj.adatbank.ro\/lexikon\/wp-json\/wp\/v2\/product_brand?post=6522"},{"taxonomy":"product_cat","embeddable":true,"href":"https:\/\/uj.adatbank.ro\/lexikon\/wp-json\/wp\/v2\/product_cat?post=6522"},{"taxonomy":"product_tag","embeddable":true,"href":"https:\/\/uj.adatbank.ro\/lexikon\/wp-json\/wp\/v2\/product_tag?post=6522"}],"curies":[{"name":"wp","href":"https:\/\/api.w.org\/{rel}","templated":true}]}}