{"id":6523,"date":"2025-06-28T17:55:36","date_gmt":"2025-06-28T15:55:36","guid":{"rendered":"https:\/\/uj.adatbank.ro\/lexikon\/termek\/danila-miklos\/"},"modified":"2025-06-28T17:55:36","modified_gmt":"2025-06-28T15:55:36","slug":"danila-miklos","status":"publish","type":"product","link":"https:\/\/uj.adatbank.ro\/lexikon\/termek\/danila-miklos\/","title":{"rendered":"D\u0102NIL\u0102 Mikl\u00f3s"},"content":{"rendered":"<p>Maroskece, 1887. j\u00fal. 22., \u2020\u00a0? : erd\u00e9szm\u00e9rn\u00f6k. \u2013 Bal\u00e1zsfalv\u00e1n tanult a G\u00f6r. -kat Gimn.-ban, Erd\u00e9szeti Akad. -t v\u00e9gzett Selmecb\u00e1ny\u00e1n (1907\u20131911). <br \/><strong>Irod.:<\/strong> Sigmirean<\/br><\/p>\n","protected":false},"excerpt":{"rendered":"<p>Maroskece, 1887. j\u00fal. 22., \u2020\u00a0? : erd\u00e9szm\u00e9rn\u00f6k. \u2013 Bal\u00e1zsfalv\u00e1n tanult a G\u00f6r. -kat Gimn.-ban, Erd\u00e9szeti Akad. -t v\u00e9gzett Selmecb\u00e1ny\u00e1n (1907\u20131911). Irod.: Sigmirean<\/p>\n","protected":false},"featured_media":0,"comment_status":"open","ping_status":"closed","template":"","meta":[],"product_brand":[],"product_cat":[137],"product_tag":[],"class_list":{"0":"post-6523","1":"product","2":"type-product","3":"status-publish","5":"product_cat-maros-megyei-eletrajzi-lexikon","7":"first","8":"instock","9":"shipping-taxable","10":"product-type-simple"},"_links":{"self":[{"href":"https:\/\/uj.adatbank.ro\/lexikon\/wp-json\/wp\/v2\/product\/6523","targetHints":{"allow":["GET"]}}],"collection":[{"href":"https:\/\/uj.adatbank.ro\/lexikon\/wp-json\/wp\/v2\/product"}],"about":[{"href":"https:\/\/uj.adatbank.ro\/lexikon\/wp-json\/wp\/v2\/types\/product"}],"replies":[{"embeddable":true,"href":"https:\/\/uj.adatbank.ro\/lexikon\/wp-json\/wp\/v2\/comments?post=6523"}],"wp:attachment":[{"href":"https:\/\/uj.adatbank.ro\/lexikon\/wp-json\/wp\/v2\/media?parent=6523"}],"wp:term":[{"taxonomy":"product_brand","embeddable":true,"href":"https:\/\/uj.adatbank.ro\/lexikon\/wp-json\/wp\/v2\/product_brand?post=6523"},{"taxonomy":"product_cat","embeddable":true,"href":"https:\/\/uj.adatbank.ro\/lexikon\/wp-json\/wp\/v2\/product_cat?post=6523"},{"taxonomy":"product_tag","embeddable":true,"href":"https:\/\/uj.adatbank.ro\/lexikon\/wp-json\/wp\/v2\/product_tag?post=6523"}],"curies":[{"name":"wp","href":"https:\/\/api.w.org\/{rel}","templated":true}]}}