{"id":6528,"date":"2025-06-28T17:55:51","date_gmt":"2025-06-28T15:55:51","guid":{"rendered":"https:\/\/uj.adatbank.ro\/lexikon\/termek\/danziger-antal-1913-okt-8-danzinger-antal\/"},"modified":"2025-06-28T17:55:51","modified_gmt":"2025-06-28T15:55:51","slug":"danziger-antal-1913-okt-8-danzinger-antal","status":"publish","type":"product","link":"https:\/\/uj.adatbank.ro\/lexikon\/termek\/danziger-antal-1913-okt-8-danzinger-antal\/","title":{"rendered":"DANZIGER Antal, 1913. okt. 8. Danzinger Antal"},"content":{"rendered":"<p>Mv., 1873. dec. 23., \u2020\u00a0? : heged\u00fam\u0171v\u00e9sz, zenetan\u00e1r. \u2013 A B\u00e9csi Zenem\u0171v\u00e9szeti Akad. -\u00e1n (1889\u201389), majd a Bp.-i Nemzeti Zened\u00e9ben Hubayn\u00e1l tanult. Tanulm\u00e1nyai befejezt\u00e9vel a bp.-i operah\u00e1zi filharm\u00f3nia zenekar tagja (1896\u2013), koncertmester (1900\u201333), a Nemzeti Zenede tan\u00e1ra (1909\u2013). Tagja volt a Gr\u00fcnfeld kvartettnek. <br \/><strong>Irod.:<\/strong> Moln\u00e1r Imre, Szab\u00f3\u2013Simon\u2013Sz\u00f6gi<\/br><\/p>\n","protected":false},"excerpt":{"rendered":"<p>Mv., 1873. dec. 23., \u2020\u00a0? : heged\u00fam\u0171v\u00e9sz, zenetan\u00e1r. \u2013 A B\u00e9csi Zenem\u0171v\u00e9szeti Akad. -\u00e1n (1889\u201389), majd a Bp.-i Nemzeti Zened\u00e9ben Hubayn\u00e1l tanult. Tanulm\u00e1nyai befejezt\u00e9vel a bp.-i operah\u00e1zi filharm\u00f3nia zenekar tagja (1896\u2013), koncertmester (1900\u201333), a Nemzeti Zenede tan\u00e1ra (1909\u2013). Tagja volt a Gr\u00fcnfeld kvartettnek. Irod.: Moln\u00e1r Imre, Szab\u00f3\u2013Simon\u2013Sz\u00f6gi<\/p>\n","protected":false},"featured_media":0,"comment_status":"open","ping_status":"closed","template":"","meta":[],"product_brand":[],"product_cat":[137],"product_tag":[],"class_list":{"0":"post-6528","1":"product","2":"type-product","3":"status-publish","5":"product_cat-maros-megyei-eletrajzi-lexikon","7":"first","8":"instock","9":"shipping-taxable","10":"product-type-simple"},"_links":{"self":[{"href":"https:\/\/uj.adatbank.ro\/lexikon\/wp-json\/wp\/v2\/product\/6528","targetHints":{"allow":["GET"]}}],"collection":[{"href":"https:\/\/uj.adatbank.ro\/lexikon\/wp-json\/wp\/v2\/product"}],"about":[{"href":"https:\/\/uj.adatbank.ro\/lexikon\/wp-json\/wp\/v2\/types\/product"}],"replies":[{"embeddable":true,"href":"https:\/\/uj.adatbank.ro\/lexikon\/wp-json\/wp\/v2\/comments?post=6528"}],"wp:attachment":[{"href":"https:\/\/uj.adatbank.ro\/lexikon\/wp-json\/wp\/v2\/media?parent=6528"}],"wp:term":[{"taxonomy":"product_brand","embeddable":true,"href":"https:\/\/uj.adatbank.ro\/lexikon\/wp-json\/wp\/v2\/product_brand?post=6528"},{"taxonomy":"product_cat","embeddable":true,"href":"https:\/\/uj.adatbank.ro\/lexikon\/wp-json\/wp\/v2\/product_cat?post=6528"},{"taxonomy":"product_tag","embeddable":true,"href":"https:\/\/uj.adatbank.ro\/lexikon\/wp-json\/wp\/v2\/product_tag?post=6528"}],"curies":[{"name":"wp","href":"https:\/\/api.w.org\/{rel}","templated":true}]}}