{"id":6532,"date":"2025-06-28T17:55:58","date_gmt":"2025-06-28T15:55:58","guid":{"rendered":"https:\/\/uj.adatbank.ro\/lexikon\/termek\/darko-akos\/"},"modified":"2025-06-28T17:55:58","modified_gmt":"2025-06-28T15:55:58","slug":"darko-akos","status":"publish","type":"product","link":"https:\/\/uj.adatbank.ro\/lexikon\/termek\/darko-akos\/","title":{"rendered":"DARK\u00d3 \u00c1kos"},"content":{"rendered":"<p>1878.? \u2020\u00a0Mv., 1927. jan. 5.: \u00fcgyv\u00e9d. \u2013 Testv\u00e9rei: D. B\u00e9la \u00e9s Berta. Feles\u00e9ge: Nagy Mari (1852\u20131876. nov. 9.). Fia: dr. D. \u00c1kos. \u2013 V\u00e1rosi tan\u00e1csos, a mv. i ref. egyh\u00e1zk\u00f6zs\u00e9g presbitere. A mv.-i K\u00f6zhasznu Takar\u00e9kp\u00e9nzt\u00e1r Rt. alap\u00edt\u00f3 tagja, a fel\u00fcgyel\u0151 bizotts\u00e1g eln\u00f6ke. <br \/><strong>Irod.:<\/strong> Gy\u00e1szjelent\u0151<\/br><\/p>\n","protected":false},"excerpt":{"rendered":"<p>1878.? \u2020\u00a0Mv., 1927. jan. 5.: \u00fcgyv\u00e9d. \u2013 Testv\u00e9rei: D. B\u00e9la \u00e9s Berta. Feles\u00e9ge: Nagy Mari (1852\u20131876. nov. 9.). Fia: dr. D. \u00c1kos. \u2013 V\u00e1rosi tan\u00e1csos, a mv. i ref. egyh\u00e1zk\u00f6zs\u00e9g presbitere. A mv.-i K\u00f6zhasznu Takar\u00e9kp\u00e9nzt\u00e1r Rt. alap\u00edt\u00f3 tagja, a fel\u00fcgyel\u0151 bizotts\u00e1g eln\u00f6ke. Irod.: Gy\u00e1szjelent\u0151<\/p>\n","protected":false},"featured_media":0,"comment_status":"open","ping_status":"closed","template":"","meta":[],"product_brand":[],"product_cat":[137],"product_tag":[],"class_list":{"0":"post-6532","1":"product","2":"type-product","3":"status-publish","5":"product_cat-maros-megyei-eletrajzi-lexikon","7":"first","8":"instock","9":"shipping-taxable","10":"product-type-simple"},"_links":{"self":[{"href":"https:\/\/uj.adatbank.ro\/lexikon\/wp-json\/wp\/v2\/product\/6532","targetHints":{"allow":["GET"]}}],"collection":[{"href":"https:\/\/uj.adatbank.ro\/lexikon\/wp-json\/wp\/v2\/product"}],"about":[{"href":"https:\/\/uj.adatbank.ro\/lexikon\/wp-json\/wp\/v2\/types\/product"}],"replies":[{"embeddable":true,"href":"https:\/\/uj.adatbank.ro\/lexikon\/wp-json\/wp\/v2\/comments?post=6532"}],"wp:attachment":[{"href":"https:\/\/uj.adatbank.ro\/lexikon\/wp-json\/wp\/v2\/media?parent=6532"}],"wp:term":[{"taxonomy":"product_brand","embeddable":true,"href":"https:\/\/uj.adatbank.ro\/lexikon\/wp-json\/wp\/v2\/product_brand?post=6532"},{"taxonomy":"product_cat","embeddable":true,"href":"https:\/\/uj.adatbank.ro\/lexikon\/wp-json\/wp\/v2\/product_cat?post=6532"},{"taxonomy":"product_tag","embeddable":true,"href":"https:\/\/uj.adatbank.ro\/lexikon\/wp-json\/wp\/v2\/product_tag?post=6532"}],"curies":[{"name":"wp","href":"https:\/\/api.w.org\/{rel}","templated":true}]}}