{"id":6535,"date":"2025-06-28T17:56:05","date_gmt":"2025-06-28T15:56:05","guid":{"rendered":"https:\/\/uj.adatbank.ro\/lexikon\/termek\/darko-bela-%c2%a7\/"},"modified":"2025-06-28T17:56:05","modified_gmt":"2025-06-28T15:56:05","slug":"darko-bela-%c2%a7","status":"publish","type":"product","link":"https:\/\/uj.adatbank.ro\/lexikon\/termek\/darko-bela-%c2%a7\/","title":{"rendered":"DARK\u00d3 B\u00e9la \u00a7"},"content":{"rendered":"<p>Nagyajta, 1909. jan. 28., \u2020\u00a0Mv., 1969. jan. 11.: unit. lelk\u00e9sz. \u2013 Feles\u00e9ge: Gyulay Janka. Gyermekeik: M\u00e1ria (1936\u2013), B\u00e9la (1939\u2013), J\u00f3zsef (1945\u20132008). \u2013 Sz\u00fcl\u0151faluj\u00e1ban kezdett tanulni, majd a sz\u00e9kelykereszt\u00fari unit. f\u0151gimn.-ban folytatta \u00e9s \u00e9retts\u00e9gizett (1928). A kv.-i Unit. Teol\u00f3giai Akad. -\u00e1t jeles eredm\u00e9nnyel v\u00e9gezte (1932), tov\u00e1bbtanult m\u00e9g k\u00e9t \u00e9vet az angliai Manchester Unitarian College-ben (1932\u201334). R\u00e9szt vett az unit. vil\u00e1gkongresszuson Koppenh\u00e1g\u00e1ban (1934). Seg\u00e9dlelk\u00e9szk\u00e9nt kezdte munk\u00e1j\u00e1t Bp.-en az Angol-Amerikai Misszi\u00f3 H\u00e1z-ban, egy \u00e9v ut\u00e1n a f\u00fczesgyarmati unit. gy\u00fclekezet lelk\u00e9sze lett (1935\u201344). Az \u00e1rkosi gy\u00fclekezet megh\u00edv\u00e1s\u00e1t elfogadta (1944\u201355) \u00e9s k\u00f6zben a K\u0151rispatakra kihelyezett K\u00f6z\u00e9pfok\u00fa Gazdas\u00e1gi Isk.-ban a m. irodalom \u00e9s t\u00f6rt\u00e9nelem tan\u00e1ra (1948\u201350), ezt k\u00f6vette tev\u00e9kenys\u00e9ge Mv.-en (1955. \u00e1pr. \u2013 hal\u00e1l\u00e1ig), ahol a nyugalomba vonult Halm\u00e1gyi J\u00e1nos esperes lelk\u00e9szt v\u00e1ltotta fel. K\u00e9t cikluson \u00e1t volt a marosi egyh\u00e1zk\u00f6r esperese. Angliai napl\u00f3t\u00f6red\u00e9ke \u00e9s pr\u00e9dik\u00e1ci\u00f3inak sz\u00e1mottev\u0151 r\u00e9sze k\u00e9ziratban maradt. K\u00f6z\u00f6lt az Unit. K\u00f6zl\u00f6ny, Unit. \u00c9vk\u00f6nyv, Unit. \u00c9rtes\u00edt\u0151 has\u00e1bjain. \u2013 <strong>F. m.:<\/strong> Az unit\u00e1rius \u00e9let munk\u00e1sai (Bp., 1940). <br \/><strong>Irod.:<\/strong> Cs\u00e1ky; csal\u00e1di inf.; Mv.-i Unit. Ek.; R\u00daL<\/br><\/p>\n","protected":false},"excerpt":{"rendered":"<p>Nagyajta, 1909. jan. 28., \u2020\u00a0Mv., 1969. jan. 11.: unit. lelk\u00e9sz. \u2013 Feles\u00e9ge: Gyulay Janka. Gyermekeik: M\u00e1ria (1936\u2013), B\u00e9la (1939\u2013), J\u00f3zsef (1945\u20132008). \u2013 Sz\u00fcl\u0151faluj\u00e1ban kezdett tanulni, majd a sz\u00e9kelykereszt\u00fari unit. f\u0151gimn.-ban folytatta \u00e9s \u00e9retts\u00e9gizett (1928). A kv.-i Unit. Teol\u00f3giai Akad. -\u00e1t jeles eredm\u00e9nnyel v\u00e9gezte (1932), tov\u00e1bbtanult m\u00e9g k\u00e9t \u00e9vet az angliai Manchester Unitarian College-ben (1932\u201334). R\u00e9szt [&hellip;]<\/p>\n","protected":false},"featured_media":0,"comment_status":"open","ping_status":"closed","template":"","meta":[],"product_brand":[],"product_cat":[137],"product_tag":[],"class_list":{"0":"post-6535","1":"product","2":"type-product","3":"status-publish","5":"product_cat-maros-megyei-eletrajzi-lexikon","7":"first","8":"instock","9":"shipping-taxable","10":"product-type-simple"},"_links":{"self":[{"href":"https:\/\/uj.adatbank.ro\/lexikon\/wp-json\/wp\/v2\/product\/6535","targetHints":{"allow":["GET"]}}],"collection":[{"href":"https:\/\/uj.adatbank.ro\/lexikon\/wp-json\/wp\/v2\/product"}],"about":[{"href":"https:\/\/uj.adatbank.ro\/lexikon\/wp-json\/wp\/v2\/types\/product"}],"replies":[{"embeddable":true,"href":"https:\/\/uj.adatbank.ro\/lexikon\/wp-json\/wp\/v2\/comments?post=6535"}],"wp:attachment":[{"href":"https:\/\/uj.adatbank.ro\/lexikon\/wp-json\/wp\/v2\/media?parent=6535"}],"wp:term":[{"taxonomy":"product_brand","embeddable":true,"href":"https:\/\/uj.adatbank.ro\/lexikon\/wp-json\/wp\/v2\/product_brand?post=6535"},{"taxonomy":"product_cat","embeddable":true,"href":"https:\/\/uj.adatbank.ro\/lexikon\/wp-json\/wp\/v2\/product_cat?post=6535"},{"taxonomy":"product_tag","embeddable":true,"href":"https:\/\/uj.adatbank.ro\/lexikon\/wp-json\/wp\/v2\/product_tag?post=6535"}],"curies":[{"name":"wp","href":"https:\/\/api.w.org\/{rel}","templated":true}]}}