{"id":6536,"date":"2025-06-28T17:56:07","date_gmt":"2025-06-28T15:56:07","guid":{"rendered":"https:\/\/uj.adatbank.ro\/lexikon\/termek\/darko-bela-nagyajtai\/"},"modified":"2025-06-28T17:56:07","modified_gmt":"2025-06-28T15:56:07","slug":"darko-bela-nagyajtai","status":"publish","type":"product","link":"https:\/\/uj.adatbank.ro\/lexikon\/termek\/darko-bela-nagyajtai\/","title":{"rendered":"DARK\u00d3 B\u00e9la, nagyajtai"},"content":{"rendered":"<p>Mv., 1861., \u2020 1936. el\u0151tt\u00a0?\u00a0: tan\u00e1r. \u2013 A bp.-i Pedag\u00f3giai iskola elv\u00e9gz\u00e9se ut\u00e1n egy ideig m. tan\u00e1r a mv.-i Ref- Koll., majd az \u00fajpesti 1. sz fi\u00faiskol\u00e1ban m\u0171k\u00f6d\u00f6tt (1896\u20131925). \u2013 <strong>F. m.:<\/strong> Magyar helyes\u00edr\u00e1s: Feln\u0151tteknek \u00e9s a tanul\u00f3ifj\u00fas\u00e1g sz\u00e1m\u00e1ra (\u00dajpest, 1909). <br \/><strong>Irod.:<\/strong> Guly\u00e1s; A mv.-i Ev. Ref. Koll. n\u00f6vend\u00e9keivel tett tanulm\u00e1ny\u00fat le\u00edr\u00e1sa (Mv., 1890); P\u00e1lmay<\/br><\/p>\n","protected":false},"excerpt":{"rendered":"<p>Mv., 1861., \u2020 1936. el\u0151tt\u00a0?\u00a0: tan\u00e1r. \u2013 A bp.-i Pedag\u00f3giai iskola elv\u00e9gz\u00e9se ut\u00e1n egy ideig m. tan\u00e1r a mv.-i Ref- Koll., majd az \u00fajpesti 1. sz fi\u00faiskol\u00e1ban m\u0171k\u00f6d\u00f6tt (1896\u20131925). \u2013 F. m.: Magyar helyes\u00edr\u00e1s: Feln\u0151tteknek \u00e9s a tanul\u00f3ifj\u00fas\u00e1g sz\u00e1m\u00e1ra (\u00dajpest, 1909). Irod.: Guly\u00e1s; A mv.-i Ev. Ref. Koll. n\u00f6vend\u00e9keivel tett tanulm\u00e1ny\u00fat le\u00edr\u00e1sa (Mv., 1890); P\u00e1lmay<\/p>\n","protected":false},"featured_media":0,"comment_status":"open","ping_status":"closed","template":"","meta":[],"product_brand":[],"product_cat":[137],"product_tag":[],"class_list":{"0":"post-6536","1":"product","2":"type-product","3":"status-publish","5":"product_cat-maros-megyei-eletrajzi-lexikon","7":"first","8":"instock","9":"shipping-taxable","10":"product-type-simple"},"_links":{"self":[{"href":"https:\/\/uj.adatbank.ro\/lexikon\/wp-json\/wp\/v2\/product\/6536","targetHints":{"allow":["GET"]}}],"collection":[{"href":"https:\/\/uj.adatbank.ro\/lexikon\/wp-json\/wp\/v2\/product"}],"about":[{"href":"https:\/\/uj.adatbank.ro\/lexikon\/wp-json\/wp\/v2\/types\/product"}],"replies":[{"embeddable":true,"href":"https:\/\/uj.adatbank.ro\/lexikon\/wp-json\/wp\/v2\/comments?post=6536"}],"wp:attachment":[{"href":"https:\/\/uj.adatbank.ro\/lexikon\/wp-json\/wp\/v2\/media?parent=6536"}],"wp:term":[{"taxonomy":"product_brand","embeddable":true,"href":"https:\/\/uj.adatbank.ro\/lexikon\/wp-json\/wp\/v2\/product_brand?post=6536"},{"taxonomy":"product_cat","embeddable":true,"href":"https:\/\/uj.adatbank.ro\/lexikon\/wp-json\/wp\/v2\/product_cat?post=6536"},{"taxonomy":"product_tag","embeddable":true,"href":"https:\/\/uj.adatbank.ro\/lexikon\/wp-json\/wp\/v2\/product_tag?post=6536"}],"curies":[{"name":"wp","href":"https:\/\/api.w.org\/{rel}","templated":true}]}}