{"id":6543,"date":"2025-06-28T17:56:22","date_gmt":"2025-06-28T15:56:22","guid":{"rendered":"https:\/\/uj.adatbank.ro\/lexikon\/termek\/darko-zsigmond\/"},"modified":"2025-06-28T17:56:22","modified_gmt":"2025-06-28T15:56:22","slug":"darko-zsigmond","status":"publish","type":"product","link":"https:\/\/uj.adatbank.ro\/lexikon\/termek\/darko-zsigmond\/","title":{"rendered":"DARK\u00d3 Zsigmond"},"content":{"rendered":"<p>? \u2020\u00a0? : orvos. \u2013 Az OGYI-n lektor, az oktat\u00f3k egyike, akit elt\u00e1vol\u00edtottak az egyetemr\u0151ll (1957. dec.), seb\u00e9sz szakorvos. <br \/><strong>Irod.:<\/strong> Id\u0151t\u00e1r 4.<\/br><\/p>\n","protected":false},"excerpt":{"rendered":"<p>? \u2020\u00a0? : orvos. \u2013 Az OGYI-n lektor, az oktat\u00f3k egyike, akit elt\u00e1vol\u00edtottak az egyetemr\u0151ll (1957. dec.), seb\u00e9sz szakorvos. Irod.: Id\u0151t\u00e1r 4.<\/p>\n","protected":false},"featured_media":0,"comment_status":"open","ping_status":"closed","template":"","meta":[],"product_brand":[],"product_cat":[137],"product_tag":[],"class_list":{"0":"post-6543","1":"product","2":"type-product","3":"status-publish","5":"product_cat-maros-megyei-eletrajzi-lexikon","7":"first","8":"instock","9":"shipping-taxable","10":"product-type-simple"},"_links":{"self":[{"href":"https:\/\/uj.adatbank.ro\/lexikon\/wp-json\/wp\/v2\/product\/6543","targetHints":{"allow":["GET"]}}],"collection":[{"href":"https:\/\/uj.adatbank.ro\/lexikon\/wp-json\/wp\/v2\/product"}],"about":[{"href":"https:\/\/uj.adatbank.ro\/lexikon\/wp-json\/wp\/v2\/types\/product"}],"replies":[{"embeddable":true,"href":"https:\/\/uj.adatbank.ro\/lexikon\/wp-json\/wp\/v2\/comments?post=6543"}],"wp:attachment":[{"href":"https:\/\/uj.adatbank.ro\/lexikon\/wp-json\/wp\/v2\/media?parent=6543"}],"wp:term":[{"taxonomy":"product_brand","embeddable":true,"href":"https:\/\/uj.adatbank.ro\/lexikon\/wp-json\/wp\/v2\/product_brand?post=6543"},{"taxonomy":"product_cat","embeddable":true,"href":"https:\/\/uj.adatbank.ro\/lexikon\/wp-json\/wp\/v2\/product_cat?post=6543"},{"taxonomy":"product_tag","embeddable":true,"href":"https:\/\/uj.adatbank.ro\/lexikon\/wp-json\/wp\/v2\/product_tag?post=6543"}],"curies":[{"name":"wp","href":"https:\/\/api.w.org\/{rel}","templated":true}]}}