{"id":6544,"date":"2025-06-28T17:56:26","date_gmt":"2025-06-28T15:56:26","guid":{"rendered":"https:\/\/uj.adatbank.ro\/lexikon\/termek\/darloczi-ferenc\/"},"modified":"2025-06-28T17:56:26","modified_gmt":"2025-06-28T15:56:26","slug":"darloczi-ferenc","status":"publish","type":"product","link":"https:\/\/uj.adatbank.ro\/lexikon\/termek\/darloczi-ferenc\/","title":{"rendered":"DARL\u00d3CZI Ferenc"},"content":{"rendered":"<p>? \u2020\u00a0?.: nemes. \u2013 Darlaci unit. nemes csal\u00e1d sarja. Feles\u00e9ge: Balog Zsuzs\u00e1nna, Cikm\u00e1ntorban volt udvarh\u00e1za. <br \/><strong>Irod.:<\/strong> B\u00f6l\u00f6ni Bed\u0151 P\u00e1l: Halotti besz\u00e9d Balog Zsuzs\u00e1nna felett. Cikm\u00e1ntor, 1677. aug. 16; Nagysolymosi Koncz Boldizs\u00e1r: Halotti besz\u00e9d Balog Zsuzs\u00e1nna felett. Cikm\u00e1ntor, 1677. aug. 15. = K\u00e9nosi-Uzoni 2.<\/br><\/p>\n","protected":false},"excerpt":{"rendered":"<p>? \u2020\u00a0?.: nemes. \u2013 Darlaci unit. nemes csal\u00e1d sarja. Feles\u00e9ge: Balog Zsuzs\u00e1nna, Cikm\u00e1ntorban volt udvarh\u00e1za. Irod.: B\u00f6l\u00f6ni Bed\u0151 P\u00e1l: Halotti besz\u00e9d Balog Zsuzs\u00e1nna felett. Cikm\u00e1ntor, 1677. aug. 16; Nagysolymosi Koncz Boldizs\u00e1r: Halotti besz\u00e9d Balog Zsuzs\u00e1nna felett. Cikm\u00e1ntor, 1677. aug. 15. = K\u00e9nosi-Uzoni 2.<\/p>\n","protected":false},"featured_media":0,"comment_status":"open","ping_status":"closed","template":"","meta":[],"product_brand":[],"product_cat":[137],"product_tag":[],"class_list":{"0":"post-6544","1":"product","2":"type-product","3":"status-publish","5":"product_cat-maros-megyei-eletrajzi-lexikon","7":"first","8":"instock","9":"shipping-taxable","10":"product-type-simple"},"_links":{"self":[{"href":"https:\/\/uj.adatbank.ro\/lexikon\/wp-json\/wp\/v2\/product\/6544","targetHints":{"allow":["GET"]}}],"collection":[{"href":"https:\/\/uj.adatbank.ro\/lexikon\/wp-json\/wp\/v2\/product"}],"about":[{"href":"https:\/\/uj.adatbank.ro\/lexikon\/wp-json\/wp\/v2\/types\/product"}],"replies":[{"embeddable":true,"href":"https:\/\/uj.adatbank.ro\/lexikon\/wp-json\/wp\/v2\/comments?post=6544"}],"wp:attachment":[{"href":"https:\/\/uj.adatbank.ro\/lexikon\/wp-json\/wp\/v2\/media?parent=6544"}],"wp:term":[{"taxonomy":"product_brand","embeddable":true,"href":"https:\/\/uj.adatbank.ro\/lexikon\/wp-json\/wp\/v2\/product_brand?post=6544"},{"taxonomy":"product_cat","embeddable":true,"href":"https:\/\/uj.adatbank.ro\/lexikon\/wp-json\/wp\/v2\/product_cat?post=6544"},{"taxonomy":"product_tag","embeddable":true,"href":"https:\/\/uj.adatbank.ro\/lexikon\/wp-json\/wp\/v2\/product_tag?post=6544"}],"curies":[{"name":"wp","href":"https:\/\/api.w.org\/{rel}","templated":true}]}}