{"id":6545,"date":"2025-06-28T17:56:27","date_gmt":"2025-06-28T15:56:27","guid":{"rendered":"https:\/\/uj.adatbank.ro\/lexikon\/termek\/daroczi-ferenc\/"},"modified":"2025-06-28T17:56:27","modified_gmt":"2025-06-28T15:56:27","slug":"daroczi-ferenc","status":"publish","type":"product","link":"https:\/\/uj.adatbank.ro\/lexikon\/termek\/daroczi-ferenc\/","title":{"rendered":"DAR\u00d3CZI Ferenc"},"content":{"rendered":"<p>? \u2020\u00a0K\u00e1poszt\u00e1sszentmikl\u00f3s, 1994. okt. 12.: \u00fajs\u00e1g\u00edr\u00f3. A kv.-i Ref. Szemle t\u00e1rsszerk. (1959. jan. \u2013 1962. nov\/dec.). <br \/><strong>Irod.:<\/strong> Kusz\u00e1lik: Erd\u00e9lyi h\u00edrlapok \u00e9s foly\u00f3iratok, 1940\u20131989 (Bp., 1996); [Nekrol\u00f3g], N\u00fa., 1994. okt. 13.)<\/br><\/p>\n","protected":false},"excerpt":{"rendered":"<p>? \u2020\u00a0K\u00e1poszt\u00e1sszentmikl\u00f3s, 1994. okt. 12.: \u00fajs\u00e1g\u00edr\u00f3. A kv.-i Ref. Szemle t\u00e1rsszerk. (1959. jan. \u2013 1962. nov\/dec.). Irod.: Kusz\u00e1lik: Erd\u00e9lyi h\u00edrlapok \u00e9s foly\u00f3iratok, 1940\u20131989 (Bp., 1996); [Nekrol\u00f3g], N\u00fa., 1994. okt. 13.)<\/p>\n","protected":false},"featured_media":0,"comment_status":"open","ping_status":"closed","template":"","meta":[],"product_brand":[],"product_cat":[137],"product_tag":[],"class_list":{"0":"post-6545","1":"product","2":"type-product","3":"status-publish","5":"product_cat-maros-megyei-eletrajzi-lexikon","7":"first","8":"instock","9":"shipping-taxable","10":"product-type-simple"},"_links":{"self":[{"href":"https:\/\/uj.adatbank.ro\/lexikon\/wp-json\/wp\/v2\/product\/6545","targetHints":{"allow":["GET"]}}],"collection":[{"href":"https:\/\/uj.adatbank.ro\/lexikon\/wp-json\/wp\/v2\/product"}],"about":[{"href":"https:\/\/uj.adatbank.ro\/lexikon\/wp-json\/wp\/v2\/types\/product"}],"replies":[{"embeddable":true,"href":"https:\/\/uj.adatbank.ro\/lexikon\/wp-json\/wp\/v2\/comments?post=6545"}],"wp:attachment":[{"href":"https:\/\/uj.adatbank.ro\/lexikon\/wp-json\/wp\/v2\/media?parent=6545"}],"wp:term":[{"taxonomy":"product_brand","embeddable":true,"href":"https:\/\/uj.adatbank.ro\/lexikon\/wp-json\/wp\/v2\/product_brand?post=6545"},{"taxonomy":"product_cat","embeddable":true,"href":"https:\/\/uj.adatbank.ro\/lexikon\/wp-json\/wp\/v2\/product_cat?post=6545"},{"taxonomy":"product_tag","embeddable":true,"href":"https:\/\/uj.adatbank.ro\/lexikon\/wp-json\/wp\/v2\/product_tag?post=6545"}],"curies":[{"name":"wp","href":"https:\/\/api.w.org\/{rel}","templated":true}]}}