{"id":6547,"date":"2025-06-28T17:56:30","date_gmt":"2025-06-28T15:56:30","guid":{"rendered":"https:\/\/uj.adatbank.ro\/lexikon\/termek\/daroczi-gyorgy-2\/"},"modified":"2025-06-28T17:56:30","modified_gmt":"2025-06-28T15:56:30","slug":"daroczi-gyorgy-2","status":"publish","type":"product","link":"https:\/\/uj.adatbank.ro\/lexikon\/termek\/daroczi-gyorgy-2\/","title":{"rendered":"DAR\u00d3CZI Gy\u00f6rgy"},"content":{"rendered":"<p>? \u2020\u00a0? : iskolaigazgat\u00f3. \u2013 A H\u00edd utcai elemi iskola igazgat\u00f3ja volt Mv.-en (1919), ellen\u00e1llt az esk\u00fct\u00e9telnek, mire Puia tanfel\u00fcgyel\u0151 jelk\u00e9pes er\u0151szakot alkalmazott. <br \/><strong>Irod.:<\/strong> Id\u0151t\u00e1r 3<\/br><\/p>\n","protected":false},"excerpt":{"rendered":"<p>? \u2020\u00a0? : iskolaigazgat\u00f3. \u2013 A H\u00edd utcai elemi iskola igazgat\u00f3ja volt Mv.-en (1919), ellen\u00e1llt az esk\u00fct\u00e9telnek, mire Puia tanfel\u00fcgyel\u0151 jelk\u00e9pes er\u0151szakot alkalmazott. Irod.: Id\u0151t\u00e1r 3<\/p>\n","protected":false},"featured_media":0,"comment_status":"open","ping_status":"closed","template":"","meta":[],"product_brand":[],"product_cat":[137],"product_tag":[],"class_list":{"0":"post-6547","1":"product","2":"type-product","3":"status-publish","5":"product_cat-maros-megyei-eletrajzi-lexikon","7":"first","8":"instock","9":"shipping-taxable","10":"product-type-simple"},"_links":{"self":[{"href":"https:\/\/uj.adatbank.ro\/lexikon\/wp-json\/wp\/v2\/product\/6547","targetHints":{"allow":["GET"]}}],"collection":[{"href":"https:\/\/uj.adatbank.ro\/lexikon\/wp-json\/wp\/v2\/product"}],"about":[{"href":"https:\/\/uj.adatbank.ro\/lexikon\/wp-json\/wp\/v2\/types\/product"}],"replies":[{"embeddable":true,"href":"https:\/\/uj.adatbank.ro\/lexikon\/wp-json\/wp\/v2\/comments?post=6547"}],"wp:attachment":[{"href":"https:\/\/uj.adatbank.ro\/lexikon\/wp-json\/wp\/v2\/media?parent=6547"}],"wp:term":[{"taxonomy":"product_brand","embeddable":true,"href":"https:\/\/uj.adatbank.ro\/lexikon\/wp-json\/wp\/v2\/product_brand?post=6547"},{"taxonomy":"product_cat","embeddable":true,"href":"https:\/\/uj.adatbank.ro\/lexikon\/wp-json\/wp\/v2\/product_cat?post=6547"},{"taxonomy":"product_tag","embeddable":true,"href":"https:\/\/uj.adatbank.ro\/lexikon\/wp-json\/wp\/v2\/product_tag?post=6547"}],"curies":[{"name":"wp","href":"https:\/\/api.w.org\/{rel}","templated":true}]}}