{"id":6550,"date":"2025-06-28T17:56:37","date_gmt":"2025-06-28T15:56:37","guid":{"rendered":"https:\/\/uj.adatbank.ro\/lexikon\/termek\/daroczi-laszlo-2\/"},"modified":"2025-06-28T17:56:37","modified_gmt":"2025-06-28T15:56:37","slug":"daroczi-laszlo-2","status":"publish","type":"product","link":"https:\/\/uj.adatbank.ro\/lexikon\/termek\/daroczi-laszlo-2\/","title":{"rendered":"DAR\u00d3CZI L\u00e1szl\u00f3"},"content":{"rendered":"<p>1917., \u2020\u00a0Mv., 1981. j\u00fal. 16.: sportol\u00f3. \u2013 H\u00edres \u00fasz\u00f3 volt, akinek az 1500 m-en el\u00e9rt rekordj\u00e1t 20 \u00e9vig nem tudt\u00e1k megd\u00f6nteni. Vizilabd\u00e1z\u00f3, az orsz\u00e1gos bajnokcsapat tagja. Egy id\u0151ben a rom\u00e1n v\u00e1logatott v\u00edzilabda-edz\u0151je is volt. <br \/><strong>Irod.:<\/strong> Kl\u00f3sz-Tolok\u00e1n; [Nekrol\u00f3g] (V. Z., 1981. j\u00fal. 18.); Nurids\u00e1ny Tibor: 100 \u00e9ve alakult meg a Mv.-i Sport Egylet \u2013 MSE (N\u00fa., 1998. jan. 16)<\/br><\/p>\n","protected":false},"excerpt":{"rendered":"<p>1917., \u2020\u00a0Mv., 1981. j\u00fal. 16.: sportol\u00f3. \u2013 H\u00edres \u00fasz\u00f3 volt, akinek az 1500 m-en el\u00e9rt rekordj\u00e1t 20 \u00e9vig nem tudt\u00e1k megd\u00f6nteni. Vizilabd\u00e1z\u00f3, az orsz\u00e1gos bajnokcsapat tagja. Egy id\u0151ben a rom\u00e1n v\u00e1logatott v\u00edzilabda-edz\u0151je is volt. Irod.: Kl\u00f3sz-Tolok\u00e1n; [Nekrol\u00f3g] (V. Z., 1981. j\u00fal. 18.); Nurids\u00e1ny Tibor: 100 \u00e9ve alakult meg a Mv.-i Sport Egylet \u2013 MSE (N\u00fa., [&hellip;]<\/p>\n","protected":false},"featured_media":0,"comment_status":"open","ping_status":"closed","template":"","meta":[],"product_brand":[],"product_cat":[137],"product_tag":[],"class_list":{"0":"post-6550","1":"product","2":"type-product","3":"status-publish","5":"product_cat-maros-megyei-eletrajzi-lexikon","7":"first","8":"instock","9":"shipping-taxable","10":"product-type-simple"},"_links":{"self":[{"href":"https:\/\/uj.adatbank.ro\/lexikon\/wp-json\/wp\/v2\/product\/6550","targetHints":{"allow":["GET"]}}],"collection":[{"href":"https:\/\/uj.adatbank.ro\/lexikon\/wp-json\/wp\/v2\/product"}],"about":[{"href":"https:\/\/uj.adatbank.ro\/lexikon\/wp-json\/wp\/v2\/types\/product"}],"replies":[{"embeddable":true,"href":"https:\/\/uj.adatbank.ro\/lexikon\/wp-json\/wp\/v2\/comments?post=6550"}],"wp:attachment":[{"href":"https:\/\/uj.adatbank.ro\/lexikon\/wp-json\/wp\/v2\/media?parent=6550"}],"wp:term":[{"taxonomy":"product_brand","embeddable":true,"href":"https:\/\/uj.adatbank.ro\/lexikon\/wp-json\/wp\/v2\/product_brand?post=6550"},{"taxonomy":"product_cat","embeddable":true,"href":"https:\/\/uj.adatbank.ro\/lexikon\/wp-json\/wp\/v2\/product_cat?post=6550"},{"taxonomy":"product_tag","embeddable":true,"href":"https:\/\/uj.adatbank.ro\/lexikon\/wp-json\/wp\/v2\/product_tag?post=6550"}],"curies":[{"name":"wp","href":"https:\/\/api.w.org\/{rel}","templated":true}]}}