{"id":6558,"date":"2025-06-28T17:56:53","date_gmt":"2025-06-28T15:56:53","guid":{"rendered":"https:\/\/uj.adatbank.ro\/lexikon\/termek\/darvas-attila\/"},"modified":"2025-06-28T17:56:53","modified_gmt":"2025-06-28T15:56:53","slug":"darvas-attila","status":"publish","type":"product","link":"https:\/\/uj.adatbank.ro\/lexikon\/termek\/darvas-attila\/","title":{"rendered":"DARVAS Attila"},"content":{"rendered":"<p>Mv., 1953. m\u00e1rc. 19., \u2020 Mv., 2003. m\u00e1j. 21.: sz\u00e1m\u00edt\u00e1stechnikai m\u00e9rn\u00f6k, docens. \u2013 Az egyetemet Temesv\u00e1ron v\u00e9gezte a Traian Vuia M\u0171szaki F\u0151iskol\u00e1n (1977). Buk.-ben mern\u00f6k (1977\u201381); a mv.-i Ter\u00fcleti Sz\u00e1m\u00edt\u00f3g\u00e9pk\u00f6zpont rendszerm\u00e9rn\u00f6ke (1981\u201390); k\u00fcl\u00f6nb\u00f6z\u0151 mv.-i c\u00e9gekn\u00e9l m\u00e9rn\u00f6k; a m\u0171szaki egyetem matematika tansz\u00e9k\u00e9nek adjunktusa (1994\u2013), a Byte Romania szerk.-je (1996\u2013). \u2013 <strong>F. m.:<\/strong> Matematikai feladatgy\u0171jtem\u00e9ny (Buk., 1984). <br \/><strong>Irod.:<\/strong> EMKK 2010; MKK<\/br><\/p>\n","protected":false},"excerpt":{"rendered":"<p>Mv., 1953. m\u00e1rc. 19., \u2020 Mv., 2003. m\u00e1j. 21.: sz\u00e1m\u00edt\u00e1stechnikai m\u00e9rn\u00f6k, docens. \u2013 Az egyetemet Temesv\u00e1ron v\u00e9gezte a Traian Vuia M\u0171szaki F\u0151iskol\u00e1n (1977). Buk.-ben mern\u00f6k (1977\u201381); a mv.-i Ter\u00fcleti Sz\u00e1m\u00edt\u00f3g\u00e9pk\u00f6zpont rendszerm\u00e9rn\u00f6ke (1981\u201390); k\u00fcl\u00f6nb\u00f6z\u0151 mv.-i c\u00e9gekn\u00e9l m\u00e9rn\u00f6k; a m\u0171szaki egyetem matematika tansz\u00e9k\u00e9nek adjunktusa (1994\u2013), a Byte Romania szerk.-je (1996\u2013). \u2013 F. m.: Matematikai feladatgy\u0171jtem\u00e9ny (Buk., 1984). [&hellip;]<\/p>\n","protected":false},"featured_media":0,"comment_status":"open","ping_status":"closed","template":"","meta":[],"product_brand":[],"product_cat":[137],"product_tag":[],"class_list":{"0":"post-6558","1":"product","2":"type-product","3":"status-publish","5":"product_cat-maros-megyei-eletrajzi-lexikon","7":"first","8":"instock","9":"shipping-taxable","10":"product-type-simple"},"_links":{"self":[{"href":"https:\/\/uj.adatbank.ro\/lexikon\/wp-json\/wp\/v2\/product\/6558","targetHints":{"allow":["GET"]}}],"collection":[{"href":"https:\/\/uj.adatbank.ro\/lexikon\/wp-json\/wp\/v2\/product"}],"about":[{"href":"https:\/\/uj.adatbank.ro\/lexikon\/wp-json\/wp\/v2\/types\/product"}],"replies":[{"embeddable":true,"href":"https:\/\/uj.adatbank.ro\/lexikon\/wp-json\/wp\/v2\/comments?post=6558"}],"wp:attachment":[{"href":"https:\/\/uj.adatbank.ro\/lexikon\/wp-json\/wp\/v2\/media?parent=6558"}],"wp:term":[{"taxonomy":"product_brand","embeddable":true,"href":"https:\/\/uj.adatbank.ro\/lexikon\/wp-json\/wp\/v2\/product_brand?post=6558"},{"taxonomy":"product_cat","embeddable":true,"href":"https:\/\/uj.adatbank.ro\/lexikon\/wp-json\/wp\/v2\/product_cat?post=6558"},{"taxonomy":"product_tag","embeddable":true,"href":"https:\/\/uj.adatbank.ro\/lexikon\/wp-json\/wp\/v2\/product_tag?post=6558"}],"curies":[{"name":"wp","href":"https:\/\/api.w.org\/{rel}","templated":true}]}}