{"id":6564,"date":"2025-06-28T17:57:02","date_gmt":"2025-06-28T15:57:02","guid":{"rendered":"https:\/\/uj.adatbank.ro\/lexikon\/termek\/darvas-janos\/"},"modified":"2025-06-28T17:57:02","modified_gmt":"2025-06-28T15:57:02","slug":"darvas-janos","status":"publish","type":"product","link":"https:\/\/uj.adatbank.ro\/lexikon\/termek\/darvas-janos\/","title":{"rendered":"DARVAS J\u00e1nos"},"content":{"rendered":"<p>Tusn\u00e1d, 1821. szept. 4., \u2020 1898. aug. 11.: r. k. pap. \u2013 Papp\u00e1 szentelt\u00e9k: 1846. j\u00fan. 1. K\u00e1pl\u00e1n volt Cs\u00edkszentgy\u00f6rgy\u00f6n. Tan\u00e1r Sz\u00e9kelyudvarhelyen (1847) \u00e9s koll.-i igazgat\u00f3 (1853). Mv.-en tan\u00e1r (1853) \u00e9s k\u00e1pl\u00e1n (1854\u201360). Pl\u00e9b\u00e1nos Magyarigenben (1860), Kisb\u00e1cson (1862), alesperes (1879) <br \/><strong>Irod.:<\/strong> Ferenczi S\u00e1ndor 2009<\/br><\/p>\n","protected":false},"excerpt":{"rendered":"<p>Tusn\u00e1d, 1821. szept. 4., \u2020 1898. aug. 11.: r. k. pap. \u2013 Papp\u00e1 szentelt\u00e9k: 1846. j\u00fan. 1. K\u00e1pl\u00e1n volt Cs\u00edkszentgy\u00f6rgy\u00f6n. Tan\u00e1r Sz\u00e9kelyudvarhelyen (1847) \u00e9s koll.-i igazgat\u00f3 (1853). Mv.-en tan\u00e1r (1853) \u00e9s k\u00e1pl\u00e1n (1854\u201360). Pl\u00e9b\u00e1nos Magyarigenben (1860), Kisb\u00e1cson (1862), alesperes (1879) Irod.: Ferenczi S\u00e1ndor 2009<\/p>\n","protected":false},"featured_media":0,"comment_status":"open","ping_status":"closed","template":"","meta":[],"product_brand":[],"product_cat":[137],"product_tag":[],"class_list":{"0":"post-6564","1":"product","2":"type-product","3":"status-publish","5":"product_cat-maros-megyei-eletrajzi-lexikon","7":"first","8":"instock","9":"shipping-taxable","10":"product-type-simple"},"_links":{"self":[{"href":"https:\/\/uj.adatbank.ro\/lexikon\/wp-json\/wp\/v2\/product\/6564","targetHints":{"allow":["GET"]}}],"collection":[{"href":"https:\/\/uj.adatbank.ro\/lexikon\/wp-json\/wp\/v2\/product"}],"about":[{"href":"https:\/\/uj.adatbank.ro\/lexikon\/wp-json\/wp\/v2\/types\/product"}],"replies":[{"embeddable":true,"href":"https:\/\/uj.adatbank.ro\/lexikon\/wp-json\/wp\/v2\/comments?post=6564"}],"wp:attachment":[{"href":"https:\/\/uj.adatbank.ro\/lexikon\/wp-json\/wp\/v2\/media?parent=6564"}],"wp:term":[{"taxonomy":"product_brand","embeddable":true,"href":"https:\/\/uj.adatbank.ro\/lexikon\/wp-json\/wp\/v2\/product_brand?post=6564"},{"taxonomy":"product_cat","embeddable":true,"href":"https:\/\/uj.adatbank.ro\/lexikon\/wp-json\/wp\/v2\/product_cat?post=6564"},{"taxonomy":"product_tag","embeddable":true,"href":"https:\/\/uj.adatbank.ro\/lexikon\/wp-json\/wp\/v2\/product_tag?post=6564"}],"curies":[{"name":"wp","href":"https:\/\/api.w.org\/{rel}","templated":true}]}}