{"id":6565,"date":"2025-06-28T17:57:03","date_gmt":"2025-06-28T15:57:03","guid":{"rendered":"https:\/\/uj.adatbank.ro\/lexikon\/termek\/darvas-leo-tamas-p\/"},"modified":"2025-06-28T17:57:03","modified_gmt":"2025-06-28T15:57:03","slug":"darvas-leo-tamas-p","status":"publish","type":"product","link":"https:\/\/uj.adatbank.ro\/lexikon\/termek\/darvas-leo-tamas-p\/","title":{"rendered":"DARVAS Le\u00f3 Tam\u00e1s, P."},"content":{"rendered":"<p>Cs\u00edkszentsimon, 1733., \u2020\u00a0Mikh\u00e1za, 1800. aug. 25.: r. k. pap. \u2013 Be\u00f6lt\u00f6z\u00f6tt (1751. j\u00fal. 14.), felszentelt\u00e9k (1755. dec. 20.). Lector Generalis (1771\u201374, 1780\u201383). Secr. Provae (1774\u201377, 1783\u201385, 1795\u201398). Definitor. Szerz\u0151je egy, a cs\u00edki klastromban nyomtatott k\u00f6nyvnek. \u2013 <strong>F. m.:<\/strong> Compendium Manuale Controversiarum\u2026(1762). <br \/><strong>Irod.:<\/strong> Gy\u00f6rgy: A ferencrendiek; Pap L.: ferences nyomd\u00e1k<\/br><\/p>\n","protected":false},"excerpt":{"rendered":"<p>Cs\u00edkszentsimon, 1733., \u2020\u00a0Mikh\u00e1za, 1800. aug. 25.: r. k. pap. \u2013 Be\u00f6lt\u00f6z\u00f6tt (1751. j\u00fal. 14.), felszentelt\u00e9k (1755. dec. 20.). Lector Generalis (1771\u201374, 1780\u201383). Secr. Provae (1774\u201377, 1783\u201385, 1795\u201398). Definitor. Szerz\u0151je egy, a cs\u00edki klastromban nyomtatott k\u00f6nyvnek. \u2013 F. m.: Compendium Manuale Controversiarum\u2026(1762). Irod.: Gy\u00f6rgy: A ferencrendiek; Pap L.: ferences nyomd\u00e1k<\/p>\n","protected":false},"featured_media":0,"comment_status":"open","ping_status":"closed","template":"","meta":[],"product_brand":[],"product_cat":[137],"product_tag":[],"class_list":{"0":"post-6565","1":"product","2":"type-product","3":"status-publish","5":"product_cat-maros-megyei-eletrajzi-lexikon","7":"first","8":"instock","9":"shipping-taxable","10":"product-type-simple"},"_links":{"self":[{"href":"https:\/\/uj.adatbank.ro\/lexikon\/wp-json\/wp\/v2\/product\/6565","targetHints":{"allow":["GET"]}}],"collection":[{"href":"https:\/\/uj.adatbank.ro\/lexikon\/wp-json\/wp\/v2\/product"}],"about":[{"href":"https:\/\/uj.adatbank.ro\/lexikon\/wp-json\/wp\/v2\/types\/product"}],"replies":[{"embeddable":true,"href":"https:\/\/uj.adatbank.ro\/lexikon\/wp-json\/wp\/v2\/comments?post=6565"}],"wp:attachment":[{"href":"https:\/\/uj.adatbank.ro\/lexikon\/wp-json\/wp\/v2\/media?parent=6565"}],"wp:term":[{"taxonomy":"product_brand","embeddable":true,"href":"https:\/\/uj.adatbank.ro\/lexikon\/wp-json\/wp\/v2\/product_brand?post=6565"},{"taxonomy":"product_cat","embeddable":true,"href":"https:\/\/uj.adatbank.ro\/lexikon\/wp-json\/wp\/v2\/product_cat?post=6565"},{"taxonomy":"product_tag","embeddable":true,"href":"https:\/\/uj.adatbank.ro\/lexikon\/wp-json\/wp\/v2\/product_tag?post=6565"}],"curies":[{"name":"wp","href":"https:\/\/api.w.org\/{rel}","templated":true}]}}