{"id":6568,"date":"2025-06-28T17:57:10","date_gmt":"2025-06-28T15:57:10","guid":{"rendered":"https:\/\/uj.adatbank.ro\/lexikon\/termek\/dascalescu-nicolae\/"},"modified":"2025-06-28T17:57:10","modified_gmt":"2025-06-28T15:57:10","slug":"dascalescu-nicolae","status":"publish","type":"product","link":"https:\/\/uj.adatbank.ro\/lexikon\/termek\/dascalescu-nicolae\/","title":{"rendered":"D\u0102SC\u0102LESCU Nicolae"},"content":{"rendered":"<p>? \u2020\u00a0? : t\u00e1bornok. &#8211; A ny\u00e1r\u00e1dt\u0151i vas\u00fat\u00e1llom\u00e1s \u00e9p\u00fclet\u00e9nek homlokzat\u00e1n bronzplakettet \u00e9s m\u00e1rv\u00e1nyt\u00e1bl\u00e1t \u00e1ll\u00edtottak eml\u00e9k\u00e9re (1994. szept. 25.). <br \/><strong>Irod.:<\/strong> Sepsisz\u00e9ki<\/br><\/p>\n","protected":false},"excerpt":{"rendered":"<p>? \u2020\u00a0? : t\u00e1bornok. &#8211; A ny\u00e1r\u00e1dt\u0151i vas\u00fat\u00e1llom\u00e1s \u00e9p\u00fclet\u00e9nek homlokzat\u00e1n bronzplakettet \u00e9s m\u00e1rv\u00e1nyt\u00e1bl\u00e1t \u00e1ll\u00edtottak eml\u00e9k\u00e9re (1994. szept. 25.). Irod.: Sepsisz\u00e9ki<\/p>\n","protected":false},"featured_media":0,"comment_status":"open","ping_status":"closed","template":"","meta":[],"product_brand":[],"product_cat":[137],"product_tag":[],"class_list":{"0":"post-6568","1":"product","2":"type-product","3":"status-publish","5":"product_cat-maros-megyei-eletrajzi-lexikon","7":"first","8":"instock","9":"shipping-taxable","10":"product-type-simple"},"_links":{"self":[{"href":"https:\/\/uj.adatbank.ro\/lexikon\/wp-json\/wp\/v2\/product\/6568","targetHints":{"allow":["GET"]}}],"collection":[{"href":"https:\/\/uj.adatbank.ro\/lexikon\/wp-json\/wp\/v2\/product"}],"about":[{"href":"https:\/\/uj.adatbank.ro\/lexikon\/wp-json\/wp\/v2\/types\/product"}],"replies":[{"embeddable":true,"href":"https:\/\/uj.adatbank.ro\/lexikon\/wp-json\/wp\/v2\/comments?post=6568"}],"wp:attachment":[{"href":"https:\/\/uj.adatbank.ro\/lexikon\/wp-json\/wp\/v2\/media?parent=6568"}],"wp:term":[{"taxonomy":"product_brand","embeddable":true,"href":"https:\/\/uj.adatbank.ro\/lexikon\/wp-json\/wp\/v2\/product_brand?post=6568"},{"taxonomy":"product_cat","embeddable":true,"href":"https:\/\/uj.adatbank.ro\/lexikon\/wp-json\/wp\/v2\/product_cat?post=6568"},{"taxonomy":"product_tag","embeddable":true,"href":"https:\/\/uj.adatbank.ro\/lexikon\/wp-json\/wp\/v2\/product_tag?post=6568"}],"curies":[{"name":"wp","href":"https:\/\/api.w.org\/{rel}","templated":true}]}}