{"id":6569,"date":"2025-06-28T17:57:12","date_gmt":"2025-06-28T15:57:12","guid":{"rendered":"https:\/\/uj.adatbank.ro\/lexikon\/termek\/dascalescu-romeo\/"},"modified":"2025-06-28T17:57:12","modified_gmt":"2025-06-28T15:57:12","slug":"dascalescu-romeo","status":"publish","type":"product","link":"https:\/\/uj.adatbank.ro\/lexikon\/termek\/dascalescu-romeo\/","title":{"rendered":"D\u0102SC\u0102LESCU Romeo"},"content":{"rendered":"<p>Mv., 1921. v. 1924., \u2020\u00a0? : tan\u00e1r. \u2013 A mv.-i Papiu L\u00edc.-ban \u00e9retts\u00e9gizett (1939). Az egyetemet Kv.-on v\u00e9gezte, Onisifor Ghibu tan\u00edtv\u00e1nya volt, akinek pedag\u00f3giai eszm\u00e9it \u00e1tvette. Tan\u00e1ri p\u00e1lyafut\u00e1s\u00e1t Resic\u00e1n a Technikai K\u00f6z\u00e9piskol\u00e1ban igazgat\u00f3jak\u00e9nt kezdte (1946. szept.). Onnan ker\u00fclt \u00e1t tan\u00e1rk\u00e9nt Mv.-re a Papiu Ilarian L\u00edc. -ba, filoz\u00f3fi\u00e1t tan\u00edtott (1946\u201348). A Demokrata P\u00e1rtok Blokkj\u00e1nak legfiatalabb tagja volt, \u00e9s mint ilyen indult a parlamenti v\u00e1laszt\u00e1sokon (1946). Valamilyen okb\u00f3l kegyveszett\u00e9 lett, kiz\u00e1rt\u00e1k a p\u00e1rtb\u00f3l (1950). Majd csak k\u00e9s\u0151bb rehabilit\u00e1lt\u00e1k \u00e9s vett\u00e9k fel a RKP soraiba (1964). Tudom\u00e1nyos kutat\u00f3, a buk.-i Pedag\u00f3giai Tudom\u00e1nyos Kutat\u00f3 Int\u00e9zet igazgat\u00f3ja, tanfel\u00fcgyel\u0151 a Tan\u00fcgyi Miniszt\u00e9riumban. Cikkei a Revista Pedagogic\u0103-ban jelentek meg. Id\u0151s kor\u00e1ban O. Ghibu lev\u00e9lt\u00e1ri hagyat\u00e9k\u00e1t kezdte feldolgozni \u00e9s kiadni (1996). Lehet, hogy itt valami hiba van, esetleg nem \u0151, att\u00f3l f\u00fcgg, h. mikor halt meg?? \u2013 <strong>F. m.:<\/strong> Contribu\u0163ia la orientarea \u015fcolar\u0103 \u015fi prof. (Buc., 1967); Orientarea \u015fcolar\u0103 \u015fi profesional\u0103 (Buc., 1967); Almanahul educa\u0163iei 1969 (Buc., 1969); Contribu\u0163ia familiei la orientarea \u015fcolar\u0103 \u015fi prof. (Buc., 1969); El \u015fi ea (Buc., 1969); Cine ne s\u00e2nt prietenii (Buc., 1972); Caleidoscop pedagogic (Buc., 1978); \u00cenv\u0103\u0163\u0103m\u00eent \u00een perspectiva ergonomiei \u015fcolare (Buc., 1975); <strong>t\u00e1rssz.:<\/strong> Ghid pedagogoc pentru maistrul instructor (Buc., 1973); Termeni de etic\u0103 pentru pionieri (Buc., 1974); <strong>szerk.:<\/strong> Cercuri de elevi \u00een liceu (Buc., 1971). <br \/><strong>Irod.:<\/strong> Balint; MMK<\/br><\/p>\n","protected":false},"excerpt":{"rendered":"<p>Mv., 1921. v. 1924., \u2020\u00a0? : tan\u00e1r. \u2013 A mv.-i Papiu L\u00edc.-ban \u00e9retts\u00e9gizett (1939). Az egyetemet Kv.-on v\u00e9gezte, Onisifor Ghibu tan\u00edtv\u00e1nya volt, akinek pedag\u00f3giai eszm\u00e9it \u00e1tvette. Tan\u00e1ri p\u00e1lyafut\u00e1s\u00e1t Resic\u00e1n a Technikai K\u00f6z\u00e9piskol\u00e1ban igazgat\u00f3jak\u00e9nt kezdte (1946. szept.). Onnan ker\u00fclt \u00e1t tan\u00e1rk\u00e9nt Mv.-re a Papiu Ilarian L\u00edc. -ba, filoz\u00f3fi\u00e1t tan\u00edtott (1946\u201348). A Demokrata P\u00e1rtok Blokkj\u00e1nak legfiatalabb tagja [&hellip;]<\/p>\n","protected":false},"featured_media":0,"comment_status":"open","ping_status":"closed","template":"","meta":[],"product_brand":[],"product_cat":[137],"product_tag":[],"class_list":{"0":"post-6569","1":"product","2":"type-product","3":"status-publish","5":"product_cat-maros-megyei-eletrajzi-lexikon","7":"first","8":"instock","9":"shipping-taxable","10":"product-type-simple"},"_links":{"self":[{"href":"https:\/\/uj.adatbank.ro\/lexikon\/wp-json\/wp\/v2\/product\/6569","targetHints":{"allow":["GET"]}}],"collection":[{"href":"https:\/\/uj.adatbank.ro\/lexikon\/wp-json\/wp\/v2\/product"}],"about":[{"href":"https:\/\/uj.adatbank.ro\/lexikon\/wp-json\/wp\/v2\/types\/product"}],"replies":[{"embeddable":true,"href":"https:\/\/uj.adatbank.ro\/lexikon\/wp-json\/wp\/v2\/comments?post=6569"}],"wp:attachment":[{"href":"https:\/\/uj.adatbank.ro\/lexikon\/wp-json\/wp\/v2\/media?parent=6569"}],"wp:term":[{"taxonomy":"product_brand","embeddable":true,"href":"https:\/\/uj.adatbank.ro\/lexikon\/wp-json\/wp\/v2\/product_brand?post=6569"},{"taxonomy":"product_cat","embeddable":true,"href":"https:\/\/uj.adatbank.ro\/lexikon\/wp-json\/wp\/v2\/product_cat?post=6569"},{"taxonomy":"product_tag","embeddable":true,"href":"https:\/\/uj.adatbank.ro\/lexikon\/wp-json\/wp\/v2\/product_tag?post=6569"}],"curies":[{"name":"wp","href":"https:\/\/api.w.org\/{rel}","templated":true}]}}