{"id":6571,"date":"2025-06-28T17:57:14","date_gmt":"2025-06-28T15:57:14","guid":{"rendered":"https:\/\/uj.adatbank.ro\/lexikon\/termek\/daschievici-eugen\/"},"modified":"2025-06-28T17:57:14","modified_gmt":"2025-06-28T15:57:14","slug":"daschievici-eugen","status":"publish","type":"product","link":"https:\/\/uj.adatbank.ro\/lexikon\/termek\/daschievici-eugen\/","title":{"rendered":"DASCHIEVICI Eugen"},"content":{"rendered":"<p>? \u2020\u00a0?: tan\u00e1r. \u2013 A mv.-i Mihai Eminescu Ped. L\u00edc.-ban, mez\u0151gazdas\u00e1gtant tan\u00edtott (1926\u201331), \u00e9s a tanul\u00f3kkal megm\u0171veltette az iskola 37 holdas f\u00f6ldj\u00e9t. Ezt a munk\u00e1t k\u00e9s\u0151bb Trofin Lozinschi, tan\u00e1r vette \u00e1t t\u0151le (1931\u201339). Megtermelt\u00e9k az intern\u00e1tus r\u00e9sz\u00e9re sz\u00fcks\u00e9ges teljes z\u00f6lds\u00e9gmennyis\u00e9get (300 tanul\u00f3nak). Ped. L\u00edc. igazgat\u00f3ja (1944. m\u00e1rc. \u2013 1945. szept. 30.). A mv.-i kereskedelmi iskol\u00e1ban tan\u00edtott (1945\u201347). <br \/><strong>Irod.:<\/strong> Chertes-Cioat\u0103; \u00cenv. comercial econ.<\/br><\/p>\n","protected":false},"excerpt":{"rendered":"<p>? \u2020\u00a0?: tan\u00e1r. \u2013 A mv.-i Mihai Eminescu Ped. L\u00edc.-ban, mez\u0151gazdas\u00e1gtant tan\u00edtott (1926\u201331), \u00e9s a tanul\u00f3kkal megm\u0171veltette az iskola 37 holdas f\u00f6ldj\u00e9t. Ezt a munk\u00e1t k\u00e9s\u0151bb Trofin Lozinschi, tan\u00e1r vette \u00e1t t\u0151le (1931\u201339). Megtermelt\u00e9k az intern\u00e1tus r\u00e9sz\u00e9re sz\u00fcks\u00e9ges teljes z\u00f6lds\u00e9gmennyis\u00e9get (300 tanul\u00f3nak). Ped. L\u00edc. igazgat\u00f3ja (1944. m\u00e1rc. \u2013 1945. szept. 30.). A mv.-i kereskedelmi iskol\u00e1ban [&hellip;]<\/p>\n","protected":false},"featured_media":0,"comment_status":"open","ping_status":"closed","template":"","meta":[],"product_brand":[],"product_cat":[137],"product_tag":[],"class_list":{"0":"post-6571","1":"product","2":"type-product","3":"status-publish","5":"product_cat-maros-megyei-eletrajzi-lexikon","7":"first","8":"instock","9":"shipping-taxable","10":"product-type-simple"},"_links":{"self":[{"href":"https:\/\/uj.adatbank.ro\/lexikon\/wp-json\/wp\/v2\/product\/6571","targetHints":{"allow":["GET"]}}],"collection":[{"href":"https:\/\/uj.adatbank.ro\/lexikon\/wp-json\/wp\/v2\/product"}],"about":[{"href":"https:\/\/uj.adatbank.ro\/lexikon\/wp-json\/wp\/v2\/types\/product"}],"replies":[{"embeddable":true,"href":"https:\/\/uj.adatbank.ro\/lexikon\/wp-json\/wp\/v2\/comments?post=6571"}],"wp:attachment":[{"href":"https:\/\/uj.adatbank.ro\/lexikon\/wp-json\/wp\/v2\/media?parent=6571"}],"wp:term":[{"taxonomy":"product_brand","embeddable":true,"href":"https:\/\/uj.adatbank.ro\/lexikon\/wp-json\/wp\/v2\/product_brand?post=6571"},{"taxonomy":"product_cat","embeddable":true,"href":"https:\/\/uj.adatbank.ro\/lexikon\/wp-json\/wp\/v2\/product_cat?post=6571"},{"taxonomy":"product_tag","embeddable":true,"href":"https:\/\/uj.adatbank.ro\/lexikon\/wp-json\/wp\/v2\/product_tag?post=6571"}],"curies":[{"name":"wp","href":"https:\/\/api.w.org\/{rel}","templated":true}]}}