{"id":6572,"date":"2025-06-28T17:57:16","date_gmt":"2025-06-28T15:57:16","guid":{"rendered":"https:\/\/uj.adatbank.ro\/lexikon\/termek\/daszkel-edmund\/"},"modified":"2025-06-28T17:57:16","modified_gmt":"2025-06-28T15:57:16","slug":"daszkel-edmund","status":"publish","type":"product","link":"https:\/\/uj.adatbank.ro\/lexikon\/termek\/daszkel-edmund\/","title":{"rendered":"DASZKEL Edmund"},"content":{"rendered":"<p>? \u2020 ? : \u00f3r\u00e1s \u00e9s \u00e9kszer\u00e9sz. \u2013 Sz\u00e1szr\u00e9genben volt \u00fczlete (1948). <br \/><strong>Irod.:<\/strong> Nan: Camera de comer\u0163<\/br><\/p>\n","protected":false},"excerpt":{"rendered":"<p>? \u2020 ? : \u00f3r\u00e1s \u00e9s \u00e9kszer\u00e9sz. \u2013 Sz\u00e1szr\u00e9genben volt \u00fczlete (1948). Irod.: Nan: Camera de comer\u0163<\/p>\n","protected":false},"featured_media":0,"comment_status":"open","ping_status":"closed","template":"","meta":[],"product_brand":[],"product_cat":[137],"product_tag":[],"class_list":{"0":"post-6572","1":"product","2":"type-product","3":"status-publish","5":"product_cat-maros-megyei-eletrajzi-lexikon","7":"first","8":"instock","9":"shipping-taxable","10":"product-type-simple"},"_links":{"self":[{"href":"https:\/\/uj.adatbank.ro\/lexikon\/wp-json\/wp\/v2\/product\/6572","targetHints":{"allow":["GET"]}}],"collection":[{"href":"https:\/\/uj.adatbank.ro\/lexikon\/wp-json\/wp\/v2\/product"}],"about":[{"href":"https:\/\/uj.adatbank.ro\/lexikon\/wp-json\/wp\/v2\/types\/product"}],"replies":[{"embeddable":true,"href":"https:\/\/uj.adatbank.ro\/lexikon\/wp-json\/wp\/v2\/comments?post=6572"}],"wp:attachment":[{"href":"https:\/\/uj.adatbank.ro\/lexikon\/wp-json\/wp\/v2\/media?parent=6572"}],"wp:term":[{"taxonomy":"product_brand","embeddable":true,"href":"https:\/\/uj.adatbank.ro\/lexikon\/wp-json\/wp\/v2\/product_brand?post=6572"},{"taxonomy":"product_cat","embeddable":true,"href":"https:\/\/uj.adatbank.ro\/lexikon\/wp-json\/wp\/v2\/product_cat?post=6572"},{"taxonomy":"product_tag","embeddable":true,"href":"https:\/\/uj.adatbank.ro\/lexikon\/wp-json\/wp\/v2\/product_tag?post=6572"}],"curies":[{"name":"wp","href":"https:\/\/api.w.org\/{rel}","templated":true}]}}