{"id":6573,"date":"2025-06-28T17:57:18","date_gmt":"2025-06-28T15:57:18","guid":{"rendered":"https:\/\/uj.adatbank.ro\/lexikon\/termek\/daszkel-gregoriu-dascal-gregoriu\/"},"modified":"2025-06-28T17:57:18","modified_gmt":"2025-06-28T15:57:18","slug":"daszkel-gregoriu-dascal-gregoriu","status":"publish","type":"product","link":"https:\/\/uj.adatbank.ro\/lexikon\/termek\/daszkel-gregoriu-dascal-gregoriu\/","title":{"rendered":"DASZKEL Gregoriu, Dasc\u0103l Gregoriu"},"content":{"rendered":"<p>? \u2020 ? : g\u00f6r. kat. pap. \u2013 Bal\u00e1zsfalv\u00e1n v\u00e9gezte a teol\u00f3gi\u00e1t (1823\u201326). Csekelak\u00e1ra helyezt\u00e9k, onnan Laczk\u00f3dra ker\u00fclt (1842. k. \u2013). <br \/><strong>Irod.:<\/strong> A\u0163inti\u015f<\/br><\/p>\n","protected":false},"excerpt":{"rendered":"<p>? \u2020 ? : g\u00f6r. kat. pap. \u2013 Bal\u00e1zsfalv\u00e1n v\u00e9gezte a teol\u00f3gi\u00e1t (1823\u201326). Csekelak\u00e1ra helyezt\u00e9k, onnan Laczk\u00f3dra ker\u00fclt (1842. k. \u2013). Irod.: A\u0163inti\u015f<\/p>\n","protected":false},"featured_media":0,"comment_status":"open","ping_status":"closed","template":"","meta":[],"product_brand":[],"product_cat":[137],"product_tag":[],"class_list":{"0":"post-6573","1":"product","2":"type-product","3":"status-publish","5":"product_cat-maros-megyei-eletrajzi-lexikon","7":"first","8":"instock","9":"shipping-taxable","10":"product-type-simple"},"_links":{"self":[{"href":"https:\/\/uj.adatbank.ro\/lexikon\/wp-json\/wp\/v2\/product\/6573","targetHints":{"allow":["GET"]}}],"collection":[{"href":"https:\/\/uj.adatbank.ro\/lexikon\/wp-json\/wp\/v2\/product"}],"about":[{"href":"https:\/\/uj.adatbank.ro\/lexikon\/wp-json\/wp\/v2\/types\/product"}],"replies":[{"embeddable":true,"href":"https:\/\/uj.adatbank.ro\/lexikon\/wp-json\/wp\/v2\/comments?post=6573"}],"wp:attachment":[{"href":"https:\/\/uj.adatbank.ro\/lexikon\/wp-json\/wp\/v2\/media?parent=6573"}],"wp:term":[{"taxonomy":"product_brand","embeddable":true,"href":"https:\/\/uj.adatbank.ro\/lexikon\/wp-json\/wp\/v2\/product_brand?post=6573"},{"taxonomy":"product_cat","embeddable":true,"href":"https:\/\/uj.adatbank.ro\/lexikon\/wp-json\/wp\/v2\/product_cat?post=6573"},{"taxonomy":"product_tag","embeddable":true,"href":"https:\/\/uj.adatbank.ro\/lexikon\/wp-json\/wp\/v2\/product_tag?post=6573"}],"curies":[{"name":"wp","href":"https:\/\/api.w.org\/{rel}","templated":true}]}}