{"id":6578,"date":"2025-06-28T17:57:27","date_gmt":"2025-06-28T15:57:27","guid":{"rendered":"https:\/\/uj.adatbank.ro\/lexikon\/termek\/david-abraham-%c2%a7\/"},"modified":"2025-06-28T17:57:27","modified_gmt":"2025-06-28T15:57:27","slug":"david-abraham-%c2%a7","status":"publish","type":"product","link":"https:\/\/uj.adatbank.ro\/lexikon\/termek\/david-abraham-%c2%a7\/","title":{"rendered":"D\u00c1VID \u00c1brah\u00e1m \u00a7"},"content":{"rendered":"<p>? \u2020\u00a0? : keresked\u0151. \u2013 Sz\u00e1szr\u00e9geni keresked\u0151. \u2013 F\u0151t\u00f6rzs\u0151rmesterk\u00e9nt r\u00e9szt vett az I. vh. (1914. aug. \u2013 18. nov.) harcaiban a 32. gy. -e.-ben olasz- \u00e9s orosz harct\u00e9ren. I. oszt. sz\u00e1mv. \u0151rmester. <strong>Kit\u00fcntet\u00e9sei:<\/strong> Ob., Kor. ez\u00fcst \u00e9s vas \u00e9rdemker, a v. \u00e9. sz., II. o. eml\u00e9k\u00e9rem, K\u00e1roly cs. ker. \u2013 Irod: M. hadviselt zsid\u00f3k; Reghin, militari<\/br><\/p>\n","protected":false},"excerpt":{"rendered":"<p>? \u2020\u00a0? : keresked\u0151. \u2013 Sz\u00e1szr\u00e9geni keresked\u0151. \u2013 F\u0151t\u00f6rzs\u0151rmesterk\u00e9nt r\u00e9szt vett az I. vh. (1914. aug. \u2013 18. nov.) harcaiban a 32. gy. -e.-ben olasz- \u00e9s orosz harct\u00e9ren. I. oszt. sz\u00e1mv. \u0151rmester. Kit\u00fcntet\u00e9sei: Ob., Kor. ez\u00fcst \u00e9s vas \u00e9rdemker, a v. \u00e9. sz., II. o. eml\u00e9k\u00e9rem, K\u00e1roly cs. ker. \u2013 Irod: M. hadviselt zsid\u00f3k; Reghin, [&hellip;]<\/p>\n","protected":false},"featured_media":0,"comment_status":"open","ping_status":"closed","template":"","meta":[],"product_brand":[],"product_cat":[137],"product_tag":[],"class_list":{"0":"post-6578","1":"product","2":"type-product","3":"status-publish","5":"product_cat-maros-megyei-eletrajzi-lexikon","7":"first","8":"instock","9":"shipping-taxable","10":"product-type-simple"},"_links":{"self":[{"href":"https:\/\/uj.adatbank.ro\/lexikon\/wp-json\/wp\/v2\/product\/6578","targetHints":{"allow":["GET"]}}],"collection":[{"href":"https:\/\/uj.adatbank.ro\/lexikon\/wp-json\/wp\/v2\/product"}],"about":[{"href":"https:\/\/uj.adatbank.ro\/lexikon\/wp-json\/wp\/v2\/types\/product"}],"replies":[{"embeddable":true,"href":"https:\/\/uj.adatbank.ro\/lexikon\/wp-json\/wp\/v2\/comments?post=6578"}],"wp:attachment":[{"href":"https:\/\/uj.adatbank.ro\/lexikon\/wp-json\/wp\/v2\/media?parent=6578"}],"wp:term":[{"taxonomy":"product_brand","embeddable":true,"href":"https:\/\/uj.adatbank.ro\/lexikon\/wp-json\/wp\/v2\/product_brand?post=6578"},{"taxonomy":"product_cat","embeddable":true,"href":"https:\/\/uj.adatbank.ro\/lexikon\/wp-json\/wp\/v2\/product_cat?post=6578"},{"taxonomy":"product_tag","embeddable":true,"href":"https:\/\/uj.adatbank.ro\/lexikon\/wp-json\/wp\/v2\/product_tag?post=6578"}],"curies":[{"name":"wp","href":"https:\/\/api.w.org\/{rel}","templated":true}]}}