{"id":6580,"date":"2025-06-28T17:57:33","date_gmt":"2025-06-28T15:57:33","guid":{"rendered":"https:\/\/uj.adatbank.ro\/lexikon\/termek\/david-denes\/"},"modified":"2025-06-28T17:57:33","modified_gmt":"2025-06-28T15:57:33","slug":"david-denes","status":"publish","type":"product","link":"https:\/\/uj.adatbank.ro\/lexikon\/termek\/david-denes\/","title":{"rendered":"D\u00c1VID D\u00e9nes"},"content":{"rendered":"<p>? \u2020\u00a0? : r. k. pap. \u2013 Eheden szolg\u00e1lt t\u00f6bb mint 20 \u00e9vig. A kommunista renszerben t\u00f6bb alkalommal b\u00f6rt\u00f6nbe z\u00e1rt\u00e1k, munkat\u00e1borokba hurcolt\u00e1k. Betegen \u00e9s megt\u00f6rten vonult nyugd\u00edjba (1999\u2013). <br \/><strong>Irod.:<\/strong> Ny\u00e1r\u00e1dmente<\/br><\/p>\n","protected":false},"excerpt":{"rendered":"<p>? \u2020\u00a0? : r. k. pap. \u2013 Eheden szolg\u00e1lt t\u00f6bb mint 20 \u00e9vig. A kommunista renszerben t\u00f6bb alkalommal b\u00f6rt\u00f6nbe z\u00e1rt\u00e1k, munkat\u00e1borokba hurcolt\u00e1k. Betegen \u00e9s megt\u00f6rten vonult nyugd\u00edjba (1999\u2013). Irod.: Ny\u00e1r\u00e1dmente<\/p>\n","protected":false},"featured_media":0,"comment_status":"open","ping_status":"closed","template":"","meta":[],"product_brand":[],"product_cat":[137],"product_tag":[],"class_list":{"0":"post-6580","1":"product","2":"type-product","3":"status-publish","5":"product_cat-maros-megyei-eletrajzi-lexikon","7":"first","8":"instock","9":"shipping-taxable","10":"product-type-simple"},"_links":{"self":[{"href":"https:\/\/uj.adatbank.ro\/lexikon\/wp-json\/wp\/v2\/product\/6580","targetHints":{"allow":["GET"]}}],"collection":[{"href":"https:\/\/uj.adatbank.ro\/lexikon\/wp-json\/wp\/v2\/product"}],"about":[{"href":"https:\/\/uj.adatbank.ro\/lexikon\/wp-json\/wp\/v2\/types\/product"}],"replies":[{"embeddable":true,"href":"https:\/\/uj.adatbank.ro\/lexikon\/wp-json\/wp\/v2\/comments?post=6580"}],"wp:attachment":[{"href":"https:\/\/uj.adatbank.ro\/lexikon\/wp-json\/wp\/v2\/media?parent=6580"}],"wp:term":[{"taxonomy":"product_brand","embeddable":true,"href":"https:\/\/uj.adatbank.ro\/lexikon\/wp-json\/wp\/v2\/product_brand?post=6580"},{"taxonomy":"product_cat","embeddable":true,"href":"https:\/\/uj.adatbank.ro\/lexikon\/wp-json\/wp\/v2\/product_cat?post=6580"},{"taxonomy":"product_tag","embeddable":true,"href":"https:\/\/uj.adatbank.ro\/lexikon\/wp-json\/wp\/v2\/product_tag?post=6580"}],"curies":[{"name":"wp","href":"https:\/\/api.w.org\/{rel}","templated":true}]}}