{"id":6581,"date":"2025-06-28T17:57:35","date_gmt":"2025-06-28T15:57:35","guid":{"rendered":"https:\/\/uj.adatbank.ro\/lexikon\/termek\/david-farkas\/"},"modified":"2025-06-28T17:57:35","modified_gmt":"2025-06-28T15:57:35","slug":"david-farkas","status":"publish","type":"product","link":"https:\/\/uj.adatbank.ro\/lexikon\/termek\/david-farkas\/","title":{"rendered":"D\u00c1VID Farkas"},"content":{"rendered":"<p>? \u2020\u00a0? : tan\u00edt\u00f3. \u2013 A p\u00f3kai g\u00f6r. kat. n\u00e9piskola els\u0151 iskolamestere (1896). Puszta-Alm\u00e1sr\u00f3l j\u00e1rt P\u00f3k\u00e1ba tan\u00edtani. <br \/><strong>Irod.:<\/strong> Sz\u00f6ll\u0151si \u00c1rp\u00e1d: \u00d6tven\u00e9ves templomszentel\u00e9si megeml\u00e9kez\u00e9s P\u00f3k\u00e1ban (N\u00fa., 1998. okt. 30.)<\/br><\/p>\n","protected":false},"excerpt":{"rendered":"<p>? \u2020\u00a0? : tan\u00edt\u00f3. \u2013 A p\u00f3kai g\u00f6r. kat. n\u00e9piskola els\u0151 iskolamestere (1896). Puszta-Alm\u00e1sr\u00f3l j\u00e1rt P\u00f3k\u00e1ba tan\u00edtani. Irod.: Sz\u00f6ll\u0151si \u00c1rp\u00e1d: \u00d6tven\u00e9ves templomszentel\u00e9si megeml\u00e9kez\u00e9s P\u00f3k\u00e1ban (N\u00fa., 1998. okt. 30.)<\/p>\n","protected":false},"featured_media":0,"comment_status":"open","ping_status":"closed","template":"","meta":[],"product_brand":[],"product_cat":[137],"product_tag":[],"class_list":{"0":"post-6581","1":"product","2":"type-product","3":"status-publish","5":"product_cat-maros-megyei-eletrajzi-lexikon","7":"first","8":"instock","9":"shipping-taxable","10":"product-type-simple"},"_links":{"self":[{"href":"https:\/\/uj.adatbank.ro\/lexikon\/wp-json\/wp\/v2\/product\/6581","targetHints":{"allow":["GET"]}}],"collection":[{"href":"https:\/\/uj.adatbank.ro\/lexikon\/wp-json\/wp\/v2\/product"}],"about":[{"href":"https:\/\/uj.adatbank.ro\/lexikon\/wp-json\/wp\/v2\/types\/product"}],"replies":[{"embeddable":true,"href":"https:\/\/uj.adatbank.ro\/lexikon\/wp-json\/wp\/v2\/comments?post=6581"}],"wp:attachment":[{"href":"https:\/\/uj.adatbank.ro\/lexikon\/wp-json\/wp\/v2\/media?parent=6581"}],"wp:term":[{"taxonomy":"product_brand","embeddable":true,"href":"https:\/\/uj.adatbank.ro\/lexikon\/wp-json\/wp\/v2\/product_brand?post=6581"},{"taxonomy":"product_cat","embeddable":true,"href":"https:\/\/uj.adatbank.ro\/lexikon\/wp-json\/wp\/v2\/product_cat?post=6581"},{"taxonomy":"product_tag","embeddable":true,"href":"https:\/\/uj.adatbank.ro\/lexikon\/wp-json\/wp\/v2\/product_tag?post=6581"}],"curies":[{"name":"wp","href":"https:\/\/api.w.org\/{rel}","templated":true}]}}