{"id":6584,"date":"2025-06-28T17:57:39","date_gmt":"2025-06-28T15:57:39","guid":{"rendered":"https:\/\/uj.adatbank.ro\/lexikon\/termek\/david-gyozo-%c2%a7\/"},"modified":"2025-06-28T17:57:39","modified_gmt":"2025-06-28T15:57:39","slug":"david-gyozo-%c2%a7","status":"publish","type":"product","link":"https:\/\/uj.adatbank.ro\/lexikon\/termek\/david-gyozo-%c2%a7\/","title":{"rendered":"D\u00c1VID Gy\u0151z\u0151 \u00a7"},"content":{"rendered":"<p>Mv., 1921. m\u00e1rc. 21., \u2020 Bp., 1997. okt. 14.: z\u00e1szl\u00f3s. \u2013 A II. vh.-ban tart. z\u00e1szl\u00f3si rangban vett r\u00e9szt. Szovjet hadifogs\u00e1gba esett (1945. m\u00e1j.), ahonnan 1946-ban hazaker\u00fclt. <br \/><strong>Irod.:<\/strong> Berekm\u00e9ri; [Nekrol\u00f3g] (N\u00fa., 1997. okt. 22.)<\/br><\/p>\n","protected":false},"excerpt":{"rendered":"<p>Mv., 1921. m\u00e1rc. 21., \u2020 Bp., 1997. okt. 14.: z\u00e1szl\u00f3s. \u2013 A II. vh.-ban tart. z\u00e1szl\u00f3si rangban vett r\u00e9szt. Szovjet hadifogs\u00e1gba esett (1945. m\u00e1j.), ahonnan 1946-ban hazaker\u00fclt. Irod.: Berekm\u00e9ri; [Nekrol\u00f3g] (N\u00fa., 1997. okt. 22.)<\/p>\n","protected":false},"featured_media":0,"comment_status":"open","ping_status":"closed","template":"","meta":[],"product_brand":[],"product_cat":[137],"product_tag":[],"class_list":{"0":"post-6584","1":"product","2":"type-product","3":"status-publish","5":"product_cat-maros-megyei-eletrajzi-lexikon","7":"first","8":"instock","9":"shipping-taxable","10":"product-type-simple"},"_links":{"self":[{"href":"https:\/\/uj.adatbank.ro\/lexikon\/wp-json\/wp\/v2\/product\/6584","targetHints":{"allow":["GET"]}}],"collection":[{"href":"https:\/\/uj.adatbank.ro\/lexikon\/wp-json\/wp\/v2\/product"}],"about":[{"href":"https:\/\/uj.adatbank.ro\/lexikon\/wp-json\/wp\/v2\/types\/product"}],"replies":[{"embeddable":true,"href":"https:\/\/uj.adatbank.ro\/lexikon\/wp-json\/wp\/v2\/comments?post=6584"}],"wp:attachment":[{"href":"https:\/\/uj.adatbank.ro\/lexikon\/wp-json\/wp\/v2\/media?parent=6584"}],"wp:term":[{"taxonomy":"product_brand","embeddable":true,"href":"https:\/\/uj.adatbank.ro\/lexikon\/wp-json\/wp\/v2\/product_brand?post=6584"},{"taxonomy":"product_cat","embeddable":true,"href":"https:\/\/uj.adatbank.ro\/lexikon\/wp-json\/wp\/v2\/product_cat?post=6584"},{"taxonomy":"product_tag","embeddable":true,"href":"https:\/\/uj.adatbank.ro\/lexikon\/wp-json\/wp\/v2\/product_tag?post=6584"}],"curies":[{"name":"wp","href":"https:\/\/api.w.org\/{rel}","templated":true}]}}