{"id":6588,"date":"2025-06-28T17:57:47","date_gmt":"2025-06-28T15:57:47","guid":{"rendered":"https:\/\/uj.adatbank.ro\/lexikon\/termek\/david-janos\/"},"modified":"2025-06-28T17:57:47","modified_gmt":"2025-06-28T15:57:47","slug":"david-janos","status":"publish","type":"product","link":"https:\/\/uj.adatbank.ro\/lexikon\/termek\/david-janos\/","title":{"rendered":"D\u00c1VID J\u00e1nos"},"content":{"rendered":"<p>? \u2020\u00a0? : ref. lelk\u00e9sz. \u2013 A mv.-i V\u00e1rtemplom lelk\u00e9sze (1660\u2013). <br \/><strong>Irod.:<\/strong> V\u00e1rtemplomi lelk\u00e9szek n\u00e9vsora, 1571\u20132000 (\u00daj Kezdet, 2. sz., 2000)<\/br><\/p>\n","protected":false},"excerpt":{"rendered":"<p>? \u2020\u00a0? : ref. lelk\u00e9sz. \u2013 A mv.-i V\u00e1rtemplom lelk\u00e9sze (1660\u2013). Irod.: V\u00e1rtemplomi lelk\u00e9szek n\u00e9vsora, 1571\u20132000 (\u00daj Kezdet, 2. sz., 2000)<\/p>\n","protected":false},"featured_media":0,"comment_status":"open","ping_status":"closed","template":"","meta":[],"product_brand":[],"product_cat":[137],"product_tag":[],"class_list":{"0":"post-6588","1":"product","2":"type-product","3":"status-publish","5":"product_cat-maros-megyei-eletrajzi-lexikon","7":"first","8":"instock","9":"shipping-taxable","10":"product-type-simple"},"_links":{"self":[{"href":"https:\/\/uj.adatbank.ro\/lexikon\/wp-json\/wp\/v2\/product\/6588","targetHints":{"allow":["GET"]}}],"collection":[{"href":"https:\/\/uj.adatbank.ro\/lexikon\/wp-json\/wp\/v2\/product"}],"about":[{"href":"https:\/\/uj.adatbank.ro\/lexikon\/wp-json\/wp\/v2\/types\/product"}],"replies":[{"embeddable":true,"href":"https:\/\/uj.adatbank.ro\/lexikon\/wp-json\/wp\/v2\/comments?post=6588"}],"wp:attachment":[{"href":"https:\/\/uj.adatbank.ro\/lexikon\/wp-json\/wp\/v2\/media?parent=6588"}],"wp:term":[{"taxonomy":"product_brand","embeddable":true,"href":"https:\/\/uj.adatbank.ro\/lexikon\/wp-json\/wp\/v2\/product_brand?post=6588"},{"taxonomy":"product_cat","embeddable":true,"href":"https:\/\/uj.adatbank.ro\/lexikon\/wp-json\/wp\/v2\/product_cat?post=6588"},{"taxonomy":"product_tag","embeddable":true,"href":"https:\/\/uj.adatbank.ro\/lexikon\/wp-json\/wp\/v2\/product_tag?post=6588"}],"curies":[{"name":"wp","href":"https:\/\/api.w.org\/{rel}","templated":true}]}}