{"id":6595,"date":"2025-06-28T17:58:02","date_gmt":"2025-06-28T15:58:02","guid":{"rendered":"https:\/\/uj.adatbank.ro\/lexikon\/termek\/david-odon\/"},"modified":"2025-06-28T17:58:02","modified_gmt":"2025-06-28T15:58:02","slug":"david-odon","status":"publish","type":"product","link":"https:\/\/uj.adatbank.ro\/lexikon\/termek\/david-odon\/","title":{"rendered":"D\u00c1VID \u00d6d\u00f6n"},"content":{"rendered":"<p>1916., \u2020\u00a02000: ref. lelk\u00e9sz. \u2013 Seg\u00e9dlelk\u00e9z Borsa gy\u00fclekezet\u00e9ben (1941), majd Mv.-en, Mez\u0151cs\u00e1v\u00e1son, Buk.-ben a magyar k\u00f6z\u00f6ss\u00e9gi lelkip\u00e1sztor (1946\u2013), ekkor megv\u00e1lasztott\u00e1k a marosh\u00e9v\u00edzi gy\u00fclekezetbe (1946\u201363). <br \/><strong>Irod.:<\/strong> Cs\u00e1ky<\/br><\/p>\n","protected":false},"excerpt":{"rendered":"<p>1916., \u2020\u00a02000: ref. lelk\u00e9sz. \u2013 Seg\u00e9dlelk\u00e9z Borsa gy\u00fclekezet\u00e9ben (1941), majd Mv.-en, Mez\u0151cs\u00e1v\u00e1son, Buk.-ben a magyar k\u00f6z\u00f6ss\u00e9gi lelkip\u00e1sztor (1946\u2013), ekkor megv\u00e1lasztott\u00e1k a marosh\u00e9v\u00edzi gy\u00fclekezetbe (1946\u201363). Irod.: Cs\u00e1ky<\/p>\n","protected":false},"featured_media":0,"comment_status":"open","ping_status":"closed","template":"","meta":[],"product_brand":[],"product_cat":[137],"product_tag":[],"class_list":{"0":"post-6595","1":"product","2":"type-product","3":"status-publish","5":"product_cat-maros-megyei-eletrajzi-lexikon","7":"first","8":"instock","9":"shipping-taxable","10":"product-type-simple"},"_links":{"self":[{"href":"https:\/\/uj.adatbank.ro\/lexikon\/wp-json\/wp\/v2\/product\/6595","targetHints":{"allow":["GET"]}}],"collection":[{"href":"https:\/\/uj.adatbank.ro\/lexikon\/wp-json\/wp\/v2\/product"}],"about":[{"href":"https:\/\/uj.adatbank.ro\/lexikon\/wp-json\/wp\/v2\/types\/product"}],"replies":[{"embeddable":true,"href":"https:\/\/uj.adatbank.ro\/lexikon\/wp-json\/wp\/v2\/comments?post=6595"}],"wp:attachment":[{"href":"https:\/\/uj.adatbank.ro\/lexikon\/wp-json\/wp\/v2\/media?parent=6595"}],"wp:term":[{"taxonomy":"product_brand","embeddable":true,"href":"https:\/\/uj.adatbank.ro\/lexikon\/wp-json\/wp\/v2\/product_brand?post=6595"},{"taxonomy":"product_cat","embeddable":true,"href":"https:\/\/uj.adatbank.ro\/lexikon\/wp-json\/wp\/v2\/product_cat?post=6595"},{"taxonomy":"product_tag","embeddable":true,"href":"https:\/\/uj.adatbank.ro\/lexikon\/wp-json\/wp\/v2\/product_tag?post=6595"}],"curies":[{"name":"wp","href":"https:\/\/api.w.org\/{rel}","templated":true}]}}