{"id":6596,"date":"2025-06-28T17:58:05","date_gmt":"2025-06-28T15:58:05","guid":{"rendered":"https:\/\/uj.adatbank.ro\/lexikon\/termek\/david-sandor\/"},"modified":"2025-06-28T17:58:05","modified_gmt":"2025-06-28T15:58:05","slug":"david-sandor","status":"publish","type":"product","link":"https:\/\/uj.adatbank.ro\/lexikon\/termek\/david-sandor\/","title":{"rendered":"D\u00c1VID S\u00e1ndor"},"content":{"rendered":"<p>Bordos, 1851. dec. 7., \u2020 1903. nov. 29.: r. k. pap. \u2013 Mv.-en, Kv.-on, Brass\u00f3ban v\u00e9gezte a gimn. -ot, \u00e9s a teol\u00f3giai tanulm\u00e1nyait Gyulafeh\u00e9rv\u00e1ron. Papp\u00e1 szentelt\u00e9k (1878. dec. 31.). K\u00e1pl\u00e1n Cs\u00edkszentsimon-Csat\u00f3szegen, K\u00e9zdiszentkereszten (1880), lelkip\u00e1sztor Mik\u00f3\u00fajfaluban (1882), Csics\u00f3kereszt\u00faron (1885). <br \/><strong>Irod.:<\/strong> Ferenczi S\u00e1ndor 2009<\/br><\/p>\n","protected":false},"excerpt":{"rendered":"<p>Bordos, 1851. dec. 7., \u2020 1903. nov. 29.: r. k. pap. \u2013 Mv.-en, Kv.-on, Brass\u00f3ban v\u00e9gezte a gimn. -ot, \u00e9s a teol\u00f3giai tanulm\u00e1nyait Gyulafeh\u00e9rv\u00e1ron. Papp\u00e1 szentelt\u00e9k (1878. dec. 31.). K\u00e1pl\u00e1n Cs\u00edkszentsimon-Csat\u00f3szegen, K\u00e9zdiszentkereszten (1880), lelkip\u00e1sztor Mik\u00f3\u00fajfaluban (1882), Csics\u00f3kereszt\u00faron (1885). Irod.: Ferenczi S\u00e1ndor 2009<\/p>\n","protected":false},"featured_media":0,"comment_status":"open","ping_status":"closed","template":"","meta":[],"product_brand":[],"product_cat":[137],"product_tag":[],"class_list":{"0":"post-6596","1":"product","2":"type-product","3":"status-publish","5":"product_cat-maros-megyei-eletrajzi-lexikon","7":"first","8":"instock","9":"shipping-taxable","10":"product-type-simple"},"_links":{"self":[{"href":"https:\/\/uj.adatbank.ro\/lexikon\/wp-json\/wp\/v2\/product\/6596","targetHints":{"allow":["GET"]}}],"collection":[{"href":"https:\/\/uj.adatbank.ro\/lexikon\/wp-json\/wp\/v2\/product"}],"about":[{"href":"https:\/\/uj.adatbank.ro\/lexikon\/wp-json\/wp\/v2\/types\/product"}],"replies":[{"embeddable":true,"href":"https:\/\/uj.adatbank.ro\/lexikon\/wp-json\/wp\/v2\/comments?post=6596"}],"wp:attachment":[{"href":"https:\/\/uj.adatbank.ro\/lexikon\/wp-json\/wp\/v2\/media?parent=6596"}],"wp:term":[{"taxonomy":"product_brand","embeddable":true,"href":"https:\/\/uj.adatbank.ro\/lexikon\/wp-json\/wp\/v2\/product_brand?post=6596"},{"taxonomy":"product_cat","embeddable":true,"href":"https:\/\/uj.adatbank.ro\/lexikon\/wp-json\/wp\/v2\/product_cat?post=6596"},{"taxonomy":"product_tag","embeddable":true,"href":"https:\/\/uj.adatbank.ro\/lexikon\/wp-json\/wp\/v2\/product_tag?post=6596"}],"curies":[{"name":"wp","href":"https:\/\/api.w.org\/{rel}","templated":true}]}}